{"id":109,"date":"2015-07-21T19:24:44","date_gmt":"2015-07-21T19:24:44","guid":{"rendered":"http:\/\/www2.unifap.br\/sipli-norte\/?page_id=109"},"modified":"2015-09-28T22:16:19","modified_gmt":"2015-09-28T22:16:19","slug":"minicursos","status":"publish","type":"page","link":"https:\/\/www2.unifap.br\/sipli-norte\/inscricoes\/minicursos\/","title":{"rendered":"Minicursos"},"content":{"rendered":"<p><span style=\"color: #800000\">Os interessados em participar dos minicursos oferecidos no I SIPLI-Norte devem preencher o formul\u00e1rio anexo e envi\u00e1-lo para o e-mail do I SIPLI-Norte (sipli.norte@gmail.com). Ap\u00f3s o envio do formul\u00e1rio, ser\u00e3o informados os dados para a realiza\u00e7\u00e3o do pagamento. Para cada minicurso o investimento \u00e9 de R$ 50,00.<\/span><\/p>\n<p><a title=\"Formulario - Minicurso\" href=\"https:\/\/onedrive.live.com\/redir?resid=8540382B98EFB944!49054&amp;authkey=!ADZCRN6EX9bMimI&amp;ithint=file%2cdocx\" target=\"_blank\">Formul\u00e1rio de Inscri\u00e7\u00e3o<\/a><\/p>\n","protected":false},"excerpt":{"rendered":"<p>Os interessados em participar dos minicursos oferecidos no I SIPLI-Norte devem preencher o formul\u00e1rio anexo e envi\u00e1-lo para o e-mail do I SIPLI-Norte (sipli.norte@gmail.com). Ap\u00f3s o envio do formul\u00e1rio, ser\u00e3o informados os dados para a realiza\u00e7\u00e3o do pagamento. Para cada&hellip; <\/p>\n<p><a href=\"https:\/\/www2.unifap.br\/sipli-norte\/inscricoes\/minicursos\/\" class=\"readmore-button\">Continue Reading<\/a><\/p>\n","protected":false},"author":786,"featured_media":0,"parent":89,"menu_order":1,"comment_status":"closed","ping_status":"closed","template":"","meta":{"inline_featured_image":false,"ngg_post_thumbnail":0,"footnotes":""},"class_list":["post-109","page","type-page","status-publish","hentry"],"_links":{"self":[{"href":"https:\/\/www2.unifap.br\/sipli-norte\/wp-json\/wp\/v2\/pages\/109","targetHints":{"allow":["GET"]}}],"collection":[{"href":"https:\/\/www2.unifap.br\/sipli-norte\/wp-json\/wp\/v2\/pages"}],"about":[{"href":"https:\/\/www2.unifap.br\/sipli-norte\/wp-json\/wp\/v2\/types\/page"}],"author":[{"embeddable":true,"href":"https:\/\/www2.unifap.br\/sipli-norte\/wp-json\/wp\/v2\/users\/786"}],"replies":[{"embeddable":true,"href":"https:\/\/www2.unifap.br\/sipli-norte\/wp-json\/wp\/v2\/comments?post=109"}],"version-history":[{"count":3,"href":"https:\/\/www2.unifap.br\/sipli-norte\/wp-json\/wp\/v2\/pages\/109\/revisions"}],"predecessor-version":[{"id":175,"href":"https:\/\/www2.unifap.br\/sipli-norte\/wp-json\/wp\/v2\/pages\/109\/revisions\/175"}],"up":[{"embeddable":true,"href":"https:\/\/www2.unifap.br\/sipli-norte\/wp-json\/wp\/v2\/pages\/89"}],"wp:attachment":[{"href":"https:\/\/www2.unifap.br\/sipli-norte\/wp-json\/wp\/v2\/media?parent=109"}],"curies":[{"name":"wp","href":"https:\/\/api.w.org\/{rel}","templated":true}]}}