{"id":115,"date":"2015-07-21T19:40:05","date_gmt":"2015-07-21T19:40:05","guid":{"rendered":"http:\/\/www2.unifap.br\/sipli-norte\/?page_id=115"},"modified":"2015-09-28T22:16:25","modified_gmt":"2015-09-28T22:16:25","slug":"datas-importantes","status":"publish","type":"page","link":"https:\/\/www2.unifap.br\/sipli-norte\/inscricoes\/datas-importantes\/","title":{"rendered":"Datas Importantes"},"content":{"rendered":"<p dir=\"ltr\"><strong><span style=\"color: #800000\">Datas importantes<\/span><\/strong><\/p>\n<ul>\n<li><strong><span style=\"color: #800000\">Envio dos resumos: <em>at\u00e9 30 de junho de 2015<\/em><\/span><\/strong><\/li>\n<li><strong><span style=\"color: #800000\">Carta de Aceite: <em>20 de julho de 2015<\/em><\/span><\/strong><\/li>\n<li><strong><span style=\"color: #800000\">Inscri\u00e7\u00e3o e pagamento de inscri\u00e7\u00e3o: <em>at\u00e9 20 de agosto 2015 (Comunica\u00e7\u00e3o e Poster)<\/em><\/span><\/strong><\/li>\n<li><strong><span style=\"color: #800000\">Inscri\u00e7\u00e3o de ouvintes: <em>at\u00e9 o 1\u00ba dia de atividades<\/em><\/span><\/strong><\/li>\n<li><strong><span style=\"color: #800000\">Inscri\u00e7\u00e3o em minicursos: <em>a partir de 20 de agosto<\/em><\/span><\/strong><\/li>\n<\/ul>\n","protected":false},"excerpt":{"rendered":"<p>Datas importantes Envio dos resumos: at\u00e9 30 de junho de 2015 Carta de Aceite: 20 de julho de 2015 Inscri\u00e7\u00e3o e pagamento de inscri\u00e7\u00e3o: at\u00e9 20 de agosto 2015 (Comunica\u00e7\u00e3o e Poster) Inscri\u00e7\u00e3o de ouvintes: at\u00e9 o 1\u00ba dia de&hellip; <\/p>\n<p><a href=\"https:\/\/www2.unifap.br\/sipli-norte\/inscricoes\/datas-importantes\/\" class=\"readmore-button\">Continue Reading<\/a><\/p>\n","protected":false},"author":786,"featured_media":0,"parent":89,"menu_order":3,"comment_status":"closed","ping_status":"closed","template":"","meta":{"inline_featured_image":false,"ngg_post_thumbnail":0,"footnotes":""},"class_list":["post-115","page","type-page","status-publish","hentry"],"_links":{"self":[{"href":"https:\/\/www2.unifap.br\/sipli-norte\/wp-json\/wp\/v2\/pages\/115","targetHints":{"allow":["GET"]}}],"collection":[{"href":"https:\/\/www2.unifap.br\/sipli-norte\/wp-json\/wp\/v2\/pages"}],"about":[{"href":"https:\/\/www2.unifap.br\/sipli-norte\/wp-json\/wp\/v2\/types\/page"}],"author":[{"embeddable":true,"href":"https:\/\/www2.unifap.br\/sipli-norte\/wp-json\/wp\/v2\/users\/786"}],"replies":[{"embeddable":true,"href":"https:\/\/www2.unifap.br\/sipli-norte\/wp-json\/wp\/v2\/comments?post=115"}],"version-history":[{"count":3,"href":"https:\/\/www2.unifap.br\/sipli-norte\/wp-json\/wp\/v2\/pages\/115\/revisions"}],"predecessor-version":[{"id":122,"href":"https:\/\/www2.unifap.br\/sipli-norte\/wp-json\/wp\/v2\/pages\/115\/revisions\/122"}],"up":[{"embeddable":true,"href":"https:\/\/www2.unifap.br\/sipli-norte\/wp-json\/wp\/v2\/pages\/89"}],"wp:attachment":[{"href":"https:\/\/www2.unifap.br\/sipli-norte\/wp-json\/wp\/v2\/media?parent=115"}],"curies":[{"name":"wp","href":"https:\/\/api.w.org\/{rel}","templated":true}]}}