{"id":132,"date":"2015-08-17T18:39:58","date_gmt":"2015-08-17T18:39:58","guid":{"rendered":"http:\/\/www2.unifap.br\/sipli-norte\/?page_id=132"},"modified":"2015-09-28T20:47:45","modified_gmt":"2015-09-28T20:47:45","slug":"hospedagem","status":"publish","type":"page","link":"https:\/\/www2.unifap.br\/sipli-norte\/macapa-2\/hospedagem\/","title":{"rendered":"Hospedagem"},"content":{"rendered":"<p>Lista dos principais hot\u00e9is de Macap\u00e1<\/p>\n<p><strong style=\"line-height: 1.5em\">Hotel Ibis Macap\u00e1<\/strong><\/p>\n<p style=\"padding-left: 60px\">Endere\u00e7o:\u00a0Rua Tiradentes 303 &#8211; Centro, Macap\u00e1, 68900-098, Brasil<br \/>\nTelefone:+55 96 2101-9050<br \/>\nSite:<a href=\"http:\/\/www.accorhotels.com\/pt\/hotel-6349-ibis-macapa\/index.shtml\"> http:\/\/www.accorhotels.com\/pt\/hotel-6349-ibis-macapa\/index.shtml<\/a><br \/>\n<a href=\"http:\/\/www.ibis.com\/pt-br\/hotel-6349-ibis-macapa\/index.shtml\">http:\/\/www.ibis.com\/pt-br\/hotel-6349-ibis-macapa\/index.shtml<\/a><\/p>\n<p><strong>Magnus Plaza Hotel<\/strong><\/p>\n<p style=\"padding-left: 60px\"><strong><\/strong>Endere\u00e7o:\u00a0R. S\u00e3o Jos\u00e9, 1689 &#8211; Central, Macap\u00e1 &#8211; AP, 68908-110, Brasil<br \/>\nTelefone:+55 96 3223-2202<br \/>\nSite: <a href=\"http:\/\/www.ibis.com\/pt-br\/hotel-6349-ibis-macapa\/index.shtml\">http:\/\/www.magnusplazahotel.com.br\/<\/a><\/p>\n<p><strong>Hotel Do Forte<\/strong><\/p>\n<p style=\"padding-left: 60px\">Endere\u00e7o: Rua Beira Rio, 248 &#8211; Centro, Macap\u00e1 &#8211; AP, 68901-470, Brasil<br \/>\nTelefone:+55 96 3223-2855<br \/>\nSite: <a href=\"http:\/\/www.hoteldoforte.com\/\">http:\/\/www.hoteldoforte.com\/<\/a><\/p>\n<p><strong>Hotel Amazon Plaza<\/strong><\/p>\n<p style=\"padding-left: 60px\">Endere\u00e7o: Rua Beira Rio, 208, 68901-470, Brasil<br \/>\nTelefone: +55 96 3217-7030<br \/>\nSite:\u00a0<a href=\"http:\/\/www.hoteldoforte.com\/\">http:\/\/www.amazonplazahotel.com\/<\/a><\/p>\n<p><strong style=\"line-height: 1.5em\">Hotel Rio Mar<\/strong><\/p>\n<p style=\"padding-left: 60px\">Endere\u00e7o: Rua Eli\u00e9zer Levy, 2109 &#8211; Centro, Macap\u00e1 &#8211; AP, 68900-083<br \/>\nTelefone:(96) 3223-4042<br \/>\nSite:<a href=\"http:\/\/hotelriomar-ap.com.br\/hotel\/\"> http:\/\/hotelriomar-ap.com.br\/hotel\/<\/a><\/p>\n<p><strong>Atalanta Hotel<\/strong><\/p>\n<p style=\"padding-left: 60px\">Endere\u00e7o: Avenida Coaraci Nunes, 1148 &#8211; Centro, Macap\u00e1 &#8211; AP, 68900-010, Brasil<br \/>\nTelefone:+55 96 3223-1612<br \/>\nSite:<a href=\"http:\/\/www.atalantahotel.com.br\/\"> http:\/\/www.atalantahotel.com.br\/<\/a><\/p>\n<p><strong style=\"line-height: 1.5em\">San Marino Hotel<\/strong><\/p>\n<p style=\"padding-left: 60px\">Endere\u00e7o: Av. Marc\u00edlio Dias, 1395 &#8211; Juli\u00e3o Ramos, Macap\u00e1 &#8211; AP, 68908-124, Brasil<br \/>\nTelefone:+55 96 3223-1522<br \/>\nSite: n\u00e3o dispon\u00edvel<\/p>\n<p><strong>Milano Hotel<\/strong><\/p>\n<p style=\"padding-left: 60px\">Endere\u00e7o: R. Raimundo Q Souza &#8211; Central, AP, 68900-065, Brasil<br \/>\nTelefone:+55 96 3223-6699<br \/>\nSite : n\u00e3o dispon\u00edvel<\/p>\n<p><strong>Frota Palace Hotel<\/strong><\/p>\n<p style=\"padding-left: 60px\">Endere\u00e7o: Macap\u00e1 &#8211; AP, 68900-098, Brasil<br \/>\nTelefone:+55 96 2101-3999<br \/>\nSite:<a href=\"http:\/\/www.atalantahotel.com.br\/\"> http:\/\/www.hotelfrota.com.br\/<\/a><\/p>\n<p><strong>Hotel JK<\/strong><\/p>\n<p style=\"padding-left: 60px\">Endere\u00e7o:\u00a0Rua Tiradentes, 1273 &#8211; Centro, Macap\u00e1 &#8211; AP, 68900-120, Brasil<br \/>\nTelefone:+55 96 3251-7905<br \/>\nSite: n\u00e3o dispon\u00edvel<\/p>\n<p><strong style=\"line-height: 1.5em\">Hotel Gl\u00f3ria<\/strong><\/p>\n<p style=\"padding-left: 60px\">Endere\u00e7o:\u00a0Rua Leopoldo Machado, 2085 &#8211; Centro, Macap\u00e1 &#8211; AP, 68906-430<br \/>\nTelefone:(96) 3222-0984<br \/>\nSite: n\u00e3o dispon\u00edvel<\/p>\n<p><strong>Centro Hotel<\/strong><\/p>\n<p style=\"padding-left: 60px\">Endere\u00e7o:\u00a0Rua Tiradente 25, Centro, Macap\u00e1 &#8211; AP, 68908-720<br \/>\nTelefone:(96) 3217-2231<\/p>\n<p><strong>Equatorial Hotel<\/strong><\/p>\n<p style=\"padding-left: 60px\">Endere\u00e7o: Av. Mendon\u00e7a Furtado, 1415, Macap\u00e1 &#8211; AP, 68900-060<br \/>\nTelefone:(96) 98124-0885<br \/>\nSite: <a href=\"https:\/\/hochiminhcity.equatorial.com\/\">https:\/\/hochiminhcity.equatorial.com\/<\/a><\/p>\n<p><strong style=\"line-height: 1.5em\">Hotel Macapab\u00e1<\/strong><\/p>\n<p style=\"padding-left: 60px\">Endere\u00e7o: Av. Ernestino Borges, 39 &#8211; Central, Macap\u00e1 &#8211; AP, 68908-198<br \/>\nTelefone:(96) 3217-2578<br \/>\nSite:<a href=\"http:\/\/macapabahotel.amawebs.com\/\"> http:\/\/macapabahotel.amawebs.com\/<\/a><\/p>\n<p><strong>Amap\u00e1 Hotel<\/strong><\/p>\n<p style=\"padding-left: 60px\">Endere\u00e7o: Av. Professora Cora de Carvalho, 1280 &#8211; Centro, Macap\u00e1 &#8211; AP, 68900-040<br \/>\nTelefone:(96) 3225-1300<br \/>\nSite: n\u00e3o dispon\u00edvel<\/p>\n<p><strong>Hotel Amazonas<\/strong><\/p>\n<p style=\"padding-left: 60px\">Endere\u00e7o: R. Tiradentes, 755 &#8211; Central, Macap\u00e1 &#8211; AP, 68900-098<br \/>\nTelefone:(96) 3225-4386<br \/>\nSite: n\u00e3o dispon\u00edvel<\/p>\n<p><strong>Hotel Am\u00e9rica Novo Mundo<\/strong><\/p>\n<p style=\"padding-left: 60px\">Endere\u00e7o: Avenida Comandante Coaracy Nunes, 333 &#8211; Centro, Macap\u00e1 &#8211; AP, 68900-010<br \/>\nTelefone:(96) 3223-2819<br \/>\nSite: n\u00e3o dispon\u00edvel<\/p>\n<p><strong>Pousada Ekinox<\/strong><\/p>\n<p style=\"padding-left: 60px\">Endere\u00e7o: R. Jovino Dino\u00e1, 1693, Macap\u00e1 &#8211; AP, 68900-075<br \/>\nTelefone:(96) 3223-0086<br \/>\nSite: n\u00e3o dispon\u00edvel<\/p>\n","protected":false},"excerpt":{"rendered":"<p>Lista dos principais hot\u00e9is de Macap\u00e1 Hotel Ibis Macap\u00e1 Endere\u00e7o:\u00a0Rua Tiradentes 303 &#8211; Centro, Macap\u00e1, 68900-098, Brasil Telefone:+55 96 2101-9050 Site: http:\/\/www.accorhotels.com\/pt\/hotel-6349-ibis-macapa\/index.shtml http:\/\/www.ibis.com\/pt-br\/hotel-6349-ibis-macapa\/index.shtml Magnus Plaza Hotel Endere\u00e7o:\u00a0R. S\u00e3o Jos\u00e9, 1689 &#8211; Central, Macap\u00e1 &#8211; AP, 68908-110, Brasil Telefone:+55 96 3223-2202&hellip; <\/p>\n<p><a href=\"https:\/\/www2.unifap.br\/sipli-norte\/macapa-2\/hospedagem\/\" class=\"readmore-button\">Continue Reading<\/a><\/p>\n","protected":false},"author":786,"featured_media":0,"parent":34,"menu_order":10,"comment_status":"closed","ping_status":"closed","template":"","meta":{"inline_featured_image":false,"ngg_post_thumbnail":0,"footnotes":""},"class_list":["post-132","page","type-page","status-publish","hentry"],"_links":{"self":[{"href":"https:\/\/www2.unifap.br\/sipli-norte\/wp-json\/wp\/v2\/pages\/132","targetHints":{"allow":["GET"]}}],"collection":[{"href":"https:\/\/www2.unifap.br\/sipli-norte\/wp-json\/wp\/v2\/pages"}],"about":[{"href":"https:\/\/www2.unifap.br\/sipli-norte\/wp-json\/wp\/v2\/types\/page"}],"author":[{"embeddable":true,"href":"https:\/\/www2.unifap.br\/sipli-norte\/wp-json\/wp\/v2\/users\/786"}],"replies":[{"embeddable":true,"href":"https:\/\/www2.unifap.br\/sipli-norte\/wp-json\/wp\/v2\/comments?post=132"}],"version-history":[{"count":5,"href":"https:\/\/www2.unifap.br\/sipli-norte\/wp-json\/wp\/v2\/pages\/132\/revisions"}],"predecessor-version":[{"id":134,"href":"https:\/\/www2.unifap.br\/sipli-norte\/wp-json\/wp\/v2\/pages\/132\/revisions\/134"}],"up":[{"embeddable":true,"href":"https:\/\/www2.unifap.br\/sipli-norte\/wp-json\/wp\/v2\/pages\/34"}],"wp:attachment":[{"href":"https:\/\/www2.unifap.br\/sipli-norte\/wp-json\/wp\/v2\/media?parent=132"}],"curies":[{"name":"wp","href":"https:\/\/api.w.org\/{rel}","templated":true}]}}