{"id":146,"date":"2015-09-28T20:46:36","date_gmt":"2015-09-28T20:46:36","guid":{"rendered":"http:\/\/www2.unifap.br\/sipli-norte\/?page_id=146"},"modified":"2015-09-28T22:14:49","modified_gmt":"2015-09-28T22:14:49","slug":"minicursos","status":"publish","type":"page","link":"https:\/\/www2.unifap.br\/sipli-norte\/minicursos\/","title":{"rendered":"Minicursos"},"content":{"rendered":"<p>Os interessados em participar dos minicursos oferecidos no I SIPLI-Norte devem preencher o formul\u00e1rio anexo e envi\u00e1-lo para o e-mail do I SIPLI-Norte (sipli.norte@gmail.com). Ap\u00f3s o envio do formul\u00e1rio, ser\u00e3o informados os dados para a realiza\u00e7\u00e3o do pagamento. Para cada minicurso o investimento \u00e9 de R$ 50,00.<\/p>\n<p><a title=\"Formulario - Minicurso\" href=\"https:\/\/onedrive.live.com\/redir?resid=8540382B98EFB944!49054&amp;authkey=!ADZCRN6EX9bMimI&amp;ithint=file%2cdocx\" target=\"_blank\">Formul\u00e1rio de Inscri\u00e7\u00e3o<\/a><\/p>\n<p style=\"padding-left: 60px\">Minicurso 1 &#8211; <strong>Introdu\u00e7\u00e3o ao FLEX<\/strong><\/p>\n<p style=\"padding-left: 90px\">Prof. Dr. Glauber Romling da Silva (UNIFAP-Binacional)<br \/>\n13 e 14 de outubro de 2015<br \/>\nLaborat\u00f3rio de Inform\u00e1tica (Bloco das Letras)<\/p>\n<p style=\"padding-left: 60px\">Minicurso 2 &#8211;\u00a0<strong>Document. das l\u00ednguas e tradi\u00e7\u00f5es culturais dos povos ind\u00edgenas do Brasil<\/strong><\/p>\n<p style=\"padding-left: 90px\">Profa. Dra. Ana Paula Brand\u00e3o (UFPA); Profa. Dra. Angela Fabiola Alves Chagas (UFPA)<br \/>\n17 de outubro de 2015<br \/>\nAudit\u00f3rio do Centro Integrado de Pesquisa e P\u00f3s-Gradua\u00e7\u00e3o<\/p>\n","protected":false},"excerpt":{"rendered":"<p>Os interessados em participar dos minicursos oferecidos no I SIPLI-Norte devem preencher o formul\u00e1rio anexo e envi\u00e1-lo para o e-mail do I SIPLI-Norte (sipli.norte@gmail.com). Ap\u00f3s o envio do formul\u00e1rio, ser\u00e3o informados os dados para a realiza\u00e7\u00e3o do pagamento. Para cada&hellip; <\/p>\n<p><a href=\"https:\/\/www2.unifap.br\/sipli-norte\/minicursos\/\" class=\"readmore-button\">Continue Reading<\/a><\/p>\n","protected":false},"author":786,"featured_media":0,"parent":0,"menu_order":4,"comment_status":"closed","ping_status":"closed","template":"","meta":{"inline_featured_image":false,"ngg_post_thumbnail":0,"footnotes":""},"class_list":["post-146","page","type-page","status-publish","hentry"],"_links":{"self":[{"href":"https:\/\/www2.unifap.br\/sipli-norte\/wp-json\/wp\/v2\/pages\/146","targetHints":{"allow":["GET"]}}],"collection":[{"href":"https:\/\/www2.unifap.br\/sipli-norte\/wp-json\/wp\/v2\/pages"}],"about":[{"href":"https:\/\/www2.unifap.br\/sipli-norte\/wp-json\/wp\/v2\/types\/page"}],"author":[{"embeddable":true,"href":"https:\/\/www2.unifap.br\/sipli-norte\/wp-json\/wp\/v2\/users\/786"}],"replies":[{"embeddable":true,"href":"https:\/\/www2.unifap.br\/sipli-norte\/wp-json\/wp\/v2\/comments?post=146"}],"version-history":[{"count":3,"href":"https:\/\/www2.unifap.br\/sipli-norte\/wp-json\/wp\/v2\/pages\/146\/revisions"}],"predecessor-version":[{"id":177,"href":"https:\/\/www2.unifap.br\/sipli-norte\/wp-json\/wp\/v2\/pages\/146\/revisions\/177"}],"wp:attachment":[{"href":"https:\/\/www2.unifap.br\/sipli-norte\/wp-json\/wp\/v2\/media?parent=146"}],"curies":[{"name":"wp","href":"https:\/\/api.w.org\/{rel}","templated":true}]}}