{"id":148,"date":"2015-09-28T20:49:11","date_gmt":"2015-09-28T20:49:11","guid":{"rendered":"http:\/\/www2.unifap.br\/sipli-norte\/?page_id=148"},"modified":"2015-09-29T04:21:04","modified_gmt":"2015-09-29T04:21:04","slug":"introducao-ao-flex","status":"publish","type":"page","link":"https:\/\/www2.unifap.br\/sipli-norte\/minicursos\/introducao-ao-flex\/","title":{"rendered":"Introdu\u00e7\u00e3o ao FLEx"},"content":{"rendered":"<p style=\"text-align: center\">MINICURSO 1<br \/>\n<strong>Introdu\u00e7\u00e3o ao FLEx<\/strong><br \/>\nMinistrante: Prof. Dr. Glauber Romling da Silva (UNIFAP-Binacional)<br \/>\n13 e 14 de outubro de 2015<br \/>\nLaborat\u00f3rio de Inform\u00e1tica (Bloco das Letras)<br \/>\nCarga Hor\u00e1ria: 20h<\/p>\n<p style=\"padding-left: 60px\"><strong>Ementa:<\/strong>\u00a0As funcionalidades do programa FLEx; An\u00e1lise morfol\u00f3gica e an\u00e1lise sint\u00e1tica no FLEx; A formata\u00e7\u00e3o de um dicion\u00e1rio com o FLEx<\/p>\n<p style=\"padding-left: 60px\"><strong>Programa:<\/strong><\/p>\n<p style=\"padding-left: 60px\">Dia 1 &#8211; Manh\u00e3: Funcionalidades do FLEx;\u00a0Para que serve o FLEx?<br \/>\nDia 1 &#8211; Tarde:\u00a0Iniciando um projeto FLEx;\u00a0Segmenta\u00e7\u00e3o morfol\u00f3gica no FLEx<\/p>\n<p style=\"padding-left: 60px\">Dia 2 &#8211; Manh\u00e3: An\u00e1lise sint\u00e1tica no FLEx<br \/>\nDia 2 &#8211; Tarde:\u00a0Gerando um dicion\u00e1rio no FLEx<\/p>\n<p style=\"padding-left: 60px\"><strong>Palavras-chave:<\/strong>\u00a0Metodologia de an\u00e1lise lingu\u00edstica; Documenta\u00e7\u00e3o de l\u00ednguas; Materiais did\u00e1ticos .<\/p>\n<p style=\"padding-left: 60px\"><strong>Metodologia:<\/strong><i>\u00a0<\/i>Aulas expositivas com apresenta\u00e7\u00e3o de slides;\u00a0Computadores para o ensino do software de documenta\u00e7\u00e3o FLEx.<\/p>\n<p style=\"padding-left: 60px\"><strong>Biobliografia b\u00e1sica:<\/strong><\/p>\n<p style=\"padding-left: 60px\">Gippert, Jost; Himmelman, Nikolaus P; Mosel, Ulrike (2006).\u00a0<em>Essentials of Language Documentation<\/em>. Mouton de Gruyter;(RESUMO TRADUZIDO PARA O PORTUGU\u00caS)<\/p>\n<p style=\"padding-left: 60px\">Pensalfini, Robert. (1997).\u00a0<em>Endangered Languages and the maintenence of linguistic diversiry.<\/em>\u00a0In: Jungulu Grammar. Tese de Doutorado. Orientador: Kenneth Hale. MIT, Boston. Pps 24-43 (RESUMO TRADUZIDO PARA O PORTUGU\u00caS)<\/p>\n<p style=\"padding-left: 60px\"><strong>Bibliografia Complementar:<\/strong><\/p>\n<p style=\"padding-left: 60px\">V\u00eddeos tutoriais do FLEx\u00a0<a href=\"http:\/\/fieldworks.sil.org\/download\/movies\/\">http:\/\/fieldworks.sil.org\/download\/movies\/<br \/>\n<\/a><i>(RESUMO TRADUZIDO PARA O PORTUGU\u00caS)<\/i><\/p>\n<p style=\"padding-left: 60px\"><a title=\"Formulario - Minicurso\" href=\"https:\/\/onedrive.live.com\/redir?resid=8540382B98EFB944!49054&amp;authkey=!ADZCRN6EX9bMimI&amp;ithint=file%2cdocx\" target=\"_blank\">Formul\u00e1rio de Inscri\u00e7\u00e3o<\/a><\/p>\n","protected":false},"excerpt":{"rendered":"<p>MINICURSO 1 Introdu\u00e7\u00e3o ao FLEx Ministrante: Prof. Dr. Glauber Romling da Silva (UNIFAP-Binacional) 13 e 14 de outubro de 2015 Laborat\u00f3rio de Inform\u00e1tica (Bloco das Letras) Carga Hor\u00e1ria: 20h Ementa:\u00a0As funcionalidades do programa FLEx; An\u00e1lise morfol\u00f3gica e an\u00e1lise sint\u00e1tica no&hellip; <\/p>\n<p><a href=\"https:\/\/www2.unifap.br\/sipli-norte\/minicursos\/introducao-ao-flex\/\" class=\"readmore-button\">Continue Reading<\/a><\/p>\n","protected":false},"author":786,"featured_media":0,"parent":146,"menu_order":0,"comment_status":"closed","ping_status":"closed","template":"","meta":{"inline_featured_image":false,"ngg_post_thumbnail":0,"footnotes":""},"class_list":["post-148","page","type-page","status-publish","hentry"],"_links":{"self":[{"href":"https:\/\/www2.unifap.br\/sipli-norte\/wp-json\/wp\/v2\/pages\/148","targetHints":{"allow":["GET"]}}],"collection":[{"href":"https:\/\/www2.unifap.br\/sipli-norte\/wp-json\/wp\/v2\/pages"}],"about":[{"href":"https:\/\/www2.unifap.br\/sipli-norte\/wp-json\/wp\/v2\/types\/page"}],"author":[{"embeddable":true,"href":"https:\/\/www2.unifap.br\/sipli-norte\/wp-json\/wp\/v2\/users\/786"}],"replies":[{"embeddable":true,"href":"https:\/\/www2.unifap.br\/sipli-norte\/wp-json\/wp\/v2\/comments?post=148"}],"version-history":[{"count":3,"href":"https:\/\/www2.unifap.br\/sipli-norte\/wp-json\/wp\/v2\/pages\/148\/revisions"}],"predecessor-version":[{"id":187,"href":"https:\/\/www2.unifap.br\/sipli-norte\/wp-json\/wp\/v2\/pages\/148\/revisions\/187"}],"up":[{"embeddable":true,"href":"https:\/\/www2.unifap.br\/sipli-norte\/wp-json\/wp\/v2\/pages\/146"}],"wp:attachment":[{"href":"https:\/\/www2.unifap.br\/sipli-norte\/wp-json\/wp\/v2\/media?parent=148"}],"curies":[{"name":"wp","href":"https:\/\/api.w.org\/{rel}","templated":true}]}}