{"id":154,"date":"2015-09-28T21:02:35","date_gmt":"2015-09-28T21:02:35","guid":{"rendered":"http:\/\/www2.unifap.br\/sipli-norte\/?page_id=154"},"modified":"2015-10-13T16:44:46","modified_gmt":"2015-10-13T16:44:46","slug":"1o-dia","status":"publish","type":"page","link":"https:\/\/www2.unifap.br\/sipli-norte\/programacao\/1o-dia\/","title":{"rendered":"1\u00ba dia &#8211; 15.10.2015"},"content":{"rendered":"<p style=\"padding-left: 60px\"><span style=\"line-height: 1.5em\">o8:oo-08:30 &#8211;\u00a0Recep\u00e7\u00e3o<\/span><\/p>\n<p style=\"padding-left: 60px\">08:30<i>\u00a0&#8211;\u00a0<\/i>Abertura<\/p>\n<p style=\"padding-left: 60px\">09:00 &#8211; 10:45 \u2013\u00a0<b>\u00a0<\/b>Sess\u00e3o de Comunica\u00e7\u00f5es:\u00a0<b>Teoria An\u00e1lise I<br \/>\n<\/b>(Hall do Centro Integrado de Pesquisa e P\u00f3s-Gradua\u00e7\u00e3o)<\/p>\n<p align=\"center\"><i>Rel\u00edquias e precursores de incorpora\u00e7\u00e3o nominal: um estudo tipol\u00f3gico<br \/>\n<\/i>Dirceu Fernandes Lira de Sena (UNICAMP\/IEL)<\/p>\n<p align=\"center\"><i>Classifica\u00e7\u00e3o interna da Fam\u00edlia Lingu\u00edstica Pano<br \/>\n<\/i>Elder Lanes (UFRR)<\/p>\n<p align=\"center\"><i>An\u00e1lise comparativa Cayap\u00f3 do Sul, Panar\u00e1 e\u00a0<i>Meb\u1ebdg\u00f4kre<\/i><br \/>\n<\/i>Eduardo Alves Vasconcelos (NELI-UNIFAP)<\/p>\n<p align=\"center\"><i>Desenvolvimento Hist\u00f3rico dos Prefixos Pronominais e Pronomes Independentes<br \/>\nno Subgrupo Lokono-Wayuunaiki da Fam\u00edlia Arawak<br \/>\n<\/i>Fernando O. de Carvalho (MN\/UFRJ)<\/p>\n<p align=\"center\"><i>De\u00a0<\/i><i>&#8216;<\/i><i>falecido<\/i><i>&#8216;<\/i><i>\u00a0a\u00a0<\/i><i>&#8216;<\/i><i>coitado<\/i><i>&#8216;<\/i><i>:\u00a0<\/i><i>a express\u00e3o de pena, d\u00f3, solidariedade e empatia<\/i><i>\u00a0em Apurin<\/i><i>\u00e3<br \/>\n<\/i>La\u00edse Maciel Barros (UFPA)<br \/>\nSidney Facundes (UFPA)<i><\/i><\/p>\n<p style=\"padding-left: 60px\">10:45 &#8211; Intervalo<\/p>\n<p style=\"padding-left: 60px\"><span style=\"line-height: 1.5em\">10:45 &#8211; 12:15 \u2013\u00a0<\/span><b style=\"line-height: 1.5em\">\u00a0<\/b><span style=\"line-height: 1.5em\">Sess\u00e3o de Comunica\u00e7\u00f5es:\u00a0<\/span><b style=\"line-height: 1.5em\">Teoria An\u00e1lise II<br \/>\n<\/b>(Hall do Centro Integrado de Pesquisa e P\u00f3s-Gradua\u00e7\u00e3o)<\/p>\n<p align=\"center\"><em>Entre regras e restri\u00e7\u00f5es: a estrutura sil\u00e1bica do Palikur<br \/>\n<\/em>Elissandra Barros (UNIFAP\/UFRJ)<\/p>\n<p align=\"center\"><i>A morfossintaxe Sanapan\u00e1 e sua rela\u00e7\u00e3o com as vogais<br \/>\n<\/i>Antonio Almir Silva Gomes (NELI-UNIFAP)<\/p>\n<p align=\"center\"><i>A estrutura argumental de verbos psicol\u00f3gicos em Kadiw\u00e9u<br \/>\n<\/i>Ticiana Andrade de Sena (UNICAMP)<\/p>\n<p style=\"padding-left: 60px\">\u00a012:15-14:00 \u2013<strong>\u00a0Almo\u00e7o<\/strong><\/p>\n<p style=\"padding-left: 60px\">14:00 \u2013 Sess\u00e3o de Comunica\u00e7\u00f5es:\u00a0<b>L\u00edngua e Identidade I<br \/>\n<\/b>(Hall do Centro Integrado de Pesquisa e P\u00f3s-Gradua\u00e7\u00e3o)<\/p>\n<p align=\"center\"><i>Identidades multifacetadas e \u2018hibridismo\u2019 lingu\u00edstico:<br \/>\num estudo de caso da comunidade Kotiria (Tukano Oriental, regi\u00e3o do Alto Rio Negro)<br \/>\n<\/i>Kristine Stenzel (UFRJ)<br \/>\nVelda Khoo (University of Colorado at Boulder)<\/p>\n<p align=\"center\"><i>Mito da cabe\u00e7a Mundurucu e fortalecimento da identidade: entre a l\u00edngua e a etnologia<br \/>\n<\/i>Jonise Nunes Santos (UFAM)<br \/>\nAdmilton de Freitas Chagas Filho (UFAM)<\/p>\n<p align=\"center\"><i>L\u00edngua e identidade:<br \/>\na rela\u00e7\u00e3o entre os usos da l\u00edngua\u00a0 apurin\u00e3 (Aru\u00e1k) e a cultura do povo<br \/>\n<\/i>Patricia do Nascimento da Costa (UFPA)<br \/>\nSidney da Silva Facundes (UFPA)<\/p>\n<p align=\"center\"><i>A autoidentifica\u00e7\u00e3o \u00e9tnica e a l\u00edngua Munduruku:<br \/>\nquem pode ou n\u00e3o ser considerado \u00edndio no oeste paraense<br \/>\n<\/i>S\u00e2mela Ramos Silva (NELI-UNIFAP)<b><\/b><\/p>\n<p style=\"padding-left: 60px\"><span style=\"line-height: 1.5em\">16:00-16:15 \u00a0\u2013 Intervalo<\/span><\/p>\n<p style=\"padding-left: 60px\">16:15-17:15 \u2013\u00a0<b>Sess\u00e3o de P\u00f4ster<\/b><\/p>\n<p style=\"text-align: center\">17:15-18:30 \u2013\u00a0<b>Palestra:<br \/>\n<\/b><i>Pesquisas Atuais em L\u00ednguas Ind\u00edgenas<br \/>\n<\/i>Profa. Dra. Luciana Storto (USP)<br \/>\n(Hall do Centro Integrado de Pesquisa e P\u00f3s-Gradua\u00e7\u00e3o)<\/p>\n<p>&nbsp;<\/p>\n<p>&nbsp;<\/p>\n","protected":false},"excerpt":{"rendered":"<p>o8:oo-08:30 &#8211;\u00a0Recep\u00e7\u00e3o 08:30\u00a0&#8211;\u00a0Abertura 09:00 &#8211; 10:45 \u2013\u00a0\u00a0Sess\u00e3o de Comunica\u00e7\u00f5es:\u00a0Teoria An\u00e1lise I (Hall do Centro Integrado de Pesquisa e P\u00f3s-Gradua\u00e7\u00e3o) Rel\u00edquias e precursores de incorpora\u00e7\u00e3o nominal: um estudo tipol\u00f3gico Dirceu Fernandes Lira de Sena (UNICAMP\/IEL) Classifica\u00e7\u00e3o interna da Fam\u00edlia Lingu\u00edstica Pano&hellip; <\/p>\n<p><a href=\"https:\/\/www2.unifap.br\/sipli-norte\/programacao\/1o-dia\/\" class=\"readmore-button\">Continue Reading<\/a><\/p>\n","protected":false},"author":786,"featured_media":0,"parent":86,"menu_order":0,"comment_status":"closed","ping_status":"closed","template":"","meta":{"inline_featured_image":false,"ngg_post_thumbnail":0,"footnotes":""},"class_list":["post-154","page","type-page","status-publish","hentry"],"_links":{"self":[{"href":"https:\/\/www2.unifap.br\/sipli-norte\/wp-json\/wp\/v2\/pages\/154","targetHints":{"allow":["GET"]}}],"collection":[{"href":"https:\/\/www2.unifap.br\/sipli-norte\/wp-json\/wp\/v2\/pages"}],"about":[{"href":"https:\/\/www2.unifap.br\/sipli-norte\/wp-json\/wp\/v2\/types\/page"}],"author":[{"embeddable":true,"href":"https:\/\/www2.unifap.br\/sipli-norte\/wp-json\/wp\/v2\/users\/786"}],"replies":[{"embeddable":true,"href":"https:\/\/www2.unifap.br\/sipli-norte\/wp-json\/wp\/v2\/comments?post=154"}],"version-history":[{"count":13,"href":"https:\/\/www2.unifap.br\/sipli-norte\/wp-json\/wp\/v2\/pages\/154\/revisions"}],"predecessor-version":[{"id":239,"href":"https:\/\/www2.unifap.br\/sipli-norte\/wp-json\/wp\/v2\/pages\/154\/revisions\/239"}],"up":[{"embeddable":true,"href":"https:\/\/www2.unifap.br\/sipli-norte\/wp-json\/wp\/v2\/pages\/86"}],"wp:attachment":[{"href":"https:\/\/www2.unifap.br\/sipli-norte\/wp-json\/wp\/v2\/media?parent=154"}],"curies":[{"name":"wp","href":"https:\/\/api.w.org\/{rel}","templated":true}]}}