{"id":161,"date":"2015-09-28T21:11:33","date_gmt":"2015-09-28T21:11:33","guid":{"rendered":"http:\/\/www2.unifap.br\/sipli-norte\/?page_id=161"},"modified":"2015-10-13T16:43:32","modified_gmt":"2015-10-13T16:43:32","slug":"2o-dia-16-10-2015","status":"publish","type":"page","link":"https:\/\/www2.unifap.br\/sipli-norte\/programacao\/2o-dia-16-10-2015\/","title":{"rendered":"2\u00ba dia &#8211; 16.10.2015"},"content":{"rendered":"<p style=\"text-align: left;padding-left: 60px\" align=\"center\"><span style=\"line-height: 1.5em\">08:30-09:50 \u2013\u00a0<\/span><b style=\"line-height: 1.5em\">Mesa Redonda:\u00a0<\/b><i style=\"line-height: 1.5em\">Perspectivas em Documenta\u00e7\u00e3o Lingu\u00edstica na Regi\u00e3o Norte<\/i><\/p>\n<p style=\"padding-left: 60px\">Profa. Dra. Kristine Stenzel (UFRJ)<br \/>\nDr. Dennis Moore (MPEG)<br \/>\nDr. S\u00e9rgio Meira (MPEG)<br \/>\n<b>\u00a0<\/b>(Hall do Centro Integrado de Pesquisa e P\u00f3s-Gradua\u00e7\u00e3o)<\/p>\n<p style=\"padding-left: 60px\">\u00a009:50 \u00a0\u2013 Intervalo<\/p>\n<p style=\"padding-left: 60px\">10:00- 12:00 \u2013 Sess\u00e3o de Comunica\u00e7\u00e3o:\u00a0<b>Lingu\u00edstica Aplicada<br \/>\n<\/b>(Hall do Centro Integrado de Pesquisa e P\u00f3s-Gradua\u00e7\u00e3o)<\/p>\n<p align=\"center\"><i>Sele\u00e7\u00e3o e organiza\u00e7\u00e3o de conte\u00fados lingu\u00edsticos usados para o ensino de l\u00edngua ind\u00edgena Apurin\u00e3,<br \/>\ncomo uma forma de auxiliar no processo de revitaliza\u00e7\u00e3o e manuten\u00e7\u00e3o da l\u00edngua<br \/>\n<\/i>Bianca Castro Rodrigues (UFPA)<br \/>\nProf. Dr. Sidney Facundes (UFPA)<\/p>\n<p align=\"center\"><i>Atitudes\u00a0lingu\u00edsticas\u00a0na comunidade ind\u00edgena Kyikat\u00eaj\u00ea:<br \/>\nimplica\u00e7\u00f5es para o ensino de l\u00ednguas<br \/>\n<\/i>Austria Rodrigues Brito (UNIFESSPA\/LALLI-UnB)<\/p>\n<p align=\"center\"><i>Perspectivas te\u00f3rico-metodol\u00f3gicas<br \/>\npara o processo ensino-aprendizagem e interculturalidade<br \/>\n<\/i>Jonise Nunes Santos (UFAM)<br \/>\nAdmilton de Freitas Chagas Filho (UFAM)<\/p>\n<p align=\"center\"><i>A tradi\u00e7\u00e3o ind\u00edgena na aprendizagem da l\u00edngua Parkat\u00eaj\u00ea<br \/>\n<\/i>Maria de N. Moraes da SILVA (UFPA)<br \/>\nMar\u00edlia FERREIRA (UFPA)<\/p>\n<p style=\"padding-left: 60px\"><i>10:00-11:00 \u2013\u00a0<\/i><b>\u00a0<\/b>Sess\u00e3o de Comunica\u00e7\u00f5es:\u00a0<b>Varia\u00e7\u00e3o Lingu\u00edstica<br \/>\n<\/b>(Audit\u00f3rio do Centro Integrado de Pesquisa e P\u00f3s-Gradua\u00e7\u00e3o)<\/p>\n<p align=\"center\"><i>A norma culta como obst\u00e1culo na obten\u00e7\u00e3o<br \/>\nda carteira nacional de habilita\u00e7\u00e3o do ind\u00edgena<br \/>\n<\/i>Marlene dos Santos Limieri Dualibe (UEMS-Campo Grande)<\/p>\n<p align=\"center\"><i>O status de tr\u00eas tipos de varia\u00e7\u00e3o lingu\u00edstica no complexo dialetal apurin\u00e3 (Ar\u00faak)<br \/>\n<\/i>Bruna Padovani (UFPA)<br \/>\nBruno Amaral (UFPA)<br \/>\nRayssa Rodrigues (UFPA)<\/p>\n<p style=\"padding-left: 60px\">\u00a012:00-14:00 \u2013<b>\u00a0<\/b>Almo\u00e7o<\/p>\n<p style=\"padding-left: 60px\">14:00-16:00 \u2013\u00a0<b>\u00a0<\/b>Sess\u00e3o de Comunica\u00e7\u00f5es:\u00a0<b>L\u00edngua e Identidade II<br \/>\n<\/b>(Hall do Centro Integrado de Pesquisa e P\u00f3s-Gradua\u00e7\u00e3o)<\/p>\n<p align=\"center\"><i>L\u00edngua, Cultura e Sociedade Guat\u00f3<br \/>\n<\/i>Natalina Sierra Ass\u00eancio Costa (UEMS-Campo Grande)<br \/>\nPatricia Damasceno Fernandes (UEMS-Campo Grande)<\/p>\n<p align=\"center\"><i>L\u00edngua e identidade ind\u00edgenas no livro did\u00e1tico de l\u00edngua portuguesa:<br \/>\naus\u00eancia e apagamento<br \/>\n<\/i>Osmando Jesus Brasileiro (UniRitter &#8211; GEA\/AP)<\/p>\n<p align=\"center\"><i>Aspectos lingu\u00edsticos e culturais<br \/>\ndos sistemas de parentesco e onom\u00e1stico do povo parkat\u00eaj\u00ea<br \/>\n<\/i>Tereza Tayn\u00e1 Coutinho Lopes (UFPA)<br \/>\nMar\u00edlia de Nazar\u00e9 de Oliveira Ferreira (UFPA)<i><\/i><\/p>\n<p style=\"padding-left: 60px\">14:00-16:00 \u2013 Sess\u00e3o de Comunica\u00e7\u00e3o:\u00a0<b>Documenta\u00e7\u00e3o Lingu\u00edstica e Estudos Lexicais<br \/>\n<\/b>(Audit\u00f3rio 2 do Centro Integrado de Pesquisa e P\u00f3s-Gradua\u00e7\u00e3o)<\/p>\n<p align=\"center\"><i>Documenta\u00e7\u00e3o lingu\u00edstica na Amaz\u00f4nia: abordagens e m\u00e9todos<br \/>\n<\/i>Glauber Romling da Silva (NELI-UNIFAP)<\/p>\n<p align=\"center\"><i>Caracter\u00edsticas formais de um relato dos cl\u00e3s: Arara-Trap\u00e9zio Amaz\u00f4nico Colombiano<br \/>\n<\/i>W. Eduardo G\u00f3mez-Pulgar\u00edn (UFPA)<\/p>\n<p align=\"center\"><em>Documentando para preservar:<\/em><br \/>\n<em>hist\u00f3rico e perspectivas da documenta\u00e7\u00e3o cultural e lingu\u00edstica entre os palikur<br \/>\n<\/em>Elissandra Barros (UNIFAP\/UFRJ)<\/p>\n<p align=\"center\"><i>Gloss\u00e1rio etnol\u00edngu\u00edstico de plantas medicinais e t\u00e9cnicas de sa\u00fade:<br \/>\nParkt\u00eaj\u00ea-Portugu\u00eas<br \/>\n<\/i>Jaqueline de Andrade Reis (UFPA)<br \/>\nMar\u00edlia Ferreria (UFPA)<\/p>\n<p align=\"center\"><i>Dicion\u00e1rio da l\u00edngua Suru\u00ed do Tocantins (Aikew\u00e1ra)<br \/>\n<\/i>Jorge Domingues Lopes (UFPA &#8211; Tocantins\/Camet\u00e1)<\/p>\n<p style=\"padding-left: 60px\"><span style=\"line-height: 1.5em\">15:30 \u2013 Intervalo<\/span><\/p>\n<p style=\"padding-left: 60px\">15:45-18:00 \u2013 Sess\u00e3o de Comunica\u00e7\u00f5es:\u00a0<b>Teoria e An\u00e1lise Lingu\u00edstica III<br \/>\n<\/b>\u00a0 \u00a0 \u00a0 \u00a0 \u00a0 \u00a0 \u00a0 \u00a0 \u00a0 \u00a0 \u00a0 \u00a0 \u00a0 \u00a0 \u00a0(Hall do Centro Integrado de Pesquisa e P\u00f3s-Gradua\u00e7\u00e3o)<\/p>\n<p align=\"center\"><i>Uma rean\u00e1lise de Aspecto como Auxiliares TAM em D\u00e2w<br \/>\n<\/i>Luciana Storto (USP)<br \/>\nMaur\u00edcio Carvalho (USP)<\/p>\n<p align=\"center\"><i>Forma\u00e7\u00e3o do verbo na l\u00edngua Ikpeng<br \/>\n<\/i>Angela Fabiola Alves Chagas (UFPA)<\/p>\n<p align=\"center\"><i style=\"line-height: 1.5em\">As classes verbais da l\u00edngua Paresi (Aru\u00e1k)<br \/>\n<\/i>Ana Paula Brand\u00e3o (UFPA)<\/p>\n<p align=\"center\"><em>Constru\u00e7\u00f5es rec\u00edprocas em Parkat\u00eaj\u00ea (Timbira)<br \/>\n<\/em>Cinthia Neves (UFPA)<br \/>\nMar\u00edlia Ferreira (UFPA)<\/p>\n<p align=\"center\"><span style=\"line-height: 1.5em\">18:00-18:30 \u2013\u00a0<\/span><i style=\"line-height: 1.5em\">Lan\u00e7amento da Revista Brasileira de L\u00ednguas Ind\u00edgenas<br \/>\n<\/i><i>II Simp\u00f3sio de Pesquisa em L\u00ednguas Ind\u00edgenas \u2013 Regi\u00e3o Norte<br \/>\n<\/i><i><b>\u00a0<\/b>(Hall do Centro Integrado de Pesquisa e P\u00f3s-Gradua\u00e7\u00e3o)<\/i><\/p>\n<p style=\"text-align: center\">18:30-19:00 \u2013\u00a0<b>Encerramento<br \/>\n<\/b>\u00a0(Hall do Centro Integrado de Pesquisa e P\u00f3s-Gradua\u00e7\u00e3o)<\/p>\n","protected":false},"excerpt":{"rendered":"<p>08:30-09:50 \u2013\u00a0Mesa Redonda:\u00a0Perspectivas em Documenta\u00e7\u00e3o Lingu\u00edstica na Regi\u00e3o Norte Profa. Dra. Kristine Stenzel (UFRJ) Dr. Dennis Moore (MPEG) Dr. S\u00e9rgio Meira (MPEG) \u00a0(Hall do Centro Integrado de Pesquisa e P\u00f3s-Gradua\u00e7\u00e3o) \u00a009:50 \u00a0\u2013 Intervalo 10:00- 12:00 \u2013 Sess\u00e3o de Comunica\u00e7\u00e3o:\u00a0Lingu\u00edstica Aplicada&hellip; <\/p>\n<p><a href=\"https:\/\/www2.unifap.br\/sipli-norte\/programacao\/2o-dia-16-10-2015\/\" class=\"readmore-button\">Continue Reading<\/a><\/p>\n","protected":false},"author":786,"featured_media":0,"parent":86,"menu_order":1,"comment_status":"closed","ping_status":"closed","template":"","meta":{"inline_featured_image":false,"ngg_post_thumbnail":0,"footnotes":""},"class_list":["post-161","page","type-page","status-publish","hentry"],"_links":{"self":[{"href":"https:\/\/www2.unifap.br\/sipli-norte\/wp-json\/wp\/v2\/pages\/161","targetHints":{"allow":["GET"]}}],"collection":[{"href":"https:\/\/www2.unifap.br\/sipli-norte\/wp-json\/wp\/v2\/pages"}],"about":[{"href":"https:\/\/www2.unifap.br\/sipli-norte\/wp-json\/wp\/v2\/types\/page"}],"author":[{"embeddable":true,"href":"https:\/\/www2.unifap.br\/sipli-norte\/wp-json\/wp\/v2\/users\/786"}],"replies":[{"embeddable":true,"href":"https:\/\/www2.unifap.br\/sipli-norte\/wp-json\/wp\/v2\/comments?post=161"}],"version-history":[{"count":12,"href":"https:\/\/www2.unifap.br\/sipli-norte\/wp-json\/wp\/v2\/pages\/161\/revisions"}],"predecessor-version":[{"id":317,"href":"https:\/\/www2.unifap.br\/sipli-norte\/wp-json\/wp\/v2\/pages\/161\/revisions\/317"}],"up":[{"embeddable":true,"href":"https:\/\/www2.unifap.br\/sipli-norte\/wp-json\/wp\/v2\/pages\/86"}],"wp:attachment":[{"href":"https:\/\/www2.unifap.br\/sipli-norte\/wp-json\/wp\/v2\/media?parent=161"}],"curies":[{"name":"wp","href":"https:\/\/api.w.org\/{rel}","templated":true}]}}