{"id":179,"date":"2015-09-28T22:26:17","date_gmt":"2015-09-28T22:26:17","guid":{"rendered":"http:\/\/www2.unifap.br\/sipli-norte\/?page_id=179"},"modified":"2015-09-29T04:23:49","modified_gmt":"2015-09-29T04:23:49","slug":"reconhecimentos","status":"publish","type":"page","link":"https:\/\/www2.unifap.br\/sipli-norte\/reconhecimentos\/","title":{"rendered":"Reconhecimentos"},"content":{"rendered":"<p><strong>Agradecimentos:<\/strong><\/p>\n<p>A Valber Pimenta (Assessoria Especial da Reitoria) pela imagem visual do I SIPLI-Norte.<br \/>\nAo N\u00facleo de Tecnologia e Informa\u00e7\u00e3o (NTI\/PROAD) pela ajuda com a p\u00e1gina do I SIPLI-Norte.<\/p>\n<p><strong><span style=\"line-height: 1.5em\">Apoio:<\/span><\/strong><\/p>\n<p>Universidade Federal do Amap\u00e1 (Unifap)<br \/>\nPr\u00f3-Reitoria de Extens\u00e3o e Assuntos Comunit\u00e1rios (PROEAC)<br \/>\nDepartamento de Extens\u00e3o (DEX)<\/p>\n<p>&nbsp;<\/p>\n","protected":false},"excerpt":{"rendered":"<p>Agradecimentos: A Valber Pimenta (Assessoria Especial da Reitoria) pela imagem visual do I SIPLI-Norte. Ao N\u00facleo de Tecnologia e Informa\u00e7\u00e3o (NTI\/PROAD) pela ajuda com a p\u00e1gina do I SIPLI-Norte. Apoio: Universidade Federal do Amap\u00e1 (Unifap) Pr\u00f3-Reitoria de Extens\u00e3o e Assuntos&hellip; <\/p>\n<p><a href=\"https:\/\/www2.unifap.br\/sipli-norte\/reconhecimentos\/\" class=\"readmore-button\">Continue Reading<\/a><\/p>\n","protected":false},"author":786,"featured_media":0,"parent":0,"menu_order":11,"comment_status":"closed","ping_status":"closed","template":"","meta":{"inline_featured_image":false,"ngg_post_thumbnail":0,"footnotes":""},"class_list":["post-179","page","type-page","status-publish","hentry"],"_links":{"self":[{"href":"https:\/\/www2.unifap.br\/sipli-norte\/wp-json\/wp\/v2\/pages\/179","targetHints":{"allow":["GET"]}}],"collection":[{"href":"https:\/\/www2.unifap.br\/sipli-norte\/wp-json\/wp\/v2\/pages"}],"about":[{"href":"https:\/\/www2.unifap.br\/sipli-norte\/wp-json\/wp\/v2\/types\/page"}],"author":[{"embeddable":true,"href":"https:\/\/www2.unifap.br\/sipli-norte\/wp-json\/wp\/v2\/users\/786"}],"replies":[{"embeddable":true,"href":"https:\/\/www2.unifap.br\/sipli-norte\/wp-json\/wp\/v2\/comments?post=179"}],"version-history":[{"count":3,"href":"https:\/\/www2.unifap.br\/sipli-norte\/wp-json\/wp\/v2\/pages\/179\/revisions"}],"predecessor-version":[{"id":190,"href":"https:\/\/www2.unifap.br\/sipli-norte\/wp-json\/wp\/v2\/pages\/179\/revisions\/190"}],"wp:attachment":[{"href":"https:\/\/www2.unifap.br\/sipli-norte\/wp-json\/wp\/v2\/media?parent=179"}],"curies":[{"name":"wp","href":"https:\/\/api.w.org\/{rel}","templated":true}]}}