{"id":199,"date":"2015-10-05T22:01:24","date_gmt":"2015-10-05T22:01:24","guid":{"rendered":"http:\/\/www2.unifap.br\/sipli-norte\/?page_id=199"},"modified":"2015-10-13T02:20:17","modified_gmt":"2015-10-13T02:20:17","slug":"posters-3","status":"publish","type":"page","link":"https:\/\/www2.unifap.br\/sipli-norte\/programacao\/posters-3\/","title":{"rendered":"Posters"},"content":{"rendered":"<p style=\"padding-left: 60px;text-align: center\"><b>SESS\u00c3O DE POSTERS<br \/>\n<\/b><span style=\"line-height: 1.5em\">(<\/span><span style=\"line-height: 1.5em\">16:15-17:15)\u00a0<\/span><\/p>\n<p style=\"padding-left: 60px;text-align: left\"><span style=\"color: #800000\"><strong><\/strong><br \/>\n<em>Ensino de l\u00ednguas em escolas ind\u00edgenas da regi\u00e3o do Ua\u00e7\u00e1: quest\u00f5es pertinentes<br \/>\n<\/em>Amanda Costa Carvalho (NELI-UNIFAP)<br \/>\nValdei Nogueira Monte (NELI-UNIFAP)<\/span><\/p>\n<p style=\"padding-left: 60px;text-align: left\"><em>An\u00e1lise sobre a aquisi\u00e7\u00e3o da escrita na l\u00edngua Maw\u00e9, como L1, e em Portugu\u00eas, como L2, dos\u00a0alunos Sater\u00e9-Maw\u00e9 da Licenciatura Intercultural da FACED-UFAM<br \/>\n<\/em>Eloisa Carvalho (UFAM)<br \/>\nRaynice Geraldine Pereira da Silva (UFAM)<\/p>\n<p style=\"padding-left: 60px;text-align: left\"><span style=\"color: #993300\"><em>A Presen\u00e7a Ind\u00edgena na Obra Amapaisagens (1992):<br \/>\num estudo dos termos regionais na Literatura Amapaense<br \/>\n<\/em>Tainah Mar\u00edlia Souza dos Santos (UEAP)<\/span><\/p>\n<p style=\"padding-left: 60px;text-align: left\"><span style=\"color: #333333\"><em>Compara\u00e7\u00e3o entre Parkat\u00eaj\u00ea, Canela-Krah\u00f4 e Kyikat\u00eaj\u00ea: prefixos relacionais nos sintagmas verbais<\/em><\/span><br \/>\n<span style=\"color: #333333\"> Sheyla da Concei\u00e7\u00e3o Ayan (UFPA)<\/span><br \/>\n<span style=\"color: #333333\"> Mar\u00edlia de Nazar\u00e9 de Oliveira Ferreira (UFPA)<\/span><\/p>\n<p style=\"text-align: left;padding-left: 60px\" align=\"center\"><span style=\"color: #993300\"><em>Estudo Comparativo do Vocabul\u00e1rio Galibi-Marworno (Curt Nimuendaj\u00fa, 1926)<br \/>\ne Vocabul\u00e1rio Aru\u00e3\u00a0<\/em>(Penna, 1879)<\/span><br \/>\n<span style=\"color: #993300\"> <em>Uisllei Uillem Costa Rodrigues (<\/em>NELI-UEAP)<\/span><\/p>\n<p style=\"text-align: left;padding-left: 60px\" align=\"center\"><span style=\"color: #333333\"><em style=\"line-height: 1.5em\">Os verbos na l\u00edngua Kheu\u00f3l<br \/>\n<\/em>Paola Oliveira (NELI-UNIFAP)<\/span><\/p>\n<p style=\"padding-left: 60px;text-align: left\"><span style=\"color: #993300\"><em>Estudo morfossint\u00e1tico dos Adv\u00e9rbios na L\u00edngua Ikpeng (Kar\u00edb)<br \/>\n<\/em>Rosane da Costa Monteiro (UFPA)<\/span><\/p>\n<p style=\"padding-left: 60px\"><span style=\"color: #333333\"><em>Processo de Forma\u00e7\u00e3o dos Adjetivos na L\u00edngua Ikpeng: sufixos {-tu} e {p\u00efn}<br \/>\n<\/em>Gabriela Mau\u00e9s (UFPA)<\/span><\/p>\n<p style=\"padding-left: 60px\"><em style=\"line-height: 1.5em\"><span style=\"color: #800000\">An\u00e1lise da Estrutura Argumental dos Verbos de a\u00e7\u00e3o\u00a0<\/span><span style=\"color: #800000\">em Nheengatu \u00e0 luz da Tipologia Funcional<br \/>\n<\/span><\/em><span style=\"color: #800000;line-height: 1.5em\">Beatriz Campos Mascarenhas (UFAM)<br \/>\n<\/span><span style=\"color: #800000\">Raynice Geraldine Pereira da Silva (UFAM)<\/span><\/p>\n<p style=\"text-align: left;padding-left: 60px\" align=\"center\"><em>Contato, mudan\u00e7a e substitui\u00e7\u00e3o lingu\u00edstica nas variedades do Nheengatu do Amazonas<br \/>\n<\/em>Aline Lopes Vieria (UFAM)<br \/>\nRaynice Geraldine Pereira da Silva (UFAM)<\/p>\n<p style=\"text-align: left;padding-left: 60px\" align=\"center\"><span style=\"color: #993300\"><i>T<\/i><i>ipos de adapta\u00e7\u00f5es realizadas nos empr\u00e9stimos do Portugu\u00eas para a L\u00edngua Geral Bras\u00edlica no s\u00e9culo XVIII<br \/>\n<\/i>B\u00e1rbara Heliodora L. de P. Santos (UFG)<\/span><br \/>\n<span style=\"color: #993300\"> Aline da Cruz (UFG)<\/span><\/p>\n<p style=\"text-align: left;padding-left: 60px\" align=\"center\"><em style=\"line-height: 1.5em\">Senten\u00e7as Interrogativas em L\u00ednguas Ind\u00edgenas Sul-Americanas<br \/>\n<\/em>Augusto Gasparre Braga Fa\u00e7anha (NELI-UNIFAP)<\/p>\n<p style=\"text-align: left;padding-left: 60px\" align=\"center\"><span style=\"color: #993300\"><em>A africada \/t\u0283\/ no invent\u00e1rio fonol\u00f3gico do Ikpeng<\/em><\/span><br \/>\n<span style=\"color: #993300\">Amanda Dias Nascimento (NELI-UNIFAP)<\/span><\/p>\n<p style=\"text-align: left;padding-left: 60px\" align=\"center\"><em style=\"line-height: 1.5em\">Revis\u00e3o Fonol\u00f3gica da L\u00edngua Xet\u00e1 (Tupi-Guarani, ramo I)<br \/>\n<\/em>Nixon Rocha Sarges (NELI-UNIFAP)<\/p>\n","protected":false},"excerpt":{"rendered":"<p>SESS\u00c3O DE POSTERS (16:15-17:15)\u00a0 Ensino de l\u00ednguas em escolas ind\u00edgenas da regi\u00e3o do Ua\u00e7\u00e1: quest\u00f5es pertinentes Amanda Costa Carvalho (NELI-UNIFAP) Valdei Nogueira Monte (NELI-UNIFAP) An\u00e1lise sobre a aquisi\u00e7\u00e3o da escrita na l\u00edngua Maw\u00e9, como L1, e em Portugu\u00eas, como L2,&hellip; <\/p>\n<p><a href=\"https:\/\/www2.unifap.br\/sipli-norte\/programacao\/posters-3\/\" class=\"readmore-button\">Continue Reading<\/a><\/p>\n","protected":false},"author":786,"featured_media":0,"parent":86,"menu_order":3,"comment_status":"closed","ping_status":"closed","template":"","meta":{"inline_featured_image":false,"ngg_post_thumbnail":0,"footnotes":""},"class_list":["post-199","page","type-page","status-publish","hentry"],"_links":{"self":[{"href":"https:\/\/www2.unifap.br\/sipli-norte\/wp-json\/wp\/v2\/pages\/199","targetHints":{"allow":["GET"]}}],"collection":[{"href":"https:\/\/www2.unifap.br\/sipli-norte\/wp-json\/wp\/v2\/pages"}],"about":[{"href":"https:\/\/www2.unifap.br\/sipli-norte\/wp-json\/wp\/v2\/types\/page"}],"author":[{"embeddable":true,"href":"https:\/\/www2.unifap.br\/sipli-norte\/wp-json\/wp\/v2\/users\/786"}],"replies":[{"embeddable":true,"href":"https:\/\/www2.unifap.br\/sipli-norte\/wp-json\/wp\/v2\/comments?post=199"}],"version-history":[{"count":22,"href":"https:\/\/www2.unifap.br\/sipli-norte\/wp-json\/wp\/v2\/pages\/199\/revisions"}],"predecessor-version":[{"id":298,"href":"https:\/\/www2.unifap.br\/sipli-norte\/wp-json\/wp\/v2\/pages\/199\/revisions\/298"}],"up":[{"embeddable":true,"href":"https:\/\/www2.unifap.br\/sipli-norte\/wp-json\/wp\/v2\/pages\/86"}],"wp:attachment":[{"href":"https:\/\/www2.unifap.br\/sipli-norte\/wp-json\/wp\/v2\/media?parent=199"}],"curies":[{"name":"wp","href":"https:\/\/api.w.org\/{rel}","templated":true}]}}