{"id":220,"date":"2015-10-12T13:15:20","date_gmt":"2015-10-12T13:15:20","guid":{"rendered":"http:\/\/www2.unifap.br\/sipli-norte\/?page_id=220"},"modified":"2015-10-13T03:15:03","modified_gmt":"2015-10-13T03:15:03","slug":"conunicacoes","status":"publish","type":"page","link":"https:\/\/www2.unifap.br\/sipli-norte\/caderno-de-resumos\/conunicacoes\/","title":{"rendered":"Conunica\u00e7\u00f5es"},"content":{"rendered":"<p style=\"padding-left: 180px\"><a href=\"http:\/\/www2.unifap.br\/sipli-norte\/caderno-de-resumos\/conunicacoes\/documentacao-linguistica-e-estudos-lexicais\/\"><span style=\"color: #993300\"><strong>Documenta\u00e7\u00e3o Lingu\u00edstica e Estudos Lexicais<\/strong><\/span><\/a><\/p>\n<p style=\"padding-left: 180px\"><a href=\"http:\/\/www2.unifap.br\/sipli-norte\/caderno-de-resumos\/conunicacoes\/linguistica-aplicada\/\"><span style=\"color: #993300\"><strong>Lingu\u00edstica Aplicada<\/strong><\/span><\/a><\/p>\n<p style=\"padding-left: 180px\"><a href=\"http:\/\/www2.unifap.br\/sipli-norte\/caderno-de-resumos\/conunicacoes\/lingua-e-identidade-i\/\"><span style=\"color: #993300\"><strong>L\u00edngua e Identidade I<\/strong><\/span><\/a><\/p>\n<p style=\"padding-left: 180px\"><a href=\"http:\/\/www2.unifap.br\/sipli-norte\/caderno-de-resumos\/conunicacoes\/lingua-e-identidade-ii\/\"><span style=\"color: #993300\"><strong>L\u00edngua e Identidade II<\/strong><\/span><\/a><\/p>\n<p style=\"padding-left: 180px\"><a href=\"http:\/\/www2.unifap.br\/sipli-norte\/caderno-de-resumos\/conunicacoes\/teoria-e-analise-linguistica-i\/\"><span style=\"color: #993300\"><strong>Teoria e An\u00e1lise Lingu\u00edstica I<\/strong><\/span><\/a><\/p>\n<p style=\"padding-left: 180px\"><a href=\"http:\/\/www2.unifap.br\/sipli-norte\/caderno-de-resumos\/conunicacoes\/teoria-e-analise-linguistica-ii\/\"><span style=\"color: #993300\"><strong>Teoria e An\u00e1lise Lingu\u00edstica II<\/strong><\/span><\/a><\/p>\n<p style=\"padding-left: 180px\"><a href=\"http:\/\/www2.unifap.br\/sipli-norte\/caderno-de-resumos\/conunicacoes\/teoria-e-analise-iii\/\"><span style=\"color: #993300\"><strong>Teoria e An\u00e1lise Lingu\u00edstica III<\/strong><\/span><\/a><\/p>\n<p style=\"padding-left: 180px\"><a href=\"http:\/\/www2.unifap.br\/sipli-norte\/caderno-de-resumos\/conunicacoes\/variacao-linguistica\/\"><span style=\"color: #993300\"><strong>Varia\u00e7\u00e3o Lingu\u00edstica<\/strong><\/span><\/a><\/p>\n","protected":false},"excerpt":{"rendered":"<p>Documenta\u00e7\u00e3o Lingu\u00edstica e Estudos Lexicais Lingu\u00edstica Aplicada L\u00edngua e Identidade I L\u00edngua e Identidade II Teoria e An\u00e1lise Lingu\u00edstica I Teoria e An\u00e1lise Lingu\u00edstica II Teoria e An\u00e1lise Lingu\u00edstica III Varia\u00e7\u00e3o Lingu\u00edstica<\/p>\n","protected":false},"author":786,"featured_media":0,"parent":216,"menu_order":0,"comment_status":"closed","ping_status":"closed","template":"","meta":{"inline_featured_image":false,"ngg_post_thumbnail":0,"footnotes":""},"class_list":["post-220","page","type-page","status-publish","hentry"],"_links":{"self":[{"href":"https:\/\/www2.unifap.br\/sipli-norte\/wp-json\/wp\/v2\/pages\/220","targetHints":{"allow":["GET"]}}],"collection":[{"href":"https:\/\/www2.unifap.br\/sipli-norte\/wp-json\/wp\/v2\/pages"}],"about":[{"href":"https:\/\/www2.unifap.br\/sipli-norte\/wp-json\/wp\/v2\/types\/page"}],"author":[{"embeddable":true,"href":"https:\/\/www2.unifap.br\/sipli-norte\/wp-json\/wp\/v2\/users\/786"}],"replies":[{"embeddable":true,"href":"https:\/\/www2.unifap.br\/sipli-norte\/wp-json\/wp\/v2\/comments?post=220"}],"version-history":[{"count":3,"href":"https:\/\/www2.unifap.br\/sipli-norte\/wp-json\/wp\/v2\/pages\/220\/revisions"}],"predecessor-version":[{"id":312,"href":"https:\/\/www2.unifap.br\/sipli-norte\/wp-json\/wp\/v2\/pages\/220\/revisions\/312"}],"up":[{"embeddable":true,"href":"https:\/\/www2.unifap.br\/sipli-norte\/wp-json\/wp\/v2\/pages\/216"}],"wp:attachment":[{"href":"https:\/\/www2.unifap.br\/sipli-norte\/wp-json\/wp\/v2\/media?parent=220"}],"curies":[{"name":"wp","href":"https:\/\/api.w.org\/{rel}","templated":true}]}}