{"id":83,"date":"2015-07-21T16:21:21","date_gmt":"2015-07-21T16:21:21","guid":{"rendered":"http:\/\/www2.unifap.br\/sipli-norte\/?page_id=83"},"modified":"2015-07-21T23:32:55","modified_gmt":"2015-07-21T23:32:55","slug":"evento","status":"publish","type":"page","link":"https:\/\/www2.unifap.br\/sipli-norte\/evento\/","title":{"rendered":"O I SIPLI-Norte"},"content":{"rendered":"<p dir=\"ltr\">O<strong> I SIPLI-Norte<\/strong> busca consolidar os estudos de l\u00ednguas ind\u00edgenas em um estado em que s\u00e3o encontrados, atualmente, cinco povos ind\u00edgenas, pertencentes aos principais agrupamentos lingu\u00edstico-culturais da Amaz\u00f4nia: (i) Wajamp\u00ed (Tup\u00ed), falantes da l\u00edngua Wajamp\u00ed; Galib\u00ed-Marworno e Galibi do Oiapoque (Karib) que tem como l\u00edngua materna o Kh\u00e9oul; Palikur (Aru\u00e1k), falantes de Palikur; (iv) Karipuna (origem diversa), que tamb\u00e9m usam o Kh\u00e9oul como l\u00edngua materna. Entre todos estes povos, o portugu\u00eas avan\u00e7a cada vez mais e, ao lado do Kh\u00e9oul, \u00e9 a l\u00edngua materna dos Galibi-Marworno, Galibi do Oiapoque e Karipuna.<\/p>\n<p dir=\"ltr\">A regi\u00e3o em que estas l\u00ednguas est\u00e3o inseridas apresenta uma grande diversidade lingu\u00edstica. Ao considerarmos a macro-regi\u00e3o denominada de \u201cPlat\u00f4\u201d das Guianas (Amap\u00e1, norte do Par\u00e1, Roraima, Venezuela, Guiana, Suriname e Guiana Francesa) temos, por exemplo: (i) na serra do Tumucumaque, na fronteira do Brasil com Suriname e Guiana Francesa, s\u00e3o encontrados os Tiriy\u00f3, os Katxuyana, os Apalai e os Wayana, todos em territ\u00f3rio brasileiro; (ii) os Emerrilon, povo Tup\u00ed, tal como os Wajamp\u00ed e o Zo\u2019\u00e9 (norte do Par\u00e1), est\u00e3o na Guiana Francesa; (iii) um subgrupo Tiriy\u00f3, os Trio, est\u00e3o no Suriname. O contexto lingu\u00edstico\/cultural desta regi\u00e3o n\u00e3o difere daquele encontrado em toda a regi\u00e3o amaz\u00f4nica, ou seja, essencialmente multilingue e multicultural.<\/p>\n<p>&nbsp;<\/p>\n","protected":false},"excerpt":{"rendered":"<p>O I SIPLI-Norte busca consolidar os estudos de l\u00ednguas ind\u00edgenas em um estado em que s\u00e3o encontrados, atualmente, cinco povos ind\u00edgenas, pertencentes aos principais agrupamentos lingu\u00edstico-culturais da Amaz\u00f4nia: (i) Wajamp\u00ed (Tup\u00ed), falantes da l\u00edngua Wajamp\u00ed; Galib\u00ed-Marworno e Galibi do Oiapoque&hellip; <\/p>\n<p><a href=\"https:\/\/www2.unifap.br\/sipli-norte\/evento\/\" class=\"readmore-button\">Continue Reading<\/a><\/p>\n","protected":false},"author":786,"featured_media":0,"parent":0,"menu_order":1,"comment_status":"closed","ping_status":"closed","template":"","meta":{"inline_featured_image":false,"ngg_post_thumbnail":0,"footnotes":""},"class_list":["post-83","page","type-page","status-publish","hentry"],"_links":{"self":[{"href":"https:\/\/www2.unifap.br\/sipli-norte\/wp-json\/wp\/v2\/pages\/83","targetHints":{"allow":["GET"]}}],"collection":[{"href":"https:\/\/www2.unifap.br\/sipli-norte\/wp-json\/wp\/v2\/pages"}],"about":[{"href":"https:\/\/www2.unifap.br\/sipli-norte\/wp-json\/wp\/v2\/types\/page"}],"author":[{"embeddable":true,"href":"https:\/\/www2.unifap.br\/sipli-norte\/wp-json\/wp\/v2\/users\/786"}],"replies":[{"embeddable":true,"href":"https:\/\/www2.unifap.br\/sipli-norte\/wp-json\/wp\/v2\/comments?post=83"}],"version-history":[{"count":3,"href":"https:\/\/www2.unifap.br\/sipli-norte\/wp-json\/wp\/v2\/pages\/83\/revisions"}],"predecessor-version":[{"id":118,"href":"https:\/\/www2.unifap.br\/sipli-norte\/wp-json\/wp\/v2\/pages\/83\/revisions\/118"}],"wp:attachment":[{"href":"https:\/\/www2.unifap.br\/sipli-norte\/wp-json\/wp\/v2\/media?parent=83"}],"curies":[{"name":"wp","href":"https:\/\/api.w.org\/{rel}","templated":true}]}}