{"id":98,"date":"2015-07-21T19:11:59","date_gmt":"2015-07-21T19:11:59","guid":{"rendered":"http:\/\/www2.unifap.br\/sipli-norte\/?page_id=98"},"modified":"2015-10-13T03:53:59","modified_gmt":"2015-10-13T03:53:59","slug":"neli","status":"publish","type":"page","link":"https:\/\/www2.unifap.br\/sipli-norte\/neli\/","title":{"rendered":"O NELI"},"content":{"rendered":"<p dir=\"ltr\">O <em>I SIPLI-Norte<strong>\u00a0<\/strong><\/em>\u00a0\u00e9 promovido pelo <strong>N\u00facleo de Estudos de L\u00ednguas Ind\u00edgenas (NELI)<\/strong>, grupo de pesquisa sediado na Universidade Federal do Amap\u00e1 (Unifap) e formado por pesquisadores e estudantes da pr\u00f3pria institui\u00e7\u00e3o e ainda por pesquisadores da Universidade Federal do Par\u00e1 (UFPA), Universidade Federal de Roraima (UFRR) e Universidade do Estado do Amap\u00e1 (UEAP). O <strong>NELI<\/strong> foi fundado em 2012 pelo Prof. Dr. Antonio Almir Silva Gomes (Unifap) e pela Profa. Dra. Angela Fabiola Alves Chagas (UFPA), com o intuito principal de promover a divulga\u00e7\u00e3o e o debate sobre l\u00ednguas ind\u00edgenas e, necessariamente, a forma\u00e7\u00e3o de pesquisadores em l\u00ednguas ind\u00edgenas.<\/p>\n","protected":false},"excerpt":{"rendered":"<p>O I SIPLI-Norte\u00a0\u00a0\u00e9 promovido pelo N\u00facleo de Estudos de L\u00ednguas Ind\u00edgenas (NELI), grupo de pesquisa sediado na Universidade Federal do Amap\u00e1 (Unifap) e formado por pesquisadores e estudantes da pr\u00f3pria institui\u00e7\u00e3o e ainda por pesquisadores da Universidade Federal do Par\u00e1&hellip; <\/p>\n<p><a href=\"https:\/\/www2.unifap.br\/sipli-norte\/neli\/\" class=\"readmore-button\">Continue Reading<\/a><\/p>\n","protected":false},"author":786,"featured_media":0,"parent":0,"menu_order":3,"comment_status":"closed","ping_status":"closed","template":"","meta":{"inline_featured_image":false,"ngg_post_thumbnail":0,"footnotes":""},"class_list":["post-98","page","type-page","status-publish","hentry"],"_links":{"self":[{"href":"https:\/\/www2.unifap.br\/sipli-norte\/wp-json\/wp\/v2\/pages\/98","targetHints":{"allow":["GET"]}}],"collection":[{"href":"https:\/\/www2.unifap.br\/sipli-norte\/wp-json\/wp\/v2\/pages"}],"about":[{"href":"https:\/\/www2.unifap.br\/sipli-norte\/wp-json\/wp\/v2\/types\/page"}],"author":[{"embeddable":true,"href":"https:\/\/www2.unifap.br\/sipli-norte\/wp-json\/wp\/v2\/users\/786"}],"replies":[{"embeddable":true,"href":"https:\/\/www2.unifap.br\/sipli-norte\/wp-json\/wp\/v2\/comments?post=98"}],"version-history":[{"count":3,"href":"https:\/\/www2.unifap.br\/sipli-norte\/wp-json\/wp\/v2\/pages\/98\/revisions"}],"predecessor-version":[{"id":192,"href":"https:\/\/www2.unifap.br\/sipli-norte\/wp-json\/wp\/v2\/pages\/98\/revisions\/192"}],"wp:attachment":[{"href":"https:\/\/www2.unifap.br\/sipli-norte\/wp-json\/wp\/v2\/media?parent=98"}],"curies":[{"name":"wp","href":"https:\/\/api.w.org\/{rel}","templated":true}]}}