{"id":10,"date":"2015-08-07T18:02:06","date_gmt":"2015-08-07T18:02:06","guid":{"rendered":"http:\/\/www2.unifap.br\/snct\/?page_id=10"},"modified":"2015-10-19T02:53:40","modified_gmt":"2015-10-19T02:53:40","slug":"o-que-e-a-snct","status":"publish","type":"page","link":"https:\/\/www2.unifap.br\/snct\/o-que-e-a-snct\/","title":{"rendered":"O que \u00e9 a SNCT?"},"content":{"rendered":"<h1 id=\"aui_3_4_0_1_1242\" style=\"text-align: center\">A Semana Nacional de Ci\u00eancia e Tecnologia<\/h1>\n<h3 style=\"text-align: center\"><a href=\"\/\/www2.unifap.br\/snct\/files\/2015\/10\/lista-final-site-p-internet.xls\" target=\"_blank\">ATEN\u00c7\u00c3O: CONFIRA A LISTA ATUALIZADA DE INSCRITOS PELO NOSSO SITE, ATUALIZADA (E FINALIZADA) \u00c0S 00H25 DE 19\/10\/2015. N\u00c3O ESQUE\u00c7A DE REALIZAR O SEU CREDENCIAMENTO NOS LOCAIS EM QUE A SEMANA OCORRER\u00c1.<\/a><\/h3>\n<h3 style=\"text-align: justify\"><span style=\"color: #000000\">A SNCT foi estabelecida pelo Decreto N\u00ba 5.101, de 8 de Junho de 2004. Ela \u00e9 realizada no m\u00eas de outubro sob a coordena\u00e7\u00e3o do MCTI &#8211; por meio do Departamento de Difus\u00e3o e Populariza\u00e7\u00e3o da Ci\u00eancia e Tecnologia (DEPDI\/SECIS) &#8211; e conta com a colabora\u00e7\u00e3o de secretarias estaduais e municipais, ag\u00eancias de fomento, espa\u00e7os cient\u00edfico-culturais, institui\u00e7\u00f5es de ensino e pesquisa, sociedades cient\u00edficas, escolas, \u00f3rg\u00e3os governamentais, empresas de base tecnol\u00f3gica e entidades da sociedade civil.<\/span><\/h3>\n<h3 style=\"text-align: justify\"><span style=\"color: #000000\">\u00a0<\/span><span style=\"color: #000000\">\u00a0<\/span><span style=\"color: #000000\">Tem o Objetivo de aproximar a Ci\u00eancia e Tecnologia da popula\u00e7\u00e3o, promovendo eventos que congregam centenas de institui\u00e7\u00f5es a fim de realizarem atividades de divulga\u00e7\u00e3o cient\u00edfica em todo o Pa\u00eds em linguagem acess\u00edvel \u00e0 popula\u00e7\u00e3o e por meio inovadores que estimulem a curiosidade emotivem a popula\u00e7\u00e3o a discutir as implica\u00e7\u00f5es sociais da Ci\u00eancia e aprofundar seus conhecimentos sobre o tema.<\/span><\/h3>\n","protected":false},"excerpt":{"rendered":"<p>A Semana Nacional de Ci\u00eancia e Tecnologia ATEN\u00c7\u00c3O: CONFIRA A LISTA ATUALIZADA DE INSCRITOS PELO NOSSO SITE, ATUALIZADA (E FINALIZADA) \u00c0S 00H25 DE 19\/10\/2015. N\u00c3O ESQUE\u00c7A DE REALIZAR O SEU CREDENCIAMENTO NOS LOCAIS EM QUE A SEMANA OCORRER\u00c1. A SNCT&hellip; <\/p>\n<p><a href=\"https:\/\/www2.unifap.br\/snct\/o-que-e-a-snct\/\" class=\"readmore-button\">Continue Reading<\/a><\/p>\n","protected":false},"author":168,"featured_media":0,"parent":0,"menu_order":1,"comment_status":"open","ping_status":"open","template":"","meta":{"inline_featured_image":false,"ngg_post_thumbnail":0,"footnotes":""},"class_list":["post-10","page","type-page","status-publish","hentry"],"_links":{"self":[{"href":"https:\/\/www2.unifap.br\/snct\/wp-json\/wp\/v2\/pages\/10","targetHints":{"allow":["GET"]}}],"collection":[{"href":"https:\/\/www2.unifap.br\/snct\/wp-json\/wp\/v2\/pages"}],"about":[{"href":"https:\/\/www2.unifap.br\/snct\/wp-json\/wp\/v2\/types\/page"}],"author":[{"embeddable":true,"href":"https:\/\/www2.unifap.br\/snct\/wp-json\/wp\/v2\/users\/168"}],"replies":[{"embeddable":true,"href":"https:\/\/www2.unifap.br\/snct\/wp-json\/wp\/v2\/comments?post=10"}],"version-history":[{"count":5,"href":"https:\/\/www2.unifap.br\/snct\/wp-json\/wp\/v2\/pages\/10\/revisions"}],"predecessor-version":[{"id":190,"href":"https:\/\/www2.unifap.br\/snct\/wp-json\/wp\/v2\/pages\/10\/revisions\/190"}],"wp:attachment":[{"href":"https:\/\/www2.unifap.br\/snct\/wp-json\/wp\/v2\/media?parent=10"}],"curies":[{"name":"wp","href":"https:\/\/api.w.org\/{rel}","templated":true}]}}