{"id":14,"date":"2015-08-07T18:03:03","date_gmt":"2015-08-07T18:03:03","guid":{"rendered":"http:\/\/www2.unifap.br\/snct\/?page_id=14"},"modified":"2015-10-19T02:53:19","modified_gmt":"2015-10-19T02:53:19","slug":"programacao","status":"publish","type":"page","link":"https:\/\/www2.unifap.br\/snct\/programacao\/","title":{"rendered":"Programa\u00e7\u00e3o"},"content":{"rendered":"<p style=\"text-align: center\"><span style=\"text-decoration: underline\"><strong><span style=\"color: #000080;text-decoration: underline\"><span style=\"color: #000080;text-decoration: underline\"><span style=\"color: #800000\"><a href=\"http:\/\/www2.unifap.br\/snct\/files\/2015\/08\/livreto-snct-2015-revisado.pdf\">Programa\u00e7\u00e3o SNCT 2015 UNIFAP\/Campus marco Zero &#8211; Atualizada.<\/a><\/span><\/span><br \/>\n<\/span><\/strong><\/span><\/p>\n<p style=\"text-align: center\"><span style=\"text-decoration: underline;color: #ff6600\"><strong><a href=\"http:\/\/www2.unifap.br\/snct\/files\/2015\/08\/programa\u00e7\u00e3o_snct_oiapoque.pdf\"><span style=\"color: #ff6600;text-decoration: underline\">PROGRAMA\u00c7\u00c3O SNCT 2015 UNIFAP\/CAMPUS BINACIONAL OIAPOQUE<\/span><\/a><\/strong><\/span><\/p>\n<p style=\"text-align: center\"><span style=\"text-decoration: underline\"><span style=\"color: #0000ff;text-decoration: underline\"><strong><a href=\"http:\/\/www2.unifap.br\/snct\/files\/2015\/08\/V-Congresso-IC_Programa\u00e7\u00e3o-Geral.pdf\"><span style=\"color: #0000ff;text-decoration: underline\">V CONGRESSO DE INICIA\u00c7\u00c3O CIENT\u00cdFICA &#8211; PROGRAMA\u00c7\u00c3O GERAL<\/span><\/a><\/strong><\/span><\/span><\/p>\n<p style=\"text-align: center\">\n<h3 style=\"text-align: center\"><a href=\"\/\/www2.unifap.br\/snct\/files\/2015\/10\/lista-final-site-p-internet.xls\" target=\"_blank\">ATEN\u00c7\u00c3O: CONFIRA A LISTA ATUALIZADA DE INSCRITOS PELO NOSSO SITE, ATUALIZADA (E FINALIZADA) \u00c0S 00H25 DE 19\/10\/2015. N\u00c3O ESQUE\u00c7A DE REALIZAR O SEU CREDENCIAMENTO NOS LOCAIS EM QUE A SEMANA OCORRER\u00c1.<\/a><\/h3>\n","protected":false},"excerpt":{"rendered":"<p>Programa\u00e7\u00e3o SNCT 2015 UNIFAP\/Campus marco Zero &#8211; Atualizada. PROGRAMA\u00c7\u00c3O SNCT 2015 UNIFAP\/CAMPUS BINACIONAL OIAPOQUE V CONGRESSO DE INICIA\u00c7\u00c3O CIENT\u00cdFICA &#8211; PROGRAMA\u00c7\u00c3O GERAL ATEN\u00c7\u00c3O: CONFIRA A LISTA ATUALIZADA DE INSCRITOS PELO NOSSO SITE, ATUALIZADA (E FINALIZADA) \u00c0S 00H25 DE 19\/10\/2015. N\u00c3O&hellip; <\/p>\n<p><a href=\"https:\/\/www2.unifap.br\/snct\/programacao\/\" class=\"readmore-button\">Continue Reading<\/a><\/p>\n","protected":false},"author":168,"featured_media":0,"parent":0,"menu_order":2,"comment_status":"open","ping_status":"open","template":"","meta":{"inline_featured_image":false,"ngg_post_thumbnail":0,"footnotes":""},"class_list":["post-14","page","type-page","status-publish","hentry"],"_links":{"self":[{"href":"https:\/\/www2.unifap.br\/snct\/wp-json\/wp\/v2\/pages\/14","targetHints":{"allow":["GET"]}}],"collection":[{"href":"https:\/\/www2.unifap.br\/snct\/wp-json\/wp\/v2\/pages"}],"about":[{"href":"https:\/\/www2.unifap.br\/snct\/wp-json\/wp\/v2\/types\/page"}],"author":[{"embeddable":true,"href":"https:\/\/www2.unifap.br\/snct\/wp-json\/wp\/v2\/users\/168"}],"replies":[{"embeddable":true,"href":"https:\/\/www2.unifap.br\/snct\/wp-json\/wp\/v2\/comments?post=14"}],"version-history":[{"count":30,"href":"https:\/\/www2.unifap.br\/snct\/wp-json\/wp\/v2\/pages\/14\/revisions"}],"predecessor-version":[{"id":195,"href":"https:\/\/www2.unifap.br\/snct\/wp-json\/wp\/v2\/pages\/14\/revisions\/195"}],"wp:attachment":[{"href":"https:\/\/www2.unifap.br\/snct\/wp-json\/wp\/v2\/media?parent=14"}],"curies":[{"name":"wp","href":"https:\/\/api.w.org\/{rel}","templated":true}]}}