{"id":6,"date":"2015-08-07T18:01:12","date_gmt":"2015-08-07T18:01:12","guid":{"rendered":"http:\/\/www2.unifap.br\/snct\/?page_id=6"},"modified":"2015-10-19T02:55:04","modified_gmt":"2015-10-19T02:55:04","slug":"inscricoes","status":"publish","type":"page","link":"https:\/\/www2.unifap.br\/snct\/inscricoes\/","title":{"rendered":"Inscri\u00e7\u00f5es"},"content":{"rendered":"<h3 style=\"text-align: center\"><a href=\"\/\/www2.unifap.br\/snct\/files\/2015\/10\/lista-final-site-p-internet.xls\" target=\"_blank\">INSCRI\u00c7\u00d5ES ENCERRADAS PELO SITE. <\/a><\/h3>\n<h3 style=\"text-align: center\"><a href=\"\/\/www2.unifap.br\/snct\/files\/2015\/10\/lista-final-site-p-internet.xls\" target=\"_blank\">ATEN\u00c7\u00c3O: CONFIRA A LISTA ATUALIZADA DE INSCRITOS PELO NOSSO SITE, ATUALIZADA (E FINALIZADA) \u00c0S 00H25 DE 19\/10\/2015. N\u00c3O ESQUE\u00c7A DE REALIZAR O SEU CREDENCIAMENTO NOS LOCAIS EM QUE A SEMANA OCORRER\u00c1.<\/a><\/h3>\n<p style=\"text-align: center\"><a style=\"line-height: 1.5em\" href=\"https:\/\/docs.google.com\/forms\/d\/1_VloC-x-mR1d9AyYrpp0gH42BjEFxE1oxI4NrfSmd7o\/viewform\" target=\"_blank\"><strong>\u00a0<\/strong><\/a><\/p>\n","protected":false},"excerpt":{"rendered":"<p>INSCRI\u00c7\u00d5ES ENCERRADAS PELO SITE. ATEN\u00c7\u00c3O: CONFIRA A LISTA ATUALIZADA DE INSCRITOS PELO NOSSO SITE, ATUALIZADA (E FINALIZADA) \u00c0S 00H25 DE 19\/10\/2015. N\u00c3O ESQUE\u00c7A DE REALIZAR O SEU CREDENCIAMENTO NOS LOCAIS EM QUE A SEMANA OCORRER\u00c1. \u00a0<\/p>\n","protected":false},"author":168,"featured_media":0,"parent":0,"menu_order":3,"comment_status":"open","ping_status":"open","template":"","meta":{"inline_featured_image":false,"ngg_post_thumbnail":0,"footnotes":""},"class_list":["post-6","page","type-page","status-publish","hentry"],"_links":{"self":[{"href":"https:\/\/www2.unifap.br\/snct\/wp-json\/wp\/v2\/pages\/6","targetHints":{"allow":["GET"]}}],"collection":[{"href":"https:\/\/www2.unifap.br\/snct\/wp-json\/wp\/v2\/pages"}],"about":[{"href":"https:\/\/www2.unifap.br\/snct\/wp-json\/wp\/v2\/types\/page"}],"author":[{"embeddable":true,"href":"https:\/\/www2.unifap.br\/snct\/wp-json\/wp\/v2\/users\/168"}],"replies":[{"embeddable":true,"href":"https:\/\/www2.unifap.br\/snct\/wp-json\/wp\/v2\/comments?post=6"}],"version-history":[{"count":18,"href":"https:\/\/www2.unifap.br\/snct\/wp-json\/wp\/v2\/pages\/6\/revisions"}],"predecessor-version":[{"id":194,"href":"https:\/\/www2.unifap.br\/snct\/wp-json\/wp\/v2\/pages\/6\/revisions\/194"}],"wp:attachment":[{"href":"https:\/\/www2.unifap.br\/snct\/wp-json\/wp\/v2\/media?parent=6"}],"curies":[{"name":"wp","href":"https:\/\/api.w.org\/{rel}","templated":true}]}}