{"id":2309,"date":"2021-11-12T01:02:10","date_gmt":"2021-11-12T01:02:10","guid":{"rendered":"http:\/\/www2.unifap.br\/teatro\/?page_id=2309"},"modified":"2026-03-18T00:21:52","modified_gmt":"2026-03-18T00:21:52","slug":"atendimento-ao-discente","status":"publish","type":"page","link":"https:\/\/www2.unifap.br\/teatro\/atendimento-ao-discente\/","title":{"rendered":"Atendimento ao discente"},"content":{"rendered":"<h4><img decoding=\"async\" src=\"http:\/\/www2.unifap.br\/teatro\/files\/2026\/03\/ATENDIMENTO-AO-DISCENTE_pages-to-jpg-0001.jpg\" \/><\/h4>\n<p>&nbsp;<\/p>\n<h4><strong>ATEN\u00c7\u00c3O<\/strong><\/h4>\n<p>A retirada e a entrega da chave do ACERVO devem ser realizadas no per\u00edodo de atendimento desta coordena\u00e7\u00e3o, observando a exig\u00eancia de preenchimento completo de todas as informa\u00e7\u00f5es necess\u00e1rias no formul\u00e1rio de controle impresso. Qualquer necessidade fora do hor\u00e1rio de atendimento, apresentado neste documento, dever\u00e1 ser solicitada \u00e0 coordena\u00e7\u00e3o, via e-mail institucional (teatro@unifap.br), por meio do requerimento dispon\u00edvel no site do Curso de Licenciatura em Teatro (https:\/\/www2.unifap.br\/teatro\/atendimento-ao-discente\/), com anteced\u00eancia m\u00ednima de 72 horas.<\/p>\n<h4>Para solicita\u00e7\u00f5es diversas sugerimos o preenchimento e envio por e-mail deste <a href=\"https:\/\/www2.unifap.br\/teatro\/files\/2021\/11\/REQUERIMENTO.docx\" rel=\"attachment wp-att-2310\">REQUERIMENTO<\/a><\/h4>\n<h3><\/h3>\n","protected":false},"excerpt":{"rendered":"<p>&nbsp; ATEN\u00c7\u00c3O A retirada e a entrega da chave do ACERVO devem ser realizadas no per\u00edodo de atendimento desta coordena\u00e7\u00e3o, observando a exig\u00eancia de preenchimento completo de todas as informa\u00e7\u00f5es necess\u00e1rias no formul\u00e1rio de controle impresso. Qualquer necessidade fora do hor\u00e1rio de atendimento, apresentado neste documento, dever\u00e1 ser solicitada \u00e0 coordena\u00e7\u00e3o, via e-mail institucional (teatro@unifap.br),&#8230;<\/p>\n","protected":false},"author":421,"featured_media":0,"parent":0,"menu_order":0,"comment_status":"closed","ping_status":"closed","template":"","meta":{"inline_featured_image":false,"site-sidebar-layout":"default","site-content-layout":"default","ast-site-content-layout":"default","site-content-style":"default","site-sidebar-style":"default","ast-global-header-display":"","ast-banner-title-visibility":"","ast-main-header-display":"","ast-hfb-above-header-display":"","ast-hfb-below-header-display":"","ast-hfb-mobile-header-display":"","site-post-title":"","ast-breadcrumbs-content":"","ast-featured-img":"","footer-sml-layout":"","theme-transparent-header-meta":"default","adv-header-id-meta":"","stick-header-meta":"","header-above-stick-meta":"","header-main-stick-meta":"","header-below-stick-meta":"","astra-migrate-meta-layouts":"set","ast-page-background-enabled":"default","ast-page-background-meta":{"desktop":{"background-color":"var(--ast-global-color-4)","background-image":"","background-repeat":"repeat","background-position":"center center","background-size":"auto","background-attachment":"scroll","background-type":"","background-media":"","overlay-type":"","overlay-color":"","overlay-opacity":"","overlay-gradient":""},"tablet":{"background-color":"","background-image":"","background-repeat":"repeat","background-position":"center center","background-size":"auto","background-attachment":"scroll","background-type":"","background-media":"","overlay-type":"","overlay-color":"","overlay-opacity":"","overlay-gradient":""},"mobile":{"background-color":"","background-image":"","background-repeat":"repeat","background-position":"center center","background-size":"auto","background-attachment":"scroll","background-type":"","background-media":"","overlay-type":"","overlay-color":"","overlay-opacity":"","overlay-gradient":""}},"ast-content-background-meta":{"desktop":{"background-color":"var(--ast-global-color-5)","background-image":"","background-repeat":"repeat","background-position":"center center","background-size":"auto","background-attachment":"scroll","background-type":"","background-media":"","overlay-type":"","overlay-color":"","overlay-opacity":"","overlay-gradient":""},"tablet":{"background-color":"var(--ast-global-color-5)","background-image":"","background-repeat":"repeat","background-position":"center center","background-size":"auto","background-attachment":"scroll","background-type":"","background-media":"","overlay-type":"","overlay-color":"","overlay-opacity":"","overlay-gradient":""},"mobile":{"background-color":"var(--ast-global-color-5)","background-image":"","background-repeat":"repeat","background-position":"center center","background-size":"auto","background-attachment":"scroll","background-type":"","background-media":"","overlay-type":"","overlay-color":"","overlay-opacity":"","overlay-gradient":""}},"ngg_post_thumbnail":0,"footnotes":""},"class_list":["post-2309","page","type-page","status-publish","hentry"],"_links":{"self":[{"href":"https:\/\/www2.unifap.br\/teatro\/wp-json\/wp\/v2\/pages\/2309","targetHints":{"allow":["GET"]}}],"collection":[{"href":"https:\/\/www2.unifap.br\/teatro\/wp-json\/wp\/v2\/pages"}],"about":[{"href":"https:\/\/www2.unifap.br\/teatro\/wp-json\/wp\/v2\/types\/page"}],"author":[{"embeddable":true,"href":"https:\/\/www2.unifap.br\/teatro\/wp-json\/wp\/v2\/users\/421"}],"replies":[{"embeddable":true,"href":"https:\/\/www2.unifap.br\/teatro\/wp-json\/wp\/v2\/comments?post=2309"}],"version-history":[{"count":19,"href":"https:\/\/www2.unifap.br\/teatro\/wp-json\/wp\/v2\/pages\/2309\/revisions"}],"predecessor-version":[{"id":3897,"href":"https:\/\/www2.unifap.br\/teatro\/wp-json\/wp\/v2\/pages\/2309\/revisions\/3897"}],"wp:attachment":[{"href":"https:\/\/www2.unifap.br\/teatro\/wp-json\/wp\/v2\/media?parent=2309"}],"curies":[{"name":"wp","href":"https:\/\/api.w.org\/{rel}","templated":true}]}}