{"id":108,"date":"2023-03-03T15:40:57","date_gmt":"2023-03-03T18:40:57","guid":{"rendered":"https:\/\/www2.unifap.br\/training\/?page_id=108"},"modified":"2025-06-10T19:22:52","modified_gmt":"2025-06-10T22:22:52","slug":"equipe","status":"publish","type":"page","link":"https:\/\/www2.unifap.br\/training\/equipe\/","title":{"rendered":"Equipe"},"content":{"rendered":"\t\t<div data-elementor-type=\"wp-page\" data-elementor-id=\"108\" class=\"elementor elementor-108\">\n\t\t\t\t\t\t<section class=\"elementor-section elementor-top-section elementor-element elementor-element-387afa16 elementor-section-boxed elementor-section-height-default elementor-section-height-default\" data-id=\"387afa16\" data-element_type=\"section\" data-e-type=\"section\">\n\t\t\t\t\t\t<div class=\"elementor-container elementor-column-gap-default\">\n\t\t\t\t\t<div class=\"elementor-column elementor-col-100 elementor-top-column elementor-element elementor-element-49430fac\" data-id=\"49430fac\" data-element_type=\"column\" data-e-type=\"column\">\n\t\t\t<div class=\"elementor-widget-wrap elementor-element-populated\">\n\t\t\t\t\t\t<div class=\"elementor-element elementor-element-3c38234f elementor-widget elementor-widget-text-editor\" data-id=\"3c38234f\" data-element_type=\"widget\" data-e-type=\"widget\" data-widget_type=\"text-editor.default\">\n\t\t\t\t<div class=\"elementor-widget-container\">\n\t\t\t\t\t\t\t\t\t<h4><strong>COORDENA\u00c7\u00c3O ADMINISTRATIVA<\/strong><\/h4>\t\t\t\t\t\t\t\t<\/div>\n\t\t\t\t<\/div>\n\t\t\t\t\t<\/div>\n\t\t<\/div>\n\t\t\t\t\t<\/div>\n\t\t<\/section>\n\t\t\t\t<section class=\"elementor-section elementor-top-section elementor-element elementor-element-5539c3c elementor-section-boxed elementor-section-height-default elementor-section-height-default\" data-id=\"5539c3c\" data-element_type=\"section\" data-e-type=\"section\">\n\t\t\t\t\t\t<div class=\"elementor-container elementor-column-gap-default\">\n\t\t\t\t\t<div class=\"elementor-column elementor-col-33 elementor-top-column elementor-element elementor-element-a8355ac\" data-id=\"a8355ac\" data-element_type=\"column\" data-e-type=\"column\">\n\t\t\t<div class=\"elementor-widget-wrap elementor-element-populated\">\n\t\t\t\t\t\t<div class=\"elementor-element elementor-element-5538b18 elementor-widget elementor-widget-text-editor\" data-id=\"5538b18\" data-element_type=\"widget\" data-e-type=\"widget\" data-widget_type=\"text-editor.default\">\n\t\t\t\t<div class=\"elementor-widget-container\">\n\t\t\t\t\t\t\t\t\t<p><img decoding=\"async\" class=\" wp-image-109 alignleft\" src=\"http:\/\/www2.unifap.br\/training\/files\/2023\/03\/Simone.png\" alt=\"\" width=\"124\" height=\"148\" \/><strong style=\"font-size: 16px\"><span style=\"color: var( --e-global-color-text );font-family: var( --e-global-typography-text-font-family ), Sans-serif;font-size: inherit\">Simone de Almeida Delphim Leal &#8211;\u00a0 <\/span><\/strong><span style=\"font-size: 16px\">Coordenadora<\/span><\/p><p>Graduada em Matem\u00e1tica, possui mestrado e doutorado em Modelagem Computacional pelo Laborat\u00f3rio Nacional de Computa\u00e7\u00e3o Cient\u00edfica(LNCC\/RJ) e p\u00f3s-doutorado no Instituto de Matem\u00e1tica Pura e Aplicada(IMPA). Atualmente na Universidade Federal do Amap\u00e1 desenvolvendo pesquisas em otimiza\u00e7\u00e3o e m\u00e9todos num\u00e9ricos estabilizados aplicados a equa\u00e7\u00e3o difusiva e em Educa\u00e7\u00e3o Matem\u00e1tica voltada a forma\u00e7\u00e3o necess\u00e1ria ao Mestrado Profissional em Matem\u00e1tica. Suas \u00e1reas de pesquisas abrangem ainda a utiliza\u00e7\u00e3o da rob\u00f3tica educacional e Educa\u00e7\u00e3o Matem\u00e1tica Inclusiva. Atuou tamb\u00e9m como representa\u00e7\u00e3o da OBR no estado do Amap\u00e1.<\/p>\t\t\t\t\t\t\t\t<\/div>\n\t\t\t\t<\/div>\n\t\t\t\t\t<\/div>\n\t\t<\/div>\n\t\t\t\t<div class=\"elementor-column elementor-col-33 elementor-top-column elementor-element elementor-element-9580295\" data-id=\"9580295\" data-element_type=\"column\" data-e-type=\"column\">\n\t\t\t<div class=\"elementor-widget-wrap elementor-element-populated\">\n\t\t\t\t\t\t<div class=\"elementor-element elementor-element-21885d1 elementor-widget elementor-widget-text-editor\" data-id=\"21885d1\" data-element_type=\"widget\" data-e-type=\"widget\" data-widget_type=\"text-editor.default\">\n\t\t\t\t<div class=\"elementor-widget-container\">\n\t\t\t\t\t\t\t\t\t<p><span style=\"font-weight: bold\"><img decoding=\"async\" class=\"wp-image-225 alignleft\" src=\"http:\/\/www2.unifap.br\/training\/files\/2023\/03\/WhatsApp-Image-2023-03-06-at-11.02.28-768x1024.jpeg\" alt=\"\" width=\"106\" height=\"141\" srcset=\"https:\/\/www2.unifap.br\/training\/files\/2023\/03\/WhatsApp-Image-2023-03-06-at-11.02.28-768x1024.jpeg 768w, https:\/\/www2.unifap.br\/training\/files\/2023\/03\/WhatsApp-Image-2023-03-06-at-11.02.28-225x300.jpeg 225w, https:\/\/www2.unifap.br\/training\/files\/2023\/03\/WhatsApp-Image-2023-03-06-at-11.02.28-1152x1536.jpeg 1152w, https:\/\/www2.unifap.br\/training\/files\/2023\/03\/WhatsApp-Image-2023-03-06-at-11.02.28-113x150.jpeg 113w, https:\/\/www2.unifap.br\/training\/files\/2023\/03\/WhatsApp-Image-2023-03-06-at-11.02.28.jpeg 1200w\" sizes=\"(max-width: 106px) 100vw, 106px\" \/><\/span><strong>Isaac Vieira dos Santos<\/strong>&nbsp;&#8211; Coordenador Administrativo<\/p>\n<p>Administrador, mestrando em Propriedade Intelectual e Transfer\u00eancia de Tecnologia para a Inova\u00e7\u00e3o (PROFNIT &#8211; UNIFAP), especialista em Gest\u00e3o e Doc\u00eancia do Ensino Superior pela Faculdade de Teologia e Ci\u00eancias Humanas (2016). Administrador da Universidade Federal do Amap\u00e1 desde o ano de 2016, tendo atuado no Planejamento Estrat\u00e9gico, Gest\u00e3o de Riscos, Gest\u00e3o de Integridade, Gest\u00e3o de Processos, Indicadores de Gest\u00e3o, entre outras atividades.<\/p>\t\t\t\t\t\t\t\t<\/div>\n\t\t\t\t<\/div>\n\t\t\t\t\t<\/div>\n\t\t<\/div>\n\t\t\t\t<div class=\"elementor-column elementor-col-33 elementor-top-column elementor-element elementor-element-7765e20\" data-id=\"7765e20\" data-element_type=\"column\" data-e-type=\"column\">\n\t\t\t<div class=\"elementor-widget-wrap elementor-element-populated\">\n\t\t\t\t\t\t\t<\/div>\n\t\t<\/div>\n\t\t\t\t\t<\/div>\n\t\t<\/section>\n\t\t\t\t<section class=\"elementor-section elementor-top-section elementor-element elementor-element-419ffdc elementor-section-boxed elementor-section-height-default elementor-section-height-default\" data-id=\"419ffdc\" data-element_type=\"section\" data-e-type=\"section\">\n\t\t\t\t\t\t<div class=\"elementor-container elementor-column-gap-default\">\n\t\t\t\t\t<div class=\"elementor-column elementor-col-25 elementor-top-column elementor-element elementor-element-69a987b\" data-id=\"69a987b\" data-element_type=\"column\" data-e-type=\"column\">\n\t\t\t<div class=\"elementor-widget-wrap elementor-element-populated\">\n\t\t\t\t\t\t<div class=\"elementor-element elementor-element-2427fd1 elementor-widget elementor-widget-text-editor\" data-id=\"2427fd1\" data-element_type=\"widget\" data-e-type=\"widget\" data-widget_type=\"text-editor.default\">\n\t\t\t\t<div class=\"elementor-widget-container\">\n\t\t\t\t\t\t\t\t\t<p style=\"text-align: center\"><img decoding=\"async\" class=\"aligncenter\" src=\"https:\/\/sigrh.unifap.br\/sigrh\/verFoto?idArquivo=95128&amp;key=631a99d5e63870112e8a093ef64a65bb\" width=\"161\" height=\"202\" \/><strong> Jefferson da Silva Martins\u00a0 \u00a0 \u00a0 \u00a0 \u00a0 \u00a0 \u00a0 \u00a0 \u00a0 \u00a0 \u00a0 <\/strong>T\u00e9cnico de P&amp;D<\/p><p>Tecn\u00f3logo em Sistemas para Internet e especialista em Doc\u00eancia do Ensino Superior pela Faculdade de Tecnologia do Amap\u00e1. Atualmente cursa mestrado em Propriedade Intelectual e Transfer\u00eancia Tecnol\u00f3gica para a Inova\u00e7\u00e3o (PROFNIT) na Universidade Federal do Amap\u00e1 (UNIFAP). Servidor da UNIFAP desde 2009, inicialmente como T\u00e9cnico de laborat\u00f3rio e a partir de 2014 como Analista de Tecnologia da Informa\u00e7\u00e3o, tendo atuado na gest\u00e3o e implanta\u00e7\u00e3o dos sistemas SIG, da UFRN, enquanto diretor do N\u00facleo de Tecnologia da Informa\u00e7\u00e3o (2014-2018) e como Pr\u00f3-Reitor da Pr\u00f3-Reitoria de Planejamento (2018). Atualmente no N\u00facleo de Tecnologia de Informa\u00e7\u00e3o da UNIFAP desenvolvendo atividades relacionadas aos sistemas institucionais.<\/p>\t\t\t\t\t\t\t\t<\/div>\n\t\t\t\t<\/div>\n\t\t\t\t\t<\/div>\n\t\t<\/div>\n\t\t\t\t<div class=\"elementor-column elementor-col-25 elementor-top-column elementor-element elementor-element-4cc1753\" data-id=\"4cc1753\" data-element_type=\"column\" data-e-type=\"column\">\n\t\t\t<div class=\"elementor-widget-wrap elementor-element-populated\">\n\t\t\t\t\t\t<div class=\"elementor-element elementor-element-9829cc3 elementor-widget elementor-widget-text-editor\" data-id=\"9829cc3\" data-element_type=\"widget\" data-e-type=\"widget\" data-widget_type=\"text-editor.default\">\n\t\t\t\t<div class=\"elementor-widget-container\">\n\t\t\t\t\t\t\t\t\t<p style=\"text-align: center\"><span style=\"font-weight: bold\"><img loading=\"lazy\" decoding=\"async\" class=\"aligncenter wp-image-502\" src=\"http:\/\/www2.unifap.br\/training\/files\/2023\/03\/cosme.png\" alt=\"\" width=\"142\" height=\"197\" srcset=\"https:\/\/www2.unifap.br\/training\/files\/2023\/03\/cosme.png 433w, https:\/\/www2.unifap.br\/training\/files\/2023\/03\/cosme-215x300.png 215w\" sizes=\"(max-width: 142px) 100vw, 142px\" \/>Jos\u00e9 Cosme dos Anjos Farias<\/span>\u00a0 \u00a0 T\u00e9cnico de Apoio Acad\u00eamico<\/p><p>Bacharel em Administra\u00e7\u00e3o pela Universidade Estadual do Piau\u00ed &#8211; UESPI(2001) e especializa\u00e7\u00e3o em Gest\u00e3o e Doc\u00eancia no Ensino Superior pela FACULDADE DE GRADUA\u00c7\u00c3O E P\u00d3S-GRADUA\u00c7\u00c3O DO AMAP\u00c1. Atualmente \u00e9 Assistente em Administra\u00e7\u00e3o da Universidade Federal do Amap\u00e1. Atuo na \u00e1rea de Rela\u00e7\u00f5es Interinstitucionais e parcerias, Acordo de coopera\u00e7\u00e3o, coopera\u00e7\u00e3o internacional e suporte a projetos acad\u00eamicos em parcerias. J\u00e1 atuei em programas de interc\u00e2mbio estudantil nacional e internacional; participei de atividades em projetos internacionais e interculturais na It\u00e1lia, Fran\u00e7a e S\u00e3o Paulo.<\/p>\t\t\t\t\t\t\t\t<\/div>\n\t\t\t\t<\/div>\n\t\t\t\t\t<\/div>\n\t\t<\/div>\n\t\t\t\t<div class=\"elementor-column elementor-col-25 elementor-top-column elementor-element elementor-element-80b3c10\" data-id=\"80b3c10\" data-element_type=\"column\" data-e-type=\"column\">\n\t\t\t<div class=\"elementor-widget-wrap elementor-element-populated\">\n\t\t\t\t\t\t<div class=\"elementor-element elementor-element-7823dad elementor-widget elementor-widget-text-editor\" data-id=\"7823dad\" data-element_type=\"widget\" data-e-type=\"widget\" data-widget_type=\"text-editor.default\">\n\t\t\t\t<div class=\"elementor-widget-container\">\n\t\t\t\t\t\t\t\t\t<p style=\"text-align: center\"><img loading=\"lazy\" decoding=\"async\" class=\"wp-image-466 aligncenter\" src=\"http:\/\/www2.unifap.br\/training\/files\/2023\/03\/perfil.jpg\" alt=\"\" width=\"170\" height=\"199\" srcset=\"https:\/\/www2.unifap.br\/training\/files\/2023\/03\/perfil.jpg 685w, https:\/\/www2.unifap.br\/training\/files\/2023\/03\/perfil-257x300.jpg 257w\" sizes=\"(max-width: 170px) 100vw, 170px\" \/><strong style=\"font-size: 16px\">Maria Victoria Pantoja Nogueira<\/strong><span style=\"font-size: 16px\"> &#8211; Monitora<\/span><\/p><p>Acad\u00eamica do curso de Bacharelado em Engenharia El\u00e9trica pela Universidade Federal do<br \/>Amap\u00e1 (UNIFAP). Atua como aluna de Inicia\u00e7\u00e3o Cient\u00edfica na \u00e1rea de Geof\u00edsica aplicada<br \/>com \u00eanfase na avalia\u00e7\u00e3o de modelos de radia\u00e7\u00e3o solar ao avaliar a temperatura do ar para o<br \/>estado do Amap\u00e1; tesoureira e volunt\u00e1ria no Projeto de Extens\u00e3o Ieee Women in Engineering<br \/>Unifap (WIE Unifap); volunt\u00e1ria do IEEE Special interest group on humanitarian (Sight<br \/>Unifap); presidente do Conselho dos representantes de turma do colegiado de Engenharia<br \/>El\u00e9trica (Coretur) e monitora de ensino no curso de Engenharia El\u00e9trica.<\/p>\t\t\t\t\t\t\t\t<\/div>\n\t\t\t\t<\/div>\n\t\t\t\t\t<\/div>\n\t\t<\/div>\n\t\t\t\t<div class=\"elementor-column elementor-col-25 elementor-top-column elementor-element elementor-element-3aca05a\" data-id=\"3aca05a\" data-element_type=\"column\" data-e-type=\"column\">\n\t\t\t<div class=\"elementor-widget-wrap elementor-element-populated\">\n\t\t\t\t\t\t<div class=\"elementor-element elementor-element-bec2230 elementor-widget elementor-widget-text-editor\" data-id=\"bec2230\" data-element_type=\"widget\" data-e-type=\"widget\" data-widget_type=\"text-editor.default\">\n\t\t\t\t<div class=\"elementor-widget-container\">\n\t\t\t\t\t\t\t\t\t<p style=\"text-align: center\"><img loading=\"lazy\" decoding=\"async\" class=\"aligncenter wp-image-504\" src=\"http:\/\/www2.unifap.br\/training\/files\/2023\/03\/Perfil-Jessica.jpg\" alt=\"\" width=\"187\" height=\"196\" srcset=\"https:\/\/www2.unifap.br\/training\/files\/2023\/03\/Perfil-Jessica.jpg 829w, https:\/\/www2.unifap.br\/training\/files\/2023\/03\/Perfil-Jessica-286x300.jpg 286w, https:\/\/www2.unifap.br\/training\/files\/2023\/03\/Perfil-Jessica-768x805.jpg 768w\" sizes=\"(max-width: 187px) 100vw, 187px\" \/><strong>Jessica Monteiro Serr\u00e3o\u00a0 \u00a0 \u00a0 \u00a0 \u00a0 \u00a0 \u00a0 \u00a0 \u00a0 \u00a0 \u00a0<\/strong>Monitora<\/p><p>Acad\u00eamica do curso de Bacharelado em Engenharia El\u00e9trica pela Universidade Federal do<br \/>Amap\u00e1 (UNIFAP). Curso T\u00e9cnico Eletroeletr\u00f4nica (conclu\u00eddo). Habilidades em: Autocad, Desenhos t\u00e9cnicos, Instala\u00e7\u00f5es el\u00e9tricas, Programa\u00e7\u00e3o.\u00a0<\/p>\t\t\t\t\t\t\t\t<\/div>\n\t\t\t\t<\/div>\n\t\t\t\t\t<\/div>\n\t\t<\/div>\n\t\t\t\t\t<\/div>\n\t\t<\/section>\n\t\t\t\t<section class=\"elementor-section elementor-top-section elementor-element elementor-element-658b5cf elementor-section-boxed elementor-section-height-default elementor-section-height-default\" data-id=\"658b5cf\" data-element_type=\"section\" data-e-type=\"section\">\n\t\t\t\t\t\t<div class=\"elementor-container elementor-column-gap-default\">\n\t\t\t\t\t<div class=\"elementor-column elementor-col-100 elementor-top-column elementor-element elementor-element-1a22dd0\" data-id=\"1a22dd0\" data-element_type=\"column\" data-e-type=\"column\">\n\t\t\t<div class=\"elementor-widget-wrap elementor-element-populated\">\n\t\t\t\t\t\t<div class=\"elementor-element elementor-element-8e34f66 elementor-widget elementor-widget-text-editor\" data-id=\"8e34f66\" data-element_type=\"widget\" data-e-type=\"widget\" data-widget_type=\"text-editor.default\">\n\t\t\t\t<div class=\"elementor-widget-container\">\n\t\t\t\t\t\t\t\t\t<h4><strong>INSTRUTORES\u00a0<\/strong><\/h4>\t\t\t\t\t\t\t\t<\/div>\n\t\t\t\t<\/div>\n\t\t\t\t\t<\/div>\n\t\t<\/div>\n\t\t\t\t\t<\/div>\n\t\t<\/section>\n\t\t\t\t<section class=\"elementor-section elementor-top-section elementor-element elementor-element-b0507ed elementor-section-boxed elementor-section-height-default elementor-section-height-default\" data-id=\"b0507ed\" data-element_type=\"section\" data-e-type=\"section\">\n\t\t\t\t\t\t<div class=\"elementor-container elementor-column-gap-default\">\n\t\t\t\t\t<div class=\"elementor-column elementor-col-33 elementor-top-column elementor-element elementor-element-01dfe07\" data-id=\"01dfe07\" data-element_type=\"column\" data-e-type=\"column\">\n\t\t\t<div class=\"elementor-widget-wrap elementor-element-populated\">\n\t\t\t\t\t\t<div class=\"elementor-element elementor-element-250b7c6 elementor-widget elementor-widget-text-editor\" data-id=\"250b7c6\" data-element_type=\"widget\" data-e-type=\"widget\" data-widget_type=\"text-editor.default\">\n\t\t\t\t<div class=\"elementor-widget-container\">\n\t\t\t\t\t\t\t\t\t<p><strong><img loading=\"lazy\" decoding=\"async\" class=\"wp-image-111 alignleft\" src=\"http:\/\/www2.unifap.br\/training\/files\/2023\/03\/daniel-chaves.jpg\" alt=\"\" width=\"104\" height=\"104\" srcset=\"https:\/\/www2.unifap.br\/training\/files\/2023\/03\/daniel-chaves.jpg 640w, https:\/\/www2.unifap.br\/training\/files\/2023\/03\/daniel-chaves-300x300.jpg 300w, https:\/\/www2.unifap.br\/training\/files\/2023\/03\/daniel-chaves-150x150.jpg 150w\" sizes=\"(max-width: 104px) 100vw, 104px\" \/>Daniel Santiago Chaves Ribeiro\u00a0<\/strong><\/p><p>Doutor em Hist\u00f3ria Comparada da Universidade Federal do Rio de Janeiro (PPGHC\/UFRJ). Professor na Universidade Federal do Amap\u00e1. Pesquisador Visitante no Centro de Estudos Sociais da Universidade de Coimbra e no Centro de Estudos de Geografia e Ordenamento do Territ\u00f3rio (CES e CEGOT, 2016-2017), com foco em rela\u00e7\u00f5es sul-sul e rela\u00e7\u00f5es de diversidade. Recebeu a L\u00e1urea Jo\u00e3o Florentino Meira de Vasconcelos de Inova\u00e7\u00e3o, da Academia Nacional de Farm\u00e1cia (2017) por atividades no desenvolvimento da institui\u00e7\u00e3o. Pesquisa, leciona, extensiona e atua em gest\u00e3o de projetos em diversas \u00e1reas, como Hist\u00f3ria Contempor\u00e2nea, com \u00eanfase em Estudos de Futuros e Prospec\u00e7\u00e3o Tecnol\u00f3gica para o Desenvolvimento Regional.\u00a0<\/p>\t\t\t\t\t\t\t\t<\/div>\n\t\t\t\t<\/div>\n\t\t\t\t\t<\/div>\n\t\t<\/div>\n\t\t\t\t<div class=\"elementor-column elementor-col-33 elementor-top-column elementor-element elementor-element-b55c5d5\" data-id=\"b55c5d5\" data-element_type=\"column\" data-e-type=\"column\">\n\t\t\t<div class=\"elementor-widget-wrap elementor-element-populated\">\n\t\t\t\t\t\t<div class=\"elementor-element elementor-element-e193b31 elementor-widget elementor-widget-text-editor\" data-id=\"e193b31\" data-element_type=\"widget\" data-e-type=\"widget\" data-widget_type=\"text-editor.default\">\n\t\t\t\t<div class=\"elementor-widget-container\">\n\t\t\t\t\t\t\t\t\t<p><img loading=\"lazy\" decoding=\"async\" class=\"wp-image-110 alignleft\" src=\"http:\/\/www2.unifap.br\/training\/files\/2023\/03\/Marco-leal.jpg\" alt=\"\" width=\"118\" height=\"118\" srcset=\"https:\/\/www2.unifap.br\/training\/files\/2023\/03\/Marco-leal.jpg 640w, https:\/\/www2.unifap.br\/training\/files\/2023\/03\/Marco-leal-300x300.jpg 300w, https:\/\/www2.unifap.br\/training\/files\/2023\/03\/Marco-leal-150x150.jpg 150w\" sizes=\"(max-width: 118px) 100vw, 118px\" \/><strong>Marco Antonio Leal da Silva\u00a0<\/strong><\/p><p>Professor do Curso Ci\u00eancia da Computa\u00e7\u00e3o da Universidade Federal do Amap\u00e1; Gradua\u00e7\u00e3o em Sistemas de Informa\u00e7\u00e3o pela Faculdade Est\u00e1cio de Macap\u00e1 (2005); Especializa\u00e7\u00e3o em An\u00e1lise de Sistemas e Banco de Dados; Mestrado em Desenvolvimento Regional; L\u00edder do Projeto de Pesquisa de Estudos Avan\u00e7ados em Redes de Computadores e Internet com \u00eanfase em protocolos e infraestrutura; Coordenador do Projeto de Extens\u00e3o Universit\u00e1ria Unifap Digital.<\/p>\t\t\t\t\t\t\t\t<\/div>\n\t\t\t\t<\/div>\n\t\t\t\t\t<\/div>\n\t\t<\/div>\n\t\t\t\t<div class=\"elementor-column elementor-col-33 elementor-top-column elementor-element elementor-element-832d508\" data-id=\"832d508\" data-element_type=\"column\" data-e-type=\"column\">\n\t\t\t<div class=\"elementor-widget-wrap elementor-element-populated\">\n\t\t\t\t\t\t<div class=\"elementor-element elementor-element-ca63d33 elementor-widget elementor-widget-text-editor\" data-id=\"ca63d33\" data-element_type=\"widget\" data-e-type=\"widget\" data-widget_type=\"text-editor.default\">\n\t\t\t\t<div class=\"elementor-widget-container\">\n\t\t\t\t\t\t\t\t\t<p><img loading=\"lazy\" decoding=\"async\" class=\"wp-image-302 alignleft\" src=\"http:\/\/www2.unifap.br\/training\/files\/2023\/03\/rafaelpontes.png\" alt=\"\" width=\"92\" height=\"118\" srcset=\"https:\/\/www2.unifap.br\/training\/files\/2023\/03\/rafaelpontes.png 261w, https:\/\/www2.unifap.br\/training\/files\/2023\/03\/rafaelpontes-234x300.png 234w\" sizes=\"(max-width: 92px) 100vw, 92px\" \/><strong>Rafael Pontes Lima<\/strong><\/p><p>Gradua\u00e7\u00e3o em Ci\u00eancia da Computa\u00e7\u00e3o pela PUCMINAS. Mestre em Desenvolvimento Regional pela UNIFAP. Doutor em Educa\u00e7\u00e3o Matem\u00e1tica pela UFMT\/REAMEC. Professor Adjunto do Curso de Ci\u00eancia da Computa\u00e7\u00e3o e do Mestrado Profissional em Propriedade Intelectual e Transfer\u00eancia Tecnol\u00f3gica (PROFNIT) da Unifap. Pela Unifap fui Coordenador do Curso de Especializa\u00e7\u00e3o em M\u00eddias na Educa\u00e7\u00e3o. Diretor do Departamento de Inform\u00e1tica. Pr\u00f3-Reitor de Extens\u00e3o e Assist\u00eancia Estudantil. Pela Rede Nacional de Pesquisa fui Coordenador do Ponto de Presen\u00e7a no Amap\u00e1 (POP-AP), Membro do Conselho Administrativo, Coordenador dos Projetos RUTE (Rede Universit\u00e1ria de Telemedicina). No SEBRAE\/AP fui Membro do Conselho Deliberativo e recebi o Pr\u00eamio Professor Empreendedor. Secret\u00e1rio de Ci\u00eancia e Tecnologia do Estado do Amap\u00e1 (2018-2022). Presidente do Conselho Nacional de Secret\u00e1rios de Ci\u00eancia e Tecnologia CONSECTI (2018-2022). Dois Registros de Software no INPI (Software Educacional &#8211; FRACTRON e Sistema de Gest\u00e3o Universit\u00e1ria &#8211; SIGU). Atuo nas \u00e1reas de inform\u00e1tica educativa e inclusiva, engenharia de software, sistemas de informa\u00e7\u00e3o e inova\u00e7\u00e3o, e cidades inteligentes.<\/p>\t\t\t\t\t\t\t\t<\/div>\n\t\t\t\t<\/div>\n\t\t\t\t\t<\/div>\n\t\t<\/div>\n\t\t\t\t\t<\/div>\n\t\t<\/section>\n\t\t\t\t<\/div>\n\t\t","protected":false},"excerpt":{"rendered":"<p>COORDENA\u00c7\u00c3O ADMINISTRATIVA Simone de Almeida Delphim Leal &#8211;\u00a0 Coordenadora Graduada em Matem\u00e1tica, possui mestrado e doutorado em Modelagem Computacional pelo Laborat\u00f3rio Nacional de Computa\u00e7\u00e3o Cient\u00edfica(LNCC\/RJ) e p\u00f3s-doutorado no Instituto de Matem\u00e1tica Pura e Aplicada(IMPA). Atualmente na Universidade Federal do Amap\u00e1 desenvolvendo pesquisas em otimiza\u00e7\u00e3o e m\u00e9todos num\u00e9ricos estabilizados aplicados a equa\u00e7\u00e3o difusiva e em Educa\u00e7\u00e3o&#8230;<\/p>\n","protected":false},"author":3860,"featured_media":0,"parent":0,"menu_order":0,"comment_status":"closed","ping_status":"closed","template":"","meta":{"inline_featured_image":false,"site-sidebar-layout":"default","site-content-layout":"","ast-site-content-layout":"default","site-content-style":"default","site-sidebar-style":"default","ast-global-header-display":"","ast-banner-title-visibility":"","ast-main-header-display":"","ast-hfb-above-header-display":"","ast-hfb-below-header-display":"","ast-hfb-mobile-header-display":"","site-post-title":"","ast-breadcrumbs-content":"","ast-featured-img":"","footer-sml-layout":"","theme-transparent-header-meta":"","adv-header-id-meta":"","stick-header-meta":"","header-above-stick-meta":"","header-main-stick-meta":"","header-below-stick-meta":"","astra-migrate-meta-layouts":"default","ast-page-background-enabled":"default","ast-page-background-meta":{"desktop":{"background-color":"var(--ast-global-color-4)","background-image":"","background-repeat":"repeat","background-position":"center center","background-size":"auto","background-attachment":"scroll","background-type":"","background-media":"","overlay-type":"","overlay-color":"","overlay-opacity":"","overlay-gradient":""},"tablet":{"background-color":"","background-image":"","background-repeat":"repeat","background-position":"center center","background-size":"auto","background-attachment":"scroll","background-type":"","background-media":"","overlay-type":"","overlay-color":"","overlay-opacity":"","overlay-gradient":""},"mobile":{"background-color":"","background-image":"","background-repeat":"repeat","background-position":"center center","background-size":"auto","background-attachment":"scroll","background-type":"","background-media":"","overlay-type":"","overlay-color":"","overlay-opacity":"","overlay-gradient":""}},"ast-content-background-meta":{"desktop":{"background-color":"var(--ast-global-color-5)","background-image":"","background-repeat":"repeat","background-position":"center center","background-size":"auto","background-attachment":"scroll","background-type":"","background-media":"","overlay-type":"","overlay-color":"","overlay-opacity":"","overlay-gradient":""},"tablet":{"background-color":"var(--ast-global-color-5)","background-image":"","background-repeat":"repeat","background-position":"center center","background-size":"auto","background-attachment":"scroll","background-type":"","background-media":"","overlay-type":"","overlay-color":"","overlay-opacity":"","overlay-gradient":""},"mobile":{"background-color":"var(--ast-global-color-5)","background-image":"","background-repeat":"repeat","background-position":"center center","background-size":"auto","background-attachment":"scroll","background-type":"","background-media":"","overlay-type":"","overlay-color":"","overlay-opacity":"","overlay-gradient":""}},"footnotes":""},"class_list":["post-108","page","type-page","status-publish","hentry"],"_links":{"self":[{"href":"https:\/\/www2.unifap.br\/training\/wp-json\/wp\/v2\/pages\/108","targetHints":{"allow":["GET"]}}],"collection":[{"href":"https:\/\/www2.unifap.br\/training\/wp-json\/wp\/v2\/pages"}],"about":[{"href":"https:\/\/www2.unifap.br\/training\/wp-json\/wp\/v2\/types\/page"}],"author":[{"embeddable":true,"href":"https:\/\/www2.unifap.br\/training\/wp-json\/wp\/v2\/users\/3860"}],"replies":[{"embeddable":true,"href":"https:\/\/www2.unifap.br\/training\/wp-json\/wp\/v2\/comments?post=108"}],"version-history":[{"count":69,"href":"https:\/\/www2.unifap.br\/training\/wp-json\/wp\/v2\/pages\/108\/revisions"}],"predecessor-version":[{"id":719,"href":"https:\/\/www2.unifap.br\/training\/wp-json\/wp\/v2\/pages\/108\/revisions\/719"}],"wp:attachment":[{"href":"https:\/\/www2.unifap.br\/training\/wp-json\/wp\/v2\/media?parent=108"}],"curies":[{"name":"wp","href":"https:\/\/api.w.org\/{rel}","templated":true}]}}