{"id":2,"date":"2023-02-03T10:07:00","date_gmt":"2023-02-03T13:07:00","guid":{"rendered":"https:\/\/www2.unifap.br\/training\/?page_id=2"},"modified":"2023-07-31T16:18:58","modified_gmt":"2023-07-31T19:18:58","slug":"selecao","status":"publish","type":"page","link":"https:\/\/www2.unifap.br\/training\/selecao\/","title":{"rendered":"Sele\u00e7\u00e3o"},"content":{"rendered":"\t\t<div data-elementor-type=\"wp-page\" data-elementor-id=\"2\" class=\"elementor elementor-2\">\n\t\t\t\t\t\t<section class=\"elementor-section elementor-top-section elementor-element elementor-element-a1a3b58 elementor-section-boxed elementor-section-height-default elementor-section-height-default\" data-id=\"a1a3b58\" data-element_type=\"section\" data-e-type=\"section\">\n\t\t\t\t\t\t<div class=\"elementor-container elementor-column-gap-default\">\n\t\t\t\t\t<div class=\"elementor-column elementor-col-100 elementor-top-column elementor-element elementor-element-155cc9e\" data-id=\"155cc9e\" data-element_type=\"column\" data-e-type=\"column\">\n\t\t\t<div class=\"elementor-widget-wrap elementor-element-populated\">\n\t\t\t\t\t\t<div class=\"elementor-element elementor-element-eb1fc16 elementor-widget elementor-widget-toggle\" data-id=\"eb1fc16\" data-element_type=\"widget\" data-e-type=\"widget\" data-widget_type=\"toggle.default\">\n\t\t\t\t<div class=\"elementor-widget-container\">\n\t\t\t\t\t\t\t<div class=\"elementor-toggle\">\n\t\t\t\t\t\t\t<div class=\"elementor-toggle-item\">\n\t\t\t\t\t<div id=\"elementor-tab-title-2461\" class=\"elementor-tab-title\" data-tab=\"1\" role=\"button\" aria-controls=\"elementor-tab-content-2461\" aria-expanded=\"false\">\n\t\t\t\t\t\t\t\t\t\t\t\t<span class=\"elementor-toggle-icon elementor-toggle-icon-left\" aria-hidden=\"true\">\n\t\t\t\t\t\t\t\t\t\t\t\t\t\t\t<span class=\"elementor-toggle-icon-closed\"><i class=\"fas fa-caret-right\"><\/i><\/span>\n\t\t\t\t\t\t\t\t<span class=\"elementor-toggle-icon-opened\"><i class=\"elementor-toggle-icon-opened fas fa-caret-up\"><\/i><\/span>\n\t\t\t\t\t\t\t\t\t\t\t\t\t<\/span>\n\t\t\t\t\t\t\t\t\t\t\t\t<a class=\"elementor-toggle-title\" tabindex=\"0\">SELE\u00c7\u00c3O DE MONITORES<\/a>\n\t\t\t\t\t<\/div>\n\n\t\t\t\t\t<div id=\"elementor-tab-content-2461\" class=\"elementor-tab-content elementor-clearfix\" data-tab=\"1\" role=\"region\" aria-labelledby=\"elementor-tab-title-2461\"><p><span style=\"color: #000000\"><b><a href=\"http:\/\/www2.unifap.br\/training\/files\/2023\/02\/EDITAL-01_2023-PROJETO-DE-EXTENSAO-ICT-ACADEMY-1.pdf\">EDITAL-01_2023-PROJETO DE EXTENS\u00c3O ICT ACADEMY &#8211; Monitores<\/a><\/b><\/span><\/p><p><a href=\"http:\/\/www2.unifap.br\/training\/files\/2023\/02\/ICT-ACADEMY_INSCRICOES-HOMOLOGADAS.pdf\">ICT ACADEMY_INSCRI\u00c7\u00d5ES HOMOLOGADAS<\/a>\u00a0<\/p><p><a href=\"http:\/\/www2.unifap.br\/training\/files\/2023\/03\/Cronograma-das-entrevistas-1.pdf\">ICT ACADEMY_Cronograma das Entrevistas<\/a><\/p><p><a href=\"http:\/\/www2.unifap.br\/training\/files\/2023\/03\/RESULTADO_PRELIMINAR_ICT_ACADEMY.pdf\">RESULTADO_PRELIMINAR_ICT_ACADEMY<\/a> <span style=\"font-size: 16px\">\u00a0<\/span><\/p><p><a href=\"http:\/\/www2.unifap.br\/training\/files\/2023\/03\/RESULTADO_FINAL-1.pdf\">RESULTADO_FINAL_ICT_ACADEMY<\/a><\/p><\/div>\n\t\t\t\t<\/div>\n\t\t\t\t\t\t\t<div class=\"elementor-toggle-item\">\n\t\t\t\t\t<div id=\"elementor-tab-title-2462\" class=\"elementor-tab-title\" data-tab=\"2\" role=\"button\" aria-controls=\"elementor-tab-content-2462\" aria-expanded=\"false\">\n\t\t\t\t\t\t\t\t\t\t\t\t<span class=\"elementor-toggle-icon elementor-toggle-icon-left\" aria-hidden=\"true\">\n\t\t\t\t\t\t\t\t\t\t\t\t\t\t\t<span class=\"elementor-toggle-icon-closed\"><i class=\"fas fa-caret-right\"><\/i><\/span>\n\t\t\t\t\t\t\t\t<span class=\"elementor-toggle-icon-opened\"><i class=\"elementor-toggle-icon-opened fas fa-caret-up\"><\/i><\/span>\n\t\t\t\t\t\t\t\t\t\t\t\t\t<\/span>\n\t\t\t\t\t\t\t\t\t\t\t\t<a class=\"elementor-toggle-title\" tabindex=\"0\">SELE\u00c7\u00c3O - EXPOTEC (SANTANA) e ICT Academy Unifap\/ Turma 01 e 02<\/a>\n\t\t\t\t\t<\/div>\n\n\t\t\t\t\t<div id=\"elementor-tab-content-2462\" class=\"elementor-tab-content elementor-clearfix\" data-tab=\"2\" role=\"region\" aria-labelledby=\"elementor-tab-title-2462\"><p>Inscri\u00e7\u00f5es abertas para os Cursos de Intelig\u00eancia Artificial, Empreendedorismo e Instala\u00e7\u00e3o e Manuten\u00e7\u00e3o de Equipamentos El\u00e9tricos em parceria com a Secretaria da Juventude de Santana &#8211; SANJUV.<\/p><p><strong>Inscri\u00e7\u00f5es:<\/strong> Casa da Juventude &#8211; Santana<\/p><p><strong>Per\u00edodo das inscri\u00e7\u00f5es:<\/strong> 13 a 17 de mar\u00e7o de 2023<\/p><p><strong>Vagas:\u00a0<\/strong><\/p><ul><li>Curso Intelig\u00eancia Artificial e Empreendedorismo: 50 vagas (+Cadastro Reserva: 50 vagas)<\/li><li>Curso de Instala\u00e7\u00e3o e Manuten\u00e7\u00e3o de Equipamentos El\u00e9tricos: 20 vagas (+Cadastro Reserva: 20 vagas)<\/li><\/ul><p><strong>Dura\u00e7\u00e3o do Curso<\/strong>: 23 de mar\u00e7o a 04 de abril<\/p><p>Confira o Edital abaixo:\u00a0<\/p><p><a href=\"http:\/\/www2.unifap.br\/training\/files\/2023\/03\/EDITAL-SANJUV_UNIFAP_EXPOTEC.pdf\">EDITAL SANJUV_UNIFAP_EXPOTEC<\/a><\/p><\/div>\n\t\t\t\t<\/div>\n\t\t\t\t\t\t\t<div class=\"elementor-toggle-item\">\n\t\t\t\t\t<div id=\"elementor-tab-title-2463\" class=\"elementor-tab-title\" data-tab=\"3\" role=\"button\" aria-controls=\"elementor-tab-content-2463\" aria-expanded=\"false\">\n\t\t\t\t\t\t\t\t\t\t\t\t<span class=\"elementor-toggle-icon elementor-toggle-icon-left\" aria-hidden=\"true\">\n\t\t\t\t\t\t\t\t\t\t\t\t\t\t\t<span class=\"elementor-toggle-icon-closed\"><i class=\"fas fa-caret-right\"><\/i><\/span>\n\t\t\t\t\t\t\t\t<span class=\"elementor-toggle-icon-opened\"><i class=\"elementor-toggle-icon-opened fas fa-caret-up\"><\/i><\/span>\n\t\t\t\t\t\t\t\t\t\t\t\t\t<\/span>\n\t\t\t\t\t\t\t\t\t\t\t\t<a class=\"elementor-toggle-title\" tabindex=\"0\">SELE\u00c7\u00c3O TURMA 03 - EMPREENDEDORISMO E IA (INTELIG\u00caNCIA ARTIFICIAL)<\/a>\n\t\t\t\t\t<\/div>\n\n\t\t\t\t\t<div id=\"elementor-tab-content-2463\" class=\"elementor-tab-content elementor-clearfix\" data-tab=\"3\" role=\"region\" aria-labelledby=\"elementor-tab-title-2463\"><p><a href=\"http:\/\/www2.unifap.br\/training\/files\/2023\/05\/Edital-ICT.pdf\">EDITAL \u00a002\/2023 ICT ACADEMY TURMA 03<\/a><\/p><p><a href=\"http:\/\/www2.unifap.br\/training\/files\/2023\/06\/INSCRITOS-TURMA-03.pdf\">LISTA DOS MATRICULADOS TURMA 03 <\/a><\/p><\/div>\n\t\t\t\t<\/div>\n\t\t\t\t\t\t\t<div class=\"elementor-toggle-item\">\n\t\t\t\t\t<div id=\"elementor-tab-title-2464\" class=\"elementor-tab-title\" data-tab=\"4\" role=\"button\" aria-controls=\"elementor-tab-content-2464\" aria-expanded=\"false\">\n\t\t\t\t\t\t\t\t\t\t\t\t<span class=\"elementor-toggle-icon elementor-toggle-icon-left\" aria-hidden=\"true\">\n\t\t\t\t\t\t\t\t\t\t\t\t\t\t\t<span class=\"elementor-toggle-icon-closed\"><i class=\"fas fa-caret-right\"><\/i><\/span>\n\t\t\t\t\t\t\t\t<span class=\"elementor-toggle-icon-opened\"><i class=\"elementor-toggle-icon-opened fas fa-caret-up\"><\/i><\/span>\n\t\t\t\t\t\t\t\t\t\t\t\t\t<\/span>\n\t\t\t\t\t\t\t\t\t\t\t\t<a class=\"elementor-toggle-title\" tabindex=\"0\">SELE\u00c7\u00c3O TURMA 04 - EMPREENDEDORISMO E IA (PREFEITURA DE MACAP\u00c1)<\/a>\n\t\t\t\t\t<\/div>\n\n\t\t\t\t\t<div id=\"elementor-tab-content-2464\" class=\"elementor-tab-content elementor-clearfix\" data-tab=\"4\" role=\"region\" aria-labelledby=\"elementor-tab-title-2464\"><p style=\"margin: 0cm\">Per\u00edodo<strong> de Inscri\u00e7\u00e3o:<\/strong> 17\/07\/2023 a 23\/07\/2023<\/p><p style=\"margin: 0cm\"><strong>Inicio das aulas:<\/strong>\u00a025\/07\/2023<\/p><p style=\"margin: 0cm\"><strong>Vagas:<\/strong>\u00a0 60<br \/><strong>Turno:<\/strong> Tarde <br \/><strong>Requisito:<\/strong> Ensino M\u00e9dio Completo.<\/p><h5><a href=\"https:\/\/docs.google.com\/forms\/d\/1OCN3KeAzxrwcjMr_qecOP23oD29p3-TIqEJrym__MXY\/edit\"><strong>Inscri\u00e7\u00e3o para Cadastro Reserva\u00a0<\/strong><\/a><\/h5><h5 style=\"margin: 0cm\"><strong><a href=\"http:\/\/www2.unifap.br\/training\/files\/2023\/07\/TURMA-04-RELACAO-DE-INSCRITOS-PREFEITURA-DE-MACAPA.pdf\">Lista dos Classificados (1\u00aa Chamada &#8211; 17\/07\/2023)<\/a><\/strong><\/h5><h5>\u00a0<\/h5><h5 style=\"margin: 0cm\"><strong><a href=\"http:\/\/www2.unifap.br\/training\/files\/2023\/07\/CONVOCACAO-CADASTRO-RESERVA.pdf\">1\u00aa CONVOCA\u00c7\u00c3O CADASTRO RESERVA (28\/07\/2023)<\/a><\/strong><\/h5><p>\u00a0<\/p><p>A Coordena\u00e7\u00e3o entrar\u00e1 em contato com todos os inscritos por meio do email e telefone informado na inscri\u00e7\u00e3o. Qualquer d\u00favida entrar em contato atrav\u00e9s do email <a href=\"mailto:iatrainning@unifap.br\"><strong>iatrainning@unifap.br<\/strong><\/a><\/p><\/div>\n\t\t\t\t<\/div>\n\t\t\t\t\t\t\t\t<\/div>\n\t\t\t\t\t\t<\/div>\n\t\t\t\t<\/div>\n\t\t\t\t\t<\/div>\n\t\t<\/div>\n\t\t\t\t\t<\/div>\n\t\t<\/section>\n\t\t\t\t<\/div>\n\t\t","protected":false},"excerpt":{"rendered":"<p>\/*! elementor &#8211; v3.14.0 &#8211; 26-06-2023 *\/ .elementor-toggle{text-align:left}.elementor-toggle .elementor-tab-title{font-weight:700;line-height:1;margin:0;padding:15px;border-bottom:1px solid #d5d8dc;cursor:pointer;outline:none}.elementor-toggle .elementor-tab-title .elementor-toggle-icon{display:inline-block;width:1em}.elementor-toggle .elementor-tab-title .elementor-toggle-icon svg{-webkit-margin-start:-5px;margin-inline-start:-5px;width:1em;height:1em}.elementor-toggle .elementor-tab-title .elementor-toggle-icon.elementor-toggle-icon-right{float:right;text-align:right}.elementor-toggle .elementor-tab-title .elementor-toggle-icon.elementor-toggle-icon-left{float:left;text-align:left}.elementor-toggle .elementor-tab-title .elementor-toggle-icon .elementor-toggle-icon-closed{display:block}.elementor-toggle .elementor-tab-title .elementor-toggle-icon .elementor-toggle-icon-opened{display:none}.elementor-toggle .elementor-tab-title.elementor-active{border-bottom:none}.elementor-toggle .elementor-tab-title.elementor-active .elementor-toggle-icon-closed{display:none}.elementor-toggle .elementor-tab-title.elementor-active .elementor-toggle-icon-opened{display:block}.elementor-toggle .elementor-tab-content{padding:15px;border-bottom:1px solid #d5d8dc;display:none}@media (max-width:767px){.elementor-toggle .elementor-tab-title{padding:12px}.elementor-toggle .elementor-tab-content{padding:12px 10px}}.e-con-inner&gt;.elementor-widget-toggle,.e-con&gt;.elementor-widget-toggle{width:var(&#8211;container-widget-width);&#8211;flex-grow:var(&#8211;container-widget-flex-grow)} SELE\u00c7\u00c3O DE MONITORES EDITAL-01_2023-PROJETO DE EXTENS\u00c3O ICT ACADEMY &#8211; Monitores ICT ACADEMY_INSCRI\u00c7\u00d5ES HOMOLOGADAS\u00a0 ICT ACADEMY_Cronograma das Entrevistas&#8230;<\/p>\n","protected":false},"author":926,"featured_media":0,"parent":0,"menu_order":0,"comment_status":"closed","ping_status":"open","template":"","meta":{"inline_featured_image":false,"site-sidebar-layout":"default","site-content-layout":"","ast-site-content-layout":"default","site-content-style":"default","site-sidebar-style":"default","ast-global-header-display":"","ast-banner-title-visibility":"","ast-main-header-display":"","ast-hfb-above-header-display":"","ast-hfb-below-header-display":"","ast-hfb-mobile-header-display":"","site-post-title":"","ast-breadcrumbs-content":"","ast-featured-img":"","footer-sml-layout":"","theme-transparent-header-meta":"","adv-header-id-meta":"","stick-header-meta":"","header-above-stick-meta":"","header-main-stick-meta":"","header-below-stick-meta":"","astra-migrate-meta-layouts":"default","ast-page-background-enabled":"default","ast-page-background-meta":{"desktop":{"background-color":"var(--ast-global-color-4)","background-image":"","background-repeat":"repeat","background-position":"center center","background-size":"auto","background-attachment":"scroll","background-type":"","background-media":"","overlay-type":"","overlay-color":"","overlay-opacity":"","overlay-gradient":""},"tablet":{"background-color":"","background-image":"","background-repeat":"repeat","background-position":"center center","background-size":"auto","background-attachment":"scroll","background-type":"","background-media":"","overlay-type":"","overlay-color":"","overlay-opacity":"","overlay-gradient":""},"mobile":{"background-color":"","background-image":"","background-repeat":"repeat","background-position":"center center","background-size":"auto","background-attachment":"scroll","background-type":"","background-media":"","overlay-type":"","overlay-color":"","overlay-opacity":"","overlay-gradient":""}},"ast-content-background-meta":{"desktop":{"background-color":"var(--ast-global-color-5)","background-image":"","background-repeat":"repeat","background-position":"center center","background-size":"auto","background-attachment":"scroll","background-type":"","background-media":"","overlay-type":"","overlay-color":"","overlay-opacity":"","overlay-gradient":""},"tablet":{"background-color":"var(--ast-global-color-5)","background-image":"","background-repeat":"repeat","background-position":"center center","background-size":"auto","background-attachment":"scroll","background-type":"","background-media":"","overlay-type":"","overlay-color":"","overlay-opacity":"","overlay-gradient":""},"mobile":{"background-color":"var(--ast-global-color-5)","background-image":"","background-repeat":"repeat","background-position":"center center","background-size":"auto","background-attachment":"scroll","background-type":"","background-media":"","overlay-type":"","overlay-color":"","overlay-opacity":"","overlay-gradient":""}},"footnotes":""},"class_list":["post-2","page","type-page","status-publish","hentry"],"_links":{"self":[{"href":"https:\/\/www2.unifap.br\/training\/wp-json\/wp\/v2\/pages\/2","targetHints":{"allow":["GET"]}}],"collection":[{"href":"https:\/\/www2.unifap.br\/training\/wp-json\/wp\/v2\/pages"}],"about":[{"href":"https:\/\/www2.unifap.br\/training\/wp-json\/wp\/v2\/types\/page"}],"author":[{"embeddable":true,"href":"https:\/\/www2.unifap.br\/training\/wp-json\/wp\/v2\/users\/926"}],"replies":[{"embeddable":true,"href":"https:\/\/www2.unifap.br\/training\/wp-json\/wp\/v2\/comments?post=2"}],"version-history":[{"count":114,"href":"https:\/\/www2.unifap.br\/training\/wp-json\/wp\/v2\/pages\/2\/revisions"}],"predecessor-version":[{"id":679,"href":"https:\/\/www2.unifap.br\/training\/wp-json\/wp\/v2\/pages\/2\/revisions\/679"}],"wp:attachment":[{"href":"https:\/\/www2.unifap.br\/training\/wp-json\/wp\/v2\/media?parent=2"}],"curies":[{"name":"wp","href":"https:\/\/api.w.org\/{rel}","templated":true}]}}