{"id":250,"date":"2023-03-08T15:56:35","date_gmt":"2023-03-08T18:56:35","guid":{"rendered":"https:\/\/www2.unifap.br\/training\/?page_id=250"},"modified":"2023-03-21T09:35:01","modified_gmt":"2023-03-21T12:35:01","slug":"o-que-e","status":"publish","type":"page","link":"https:\/\/www2.unifap.br\/training\/ict-academy\/o-que-e\/","title":{"rendered":"O que \u00e9?"},"content":{"rendered":"\t\t<div data-elementor-type=\"wp-page\" data-elementor-id=\"250\" class=\"elementor elementor-250\">\n\t\t\t\t\t\t<section class=\"elementor-section elementor-top-section elementor-element elementor-element-57db945 elementor-section-boxed elementor-section-height-default elementor-section-height-default\" data-id=\"57db945\" data-element_type=\"section\" data-e-type=\"section\">\n\t\t\t\t\t\t<div class=\"elementor-container elementor-column-gap-default\">\n\t\t\t\t\t<div class=\"elementor-column elementor-col-100 elementor-top-column elementor-element elementor-element-e75c89e\" data-id=\"e75c89e\" data-element_type=\"column\" data-e-type=\"column\">\n\t\t\t<div class=\"elementor-widget-wrap\">\n\t\t\t\t\t\t\t<\/div>\n\t\t<\/div>\n\t\t\t\t\t<\/div>\n\t\t<\/section>\n\t\t\t\t<section class=\"elementor-section elementor-top-section elementor-element elementor-element-9d197d0 elementor-section-boxed elementor-section-height-default elementor-section-height-default\" data-id=\"9d197d0\" data-element_type=\"section\" data-e-type=\"section\">\n\t\t\t\t\t\t<div class=\"elementor-container elementor-column-gap-default\">\n\t\t\t\t\t<div class=\"elementor-column elementor-col-100 elementor-top-column elementor-element elementor-element-5e2d8a7\" data-id=\"5e2d8a7\" data-element_type=\"column\" data-e-type=\"column\">\n\t\t\t<div class=\"elementor-widget-wrap elementor-element-populated\">\n\t\t\t\t\t\t<div class=\"elementor-element elementor-element-efc00bf elementor-widget elementor-widget-image\" data-id=\"efc00bf\" data-element_type=\"widget\" data-e-type=\"widget\" data-widget_type=\"image.default\">\n\t\t\t\t<div class=\"elementor-widget-container\">\n\t\t\t\t\t\t\t\t\t\t\t\t\t\t\t<img fetchpriority=\"high\" decoding=\"async\" width=\"1024\" height=\"515\" src=\"https:\/\/www2.unifap.br\/training\/files\/2023\/03\/huawey-1-1024x515.png\" class=\"attachment-large size-large wp-image-483\" alt=\"\" srcset=\"https:\/\/www2.unifap.br\/training\/files\/2023\/03\/huawey-1-1024x515.png 1024w, https:\/\/www2.unifap.br\/training\/files\/2023\/03\/huawey-1-300x151.png 300w, https:\/\/www2.unifap.br\/training\/files\/2023\/03\/huawey-1-768x386.png 768w, https:\/\/www2.unifap.br\/training\/files\/2023\/03\/huawey-1.png 1280w\" sizes=\"(max-width: 1024px) 100vw, 1024px\" \/>\t\t\t\t\t\t\t\t\t\t\t\t\t\t\t<\/div>\n\t\t\t\t<\/div>\n\t\t\t\t\t<\/div>\n\t\t<\/div>\n\t\t\t\t\t<\/div>\n\t\t<\/section>\n\t\t\t\t<section class=\"elementor-section elementor-top-section elementor-element elementor-element-4a84f30 elementor-section-boxed elementor-section-height-default elementor-section-height-default\" data-id=\"4a84f30\" data-element_type=\"section\" data-e-type=\"section\">\n\t\t\t\t\t\t<div class=\"elementor-container elementor-column-gap-default\">\n\t\t\t\t\t<div class=\"elementor-column elementor-col-100 elementor-top-column elementor-element elementor-element-0a3c988\" data-id=\"0a3c988\" data-element_type=\"column\" data-e-type=\"column\">\n\t\t\t<div class=\"elementor-widget-wrap elementor-element-populated\">\n\t\t\t\t\t\t<div class=\"elementor-element elementor-element-144b3b5 elementor-widget elementor-widget-text-editor\" data-id=\"144b3b5\" data-element_type=\"widget\" data-e-type=\"widget\" data-widget_type=\"text-editor.default\">\n\t\t\t\t<div class=\"elementor-widget-container\">\n\t\t\t\t\t\t\t\t\t<p><span style=\"color: #333300\">\u00c9 um programa global que abrange todo o processo e desenvolvimento de talentos, que vai desde o desenvolvimento de cursos de certifica\u00e7\u00e3o reconhecidos pelo mercado de trabalho, passando pela capacita\u00e7\u00e3o de instrutores, configura\u00e7\u00e3o do ambiente de laborat\u00f3rio e certifica\u00e7\u00e3o de talentos, at\u00e9 o emprego.<\/span><\/p><p><span style=\"color: #333300\">Permite que professores, alunos e t\u00e9cnicos administrativos das institui\u00e7\u00f5es parceiras recebam treinamentos patrocinados pela empresa. Todos os cursos possuem materiais did\u00e1ticos (v\u00eddeo-aulas, slides e guias de laborat\u00f3rios) e exames. Uma vez que todas as atividades tenham sido realizadas, os cursistas poder\u00e3o obter os certificados de conclus\u00e3o dos cursos<\/span><\/p><p><span style=\"color: #333300\">As solu\u00e7\u00f5es de coopera\u00e7\u00e3o escola-empresa atendem as necessidades das institui\u00e7\u00f5es e empresas de ensino superior com objetivo de estimular e impulsionar as carreiras no setor de Tecnologia de Informa\u00e7\u00e3o e Comunica\u00e7\u00e3o (TIC).<\/span><\/p>\t\t\t\t\t\t\t\t<\/div>\n\t\t\t\t<\/div>\n\t\t\t\t\t<\/div>\n\t\t<\/div>\n\t\t\t\t\t<\/div>\n\t\t<\/section>\n\t\t\t\t<section class=\"elementor-section elementor-top-section elementor-element elementor-element-dc0bd40 elementor-section-boxed elementor-section-height-default elementor-section-height-default\" data-id=\"dc0bd40\" data-element_type=\"section\" data-e-type=\"section\">\n\t\t\t\t\t\t<div class=\"elementor-container elementor-column-gap-default\">\n\t\t\t\t\t<div class=\"elementor-column elementor-col-100 elementor-top-column elementor-element elementor-element-3916144\" data-id=\"3916144\" data-element_type=\"column\" data-e-type=\"column\">\n\t\t\t<div class=\"elementor-widget-wrap elementor-element-populated\">\n\t\t\t\t\t\t<div class=\"elementor-element elementor-element-51354e7 elementor-widget elementor-widget-heading\" data-id=\"51354e7\" data-element_type=\"widget\" data-e-type=\"widget\" data-widget_type=\"heading.default\">\n\t\t\t\t<div class=\"elementor-widget-container\">\n\t\t\t\t\t<h2 class=\"elementor-heading-title elementor-size-default\">Benef\u00edcios<\/h2>\t\t\t\t<\/div>\n\t\t\t\t<\/div>\n\t\t\t\t\t<\/div>\n\t\t<\/div>\n\t\t\t\t\t<\/div>\n\t\t<\/section>\n\t\t\t\t<section class=\"elementor-section elementor-top-section elementor-element elementor-element-576a990 elementor-section-boxed elementor-section-height-default elementor-section-height-default\" data-id=\"576a990\" data-element_type=\"section\" data-e-type=\"section\">\n\t\t\t\t\t\t<div class=\"elementor-container elementor-column-gap-default\">\n\t\t\t\t\t<div class=\"elementor-column elementor-col-50 elementor-top-column elementor-element elementor-element-e88171d\" data-id=\"e88171d\" data-element_type=\"column\" data-e-type=\"column\">\n\t\t\t<div class=\"elementor-widget-wrap elementor-element-populated\">\n\t\t\t\t\t\t<div class=\"elementor-element elementor-element-4b592ed elementor-widget elementor-widget-image\" data-id=\"4b592ed\" data-element_type=\"widget\" data-e-type=\"widget\" data-widget_type=\"image.default\">\n\t\t\t\t<div class=\"elementor-widget-container\">\n\t\t\t\t\t\t\t\t\t\t\t\t\t\t\t<img decoding=\"async\" width=\"784\" height=\"716\" src=\"https:\/\/www2.unifap.br\/training\/files\/2023\/03\/35ab9812-0bf1-4d35-9649-5a455bfba382.png\" class=\"attachment-large size-large wp-image-484\" alt=\"\" srcset=\"https:\/\/www2.unifap.br\/training\/files\/2023\/03\/35ab9812-0bf1-4d35-9649-5a455bfba382.png 784w, https:\/\/www2.unifap.br\/training\/files\/2023\/03\/35ab9812-0bf1-4d35-9649-5a455bfba382-300x274.png 300w, https:\/\/www2.unifap.br\/training\/files\/2023\/03\/35ab9812-0bf1-4d35-9649-5a455bfba382-768x701.png 768w\" sizes=\"(max-width: 784px) 100vw, 784px\" \/>\t\t\t\t\t\t\t\t\t\t\t\t\t\t\t<\/div>\n\t\t\t\t<\/div>\n\t\t\t\t\t<\/div>\n\t\t<\/div>\n\t\t\t\t<div class=\"elementor-column elementor-col-50 elementor-top-column elementor-element elementor-element-0b2d6f1\" data-id=\"0b2d6f1\" data-element_type=\"column\" data-e-type=\"column\">\n\t\t\t<div class=\"elementor-widget-wrap elementor-element-populated\">\n\t\t\t\t\t\t<div class=\"elementor-element elementor-element-3d42e32 elementor-widget elementor-widget-image\" data-id=\"3d42e32\" data-element_type=\"widget\" data-e-type=\"widget\" data-widget_type=\"image.default\">\n\t\t\t\t<div class=\"elementor-widget-container\">\n\t\t\t\t\t\t\t\t\t\t\t\t\t\t\t<img decoding=\"async\" width=\"784\" height=\"716\" src=\"https:\/\/www2.unifap.br\/training\/files\/2023\/03\/ba.png\" class=\"attachment-large size-large wp-image-485\" alt=\"\" srcset=\"https:\/\/www2.unifap.br\/training\/files\/2023\/03\/ba.png 784w, https:\/\/www2.unifap.br\/training\/files\/2023\/03\/ba-300x274.png 300w, https:\/\/www2.unifap.br\/training\/files\/2023\/03\/ba-768x701.png 768w\" sizes=\"(max-width: 784px) 100vw, 784px\" \/>\t\t\t\t\t\t\t\t\t\t\t\t\t\t\t<\/div>\n\t\t\t\t<\/div>\n\t\t\t\t\t<\/div>\n\t\t<\/div>\n\t\t\t\t\t<\/div>\n\t\t<\/section>\n\t\t\t\t<section class=\"elementor-section elementor-top-section elementor-element elementor-element-0f98b29 elementor-section-boxed elementor-section-height-default elementor-section-height-default\" data-id=\"0f98b29\" data-element_type=\"section\" data-e-type=\"section\">\n\t\t\t\t\t\t<div class=\"elementor-container elementor-column-gap-default\">\n\t\t\t\t\t<div class=\"elementor-column elementor-col-100 elementor-top-column elementor-element elementor-element-8e19896\" data-id=\"8e19896\" data-element_type=\"column\" data-e-type=\"column\">\n\t\t\t<div class=\"elementor-widget-wrap elementor-element-populated\">\n\t\t\t\t\t\t<div class=\"elementor-element elementor-element-7879a15 elementor-widget elementor-widget-heading\" data-id=\"7879a15\" data-element_type=\"widget\" data-e-type=\"widget\" data-widget_type=\"heading.default\">\n\t\t\t\t<div class=\"elementor-widget-container\">\n\t\t\t\t\t<h2 class=\"elementor-heading-title elementor-size-default\">Quem pode participar?<\/h2>\t\t\t\t<\/div>\n\t\t\t\t<\/div>\n\t\t\t\t\t<\/div>\n\t\t<\/div>\n\t\t\t\t\t<\/div>\n\t\t<\/section>\n\t\t\t\t<section class=\"elementor-section elementor-top-section elementor-element elementor-element-067b4e3 elementor-section-boxed elementor-section-height-default elementor-section-height-default\" data-id=\"067b4e3\" data-element_type=\"section\" data-e-type=\"section\">\n\t\t\t\t\t\t<div class=\"elementor-container elementor-column-gap-default\">\n\t\t\t\t\t<div class=\"elementor-column elementor-col-100 elementor-top-column elementor-element elementor-element-479a767\" data-id=\"479a767\" data-element_type=\"column\" data-e-type=\"column\">\n\t\t\t<div class=\"elementor-widget-wrap elementor-element-populated\">\n\t\t\t\t\t\t<div class=\"elementor-element elementor-element-0c6668c elementor-widget elementor-widget-text-editor\" data-id=\"0c6668c\" data-element_type=\"widget\" data-e-type=\"widget\" data-widget_type=\"text-editor.default\">\n\t\t\t\t<div class=\"elementor-widget-container\">\n\t\t\t\t\t\t\t\t\t<h4><span style=\"font-weight: 400;color: #000000\">Estudantes\/profissionais (estudantes da UNIFAP e demais universidades federais e\/ou estaduais e institutos federais) p\u00fablico interno e externo) de n\u00edvel superior das \u00e1reas de TI, alunos do ensino m\u00e9dio com interesse na \u00e1rea;<\/span><\/h4>\t\t\t\t\t\t\t\t<\/div>\n\t\t\t\t<\/div>\n\t\t\t\t\t<\/div>\n\t\t<\/div>\n\t\t\t\t\t<\/div>\n\t\t<\/section>\n\t\t\t\t<section class=\"elementor-section elementor-top-section elementor-element elementor-element-7b42859 elementor-section-boxed elementor-section-height-default elementor-section-height-default\" data-id=\"7b42859\" data-element_type=\"section\" data-e-type=\"section\">\n\t\t\t\t\t\t<div class=\"elementor-container elementor-column-gap-default\">\n\t\t\t\t\t<div class=\"elementor-column elementor-col-100 elementor-top-column elementor-element elementor-element-f329e8e\" data-id=\"f329e8e\" data-element_type=\"column\" data-e-type=\"column\">\n\t\t\t<div class=\"elementor-widget-wrap elementor-element-populated\">\n\t\t\t\t\t\t<div class=\"elementor-element elementor-element-19ea273 elementor-widget elementor-widget-heading\" data-id=\"19ea273\" data-element_type=\"widget\" data-e-type=\"widget\" data-widget_type=\"heading.default\">\n\t\t\t\t<div class=\"elementor-widget-container\">\n\t\t\t\t\t<h2 class=\"elementor-heading-title elementor-size-default\">Quais os cursos ou treinamento ser\u00e3o ofertados na UNIFAP?<\/h2>\t\t\t\t<\/div>\n\t\t\t\t<\/div>\n\t\t\t\t\t<\/div>\n\t\t<\/div>\n\t\t\t\t\t<\/div>\n\t\t<\/section>\n\t\t\t\t<section class=\"elementor-section elementor-top-section elementor-element elementor-element-acb2df2 elementor-section-boxed elementor-section-height-default elementor-section-height-default\" data-id=\"acb2df2\" data-element_type=\"section\" data-e-type=\"section\">\n\t\t\t\t\t\t<div class=\"elementor-container elementor-column-gap-default\">\n\t\t\t\t\t<div class=\"elementor-column elementor-col-100 elementor-top-column elementor-element elementor-element-e59ec2a\" data-id=\"e59ec2a\" data-element_type=\"column\" data-e-type=\"column\">\n\t\t\t<div class=\"elementor-widget-wrap elementor-element-populated\">\n\t\t\t\t\t\t<div class=\"elementor-element elementor-element-67c2d1e elementor-widget elementor-widget-text-editor\" data-id=\"67c2d1e\" data-element_type=\"widget\" data-e-type=\"widget\" data-widget_type=\"text-editor.default\">\n\t\t\t\t<div class=\"elementor-widget-container\">\n\t\t\t\t\t\t\t\t\t<h4><span style=\"font-weight: 400;color: #000000\">Ser\u00e3o ofertados cursos\/treinamentos nas \u00e1reas de Empreendedorismo,\u00a0 Intelig\u00eancia Artificial, Engenharia El\u00e9trica.<\/span><\/h4>\t\t\t\t\t\t\t\t<\/div>\n\t\t\t\t<\/div>\n\t\t\t\t\t<\/div>\n\t\t<\/div>\n\t\t\t\t\t<\/div>\n\t\t<\/section>\n\t\t\t\t<section class=\"elementor-section elementor-top-section elementor-element elementor-element-1e4ec39 elementor-section-boxed elementor-section-height-default elementor-section-height-default\" data-id=\"1e4ec39\" data-element_type=\"section\" data-e-type=\"section\">\n\t\t\t\t\t\t<div class=\"elementor-container elementor-column-gap-default\">\n\t\t\t\t\t<div class=\"elementor-column elementor-col-100 elementor-top-column elementor-element elementor-element-947c5fc\" data-id=\"947c5fc\" data-element_type=\"column\" data-e-type=\"column\">\n\t\t\t<div class=\"elementor-widget-wrap elementor-element-populated\">\n\t\t\t\t\t\t<div class=\"elementor-element elementor-element-9359219 elementor-widget elementor-widget-heading\" data-id=\"9359219\" data-element_type=\"widget\" data-e-type=\"widget\" data-widget_type=\"heading.default\">\n\t\t\t\t<div class=\"elementor-widget-container\">\n\t\t\t\t\t<h2 class=\"elementor-heading-title elementor-size-default\">Quais s\u00e3o os parceiros deste Projeto?<\/h2>\t\t\t\t<\/div>\n\t\t\t\t<\/div>\n\t\t\t\t\t<\/div>\n\t\t<\/div>\n\t\t\t\t\t<\/div>\n\t\t<\/section>\n\t\t\t\t<section class=\"elementor-section elementor-top-section elementor-element elementor-element-27fd394 elementor-section-boxed elementor-section-height-default elementor-section-height-default\" data-id=\"27fd394\" data-element_type=\"section\" data-e-type=\"section\">\n\t\t\t\t\t\t<div class=\"elementor-container elementor-column-gap-default\">\n\t\t\t\t\t<div class=\"elementor-column elementor-col-50 elementor-top-column elementor-element elementor-element-d747f0f\" data-id=\"d747f0f\" data-element_type=\"column\" data-e-type=\"column\">\n\t\t\t<div class=\"elementor-widget-wrap elementor-element-populated\">\n\t\t\t\t\t\t<div class=\"elementor-element elementor-element-673bbe8 elementor-widget elementor-widget-text-editor\" data-id=\"673bbe8\" data-element_type=\"widget\" data-e-type=\"widget\" data-widget_type=\"text-editor.default\">\n\t\t\t\t<div class=\"elementor-widget-container\">\n\t\t\t\t\t\t\t\t\t<ul><li><h5><b>HUAWEI TECHNOLOGIES CO. LTD <\/b><span style=\"font-weight: 400\">&#8211; MULTINACIONAL DE EQUIPAMENTOS PARA REDES E TELECOMUNICA\u00c7\u00d5ES\u00a0<\/span><\/h5><\/li><\/ul><ul><li><h5><b>FOXCONN<\/b> <b>&#8211; HON HAI PRECISION INDUSTRY CO., LTD <\/b><span style=\"font-weight: 400\">&#8211; MAIOR FABRICANTE DE COMPUTADORES E DE COMPONENTES ELETR\u00d4NICOS NO MUNDO<\/span><\/h5><\/li><\/ul><ul><li><h5><b>UNIFAP &#8211; UNIVERSIDADE FEDERAL DO AMAP\u00c1 <\/b><span style=\"font-weight: 400\">&#8211; INSTITUI\u00c7\u00c3O DE ENSINO SUPERIOR P\u00daBLICA FEDERAL<\/span><\/h5><\/li><\/ul>\t\t\t\t\t\t\t\t<\/div>\n\t\t\t\t<\/div>\n\t\t\t\t\t<\/div>\n\t\t<\/div>\n\t\t\t\t<div class=\"elementor-column elementor-col-50 elementor-top-column elementor-element elementor-element-0225420\" data-id=\"0225420\" data-element_type=\"column\" data-e-type=\"column\">\n\t\t\t<div class=\"elementor-widget-wrap elementor-element-populated\">\n\t\t\t\t\t\t<div class=\"elementor-element elementor-element-3a094d9 elementor-widget elementor-widget-image\" data-id=\"3a094d9\" data-element_type=\"widget\" data-e-type=\"widget\" data-widget_type=\"image.default\">\n\t\t\t\t<div class=\"elementor-widget-container\">\n\t\t\t\t\t\t\t\t\t\t\t\t\t\t\t<img loading=\"lazy\" decoding=\"async\" width=\"300\" height=\"300\" src=\"https:\/\/www2.unifap.br\/training\/files\/2023\/03\/parceiros-300x300.jpg\" class=\"attachment-medium size-medium wp-image-497\" alt=\"\" srcset=\"https:\/\/www2.unifap.br\/training\/files\/2023\/03\/parceiros-300x300.jpg 300w, https:\/\/www2.unifap.br\/training\/files\/2023\/03\/parceiros-150x150.jpg 150w, https:\/\/www2.unifap.br\/training\/files\/2023\/03\/parceiros.jpg 645w\" sizes=\"(max-width: 300px) 100vw, 300px\" \/>\t\t\t\t\t\t\t\t\t\t\t\t\t\t\t<\/div>\n\t\t\t\t<\/div>\n\t\t\t\t\t<\/div>\n\t\t<\/div>\n\t\t\t\t\t<\/div>\n\t\t<\/section>\n\t\t\t\t<\/div>\n\t\t","protected":false},"excerpt":{"rendered":"<p>\/*! elementor &#8211; v3.11.2 &#8211; 22-02-2023 *\/ .elementor-widget-image{text-align:center}.elementor-widget-image a{display:inline-block}.elementor-widget-image a img[src$=&#8221;.svg&#8221;]{width:48px}.elementor-widget-image img{vertical-align:middle;display:inline-block} \u00c9 um programa global que abrange todo o processo e desenvolvimento de talentos, que vai desde o desenvolvimento de cursos de certifica\u00e7\u00e3o reconhecidos pelo mercado de trabalho, passando pela capacita\u00e7\u00e3o de instrutores, configura\u00e7\u00e3o do ambiente de laborat\u00f3rio e certifica\u00e7\u00e3o de talentos, at\u00e9 o&#8230;<\/p>\n","protected":false},"author":3860,"featured_media":0,"parent":36,"menu_order":0,"comment_status":"closed","ping_status":"closed","template":"","meta":{"inline_featured_image":false,"site-sidebar-layout":"default","site-content-layout":"default","ast-site-content-layout":"default","site-content-style":"default","site-sidebar-style":"default","ast-global-header-display":"","ast-banner-title-visibility":"","ast-main-header-display":"","ast-hfb-above-header-display":"","ast-hfb-below-header-display":"","ast-hfb-mobile-header-display":"","site-post-title":"","ast-breadcrumbs-content":"","ast-featured-img":"","footer-sml-layout":"","theme-transparent-header-meta":"default","adv-header-id-meta":"","stick-header-meta":"","header-above-stick-meta":"","header-main-stick-meta":"","header-below-stick-meta":"","astra-migrate-meta-layouts":"default","ast-page-background-enabled":"default","ast-page-background-meta":{"desktop":{"background-color":"var(--ast-global-color-4)","background-image":"","background-repeat":"repeat","background-position":"center center","background-size":"auto","background-attachment":"scroll","background-type":"","background-media":"","overlay-type":"","overlay-color":"","overlay-opacity":"","overlay-gradient":""},"tablet":{"background-color":"","background-image":"","background-repeat":"repeat","background-position":"center center","background-size":"auto","background-attachment":"scroll","background-type":"","background-media":"","overlay-type":"","overlay-color":"","overlay-opacity":"","overlay-gradient":""},"mobile":{"background-color":"","background-image":"","background-repeat":"repeat","background-position":"center center","background-size":"auto","background-attachment":"scroll","background-type":"","background-media":"","overlay-type":"","overlay-color":"","overlay-opacity":"","overlay-gradient":""}},"ast-content-background-meta":{"desktop":{"background-color":"var(--ast-global-color-5)","background-image":"","background-repeat":"repeat","background-position":"center center","background-size":"auto","background-attachment":"scroll","background-type":"","background-media":"","overlay-type":"","overlay-color":"","overlay-opacity":"","overlay-gradient":""},"tablet":{"background-color":"var(--ast-global-color-5)","background-image":"","background-repeat":"repeat","background-position":"center center","background-size":"auto","background-attachment":"scroll","background-type":"","background-media":"","overlay-type":"","overlay-color":"","overlay-opacity":"","overlay-gradient":""},"mobile":{"background-color":"var(--ast-global-color-5)","background-image":"","background-repeat":"repeat","background-position":"center center","background-size":"auto","background-attachment":"scroll","background-type":"","background-media":"","overlay-type":"","overlay-color":"","overlay-opacity":"","overlay-gradient":""}},"footnotes":""},"class_list":["post-250","page","type-page","status-publish","hentry"],"_links":{"self":[{"href":"https:\/\/www2.unifap.br\/training\/wp-json\/wp\/v2\/pages\/250","targetHints":{"allow":["GET"]}}],"collection":[{"href":"https:\/\/www2.unifap.br\/training\/wp-json\/wp\/v2\/pages"}],"about":[{"href":"https:\/\/www2.unifap.br\/training\/wp-json\/wp\/v2\/types\/page"}],"author":[{"embeddable":true,"href":"https:\/\/www2.unifap.br\/training\/wp-json\/wp\/v2\/users\/3860"}],"replies":[{"embeddable":true,"href":"https:\/\/www2.unifap.br\/training\/wp-json\/wp\/v2\/comments?post=250"}],"version-history":[{"count":14,"href":"https:\/\/www2.unifap.br\/training\/wp-json\/wp\/v2\/pages\/250\/revisions"}],"predecessor-version":[{"id":500,"href":"https:\/\/www2.unifap.br\/training\/wp-json\/wp\/v2\/pages\/250\/revisions\/500"}],"up":[{"embeddable":true,"href":"https:\/\/www2.unifap.br\/training\/wp-json\/wp\/v2\/pages\/36"}],"wp:attachment":[{"href":"https:\/\/www2.unifap.br\/training\/wp-json\/wp\/v2\/media?parent=250"}],"curies":[{"name":"wp","href":"https:\/\/api.w.org\/{rel}","templated":true}]}}