{"id":310,"date":"2023-03-09T11:53:44","date_gmt":"2023-03-09T14:53:44","guid":{"rendered":"https:\/\/www2.unifap.br\/training\/?page_id=310"},"modified":"2023-03-15T17:46:55","modified_gmt":"2023-03-15T20:46:55","slug":"empreendedorismo","status":"publish","type":"page","link":"https:\/\/www2.unifap.br\/training\/empreendedorismo\/","title":{"rendered":"Empreendedorismo"},"content":{"rendered":"\t\t<div data-elementor-type=\"wp-page\" data-elementor-id=\"310\" class=\"elementor elementor-310\">\n\t\t\t\t\t\t<section class=\"elementor-section elementor-top-section elementor-element elementor-element-1be0b64 elementor-section-boxed elementor-section-height-default elementor-section-height-default\" data-id=\"1be0b64\" data-element_type=\"section\" data-e-type=\"section\">\n\t\t\t\t\t\t<div class=\"elementor-container elementor-column-gap-default\">\n\t\t\t\t\t<div class=\"elementor-column elementor-col-100 elementor-top-column elementor-element elementor-element-23a1d03\" data-id=\"23a1d03\" data-element_type=\"column\" data-e-type=\"column\">\n\t\t\t<div class=\"elementor-widget-wrap elementor-element-populated\">\n\t\t\t\t\t\t<div class=\"elementor-element elementor-element-339891e elementor-widget elementor-widget-heading\" data-id=\"339891e\" data-element_type=\"widget\" data-e-type=\"widget\" data-widget_type=\"heading.default\">\n\t\t\t\t<div class=\"elementor-widget-container\">\n\t\t\t\t\t<h2 class=\"elementor-heading-title elementor-size-default\">EMPREENDEDORISMO<\/h2>\t\t\t\t<\/div>\n\t\t\t\t<\/div>\n\t\t\t\t\t<\/div>\n\t\t<\/div>\n\t\t\t\t\t<\/div>\n\t\t<\/section>\n\t\t\t\t<section class=\"elementor-section elementor-top-section elementor-element elementor-element-3573efe elementor-section-boxed elementor-section-height-default elementor-section-height-default\" data-id=\"3573efe\" data-element_type=\"section\" data-e-type=\"section\">\n\t\t\t\t\t\t<div class=\"elementor-container elementor-column-gap-default\">\n\t\t\t\t\t<div class=\"elementor-column elementor-col-100 elementor-top-column elementor-element elementor-element-06db2a0\" data-id=\"06db2a0\" data-element_type=\"column\" data-e-type=\"column\">\n\t\t\t<div class=\"elementor-widget-wrap elementor-element-populated\">\n\t\t\t\t\t\t<div class=\"elementor-element elementor-element-5f040cd elementor-widget elementor-widget-text-editor\" data-id=\"5f040cd\" data-element_type=\"widget\" data-e-type=\"widget\" data-widget_type=\"text-editor.default\">\n\t\t\t\t<div class=\"elementor-widget-container\">\n\t\t\t\t\t\t\t\t\t<p><img fetchpriority=\"high\" decoding=\"async\" class=\"aligncenter wp-image-117\" src=\"http:\/\/www2.unifap.br\/training\/files\/2023\/03\/empreendedorismo-1024x538.jpg\" alt=\"\" width=\"456\" height=\"240\" srcset=\"https:\/\/www2.unifap.br\/training\/files\/2023\/03\/empreendedorismo-1024x538.jpg 1024w, https:\/\/www2.unifap.br\/training\/files\/2023\/03\/empreendedorismo-300x158.jpg 300w, https:\/\/www2.unifap.br\/training\/files\/2023\/03\/empreendedorismo-768x403.jpg 768w, https:\/\/www2.unifap.br\/training\/files\/2023\/03\/empreendedorismo-150x79.jpg 150w, https:\/\/www2.unifap.br\/training\/files\/2023\/03\/empreendedorismo-250x131.jpg 250w, https:\/\/www2.unifap.br\/training\/files\/2023\/03\/empreendedorismo.jpg 1200w\" sizes=\"(max-width: 456px) 100vw, 456px\" \/><strong>Instrutor:<\/strong> Daniel Chaves<\/p><p><strong>Carga Hor\u00e1ria:<\/strong> 40 Horas<\/p><p><strong>Objetivo:<\/strong><br \/>Dotar os alunos com\u00a0 conhecimentos te\u00f3ricos e pr\u00e1ticos no que tange ao empreendedorismo e sua aplica\u00e7\u00e3o.<\/p><p><strong>Conte\u00fado:<\/strong><\/p><p>1. Aula Abertura para apresenta\u00e7\u00e3o do curso;<br \/>2. Empreendedorismo;<br \/>3. Hist\u00f3rico do empreendedorismo;<br \/>4. Empreendimento e empreendedor;<br \/>5. Perfil do empreendedor;<br \/>6. Tipos de empreendedores;<br \/>7. Planejamento de uma organiza\u00e7\u00e3o;<br \/>8. Ferramentas de gest\u00e3o e avalia\u00e7\u00e3o de empreendimentos.<\/p><p>TURMA EXPOTEC- SANTANA: Mar\u00e7o<\/p>\t\t\t\t\t\t\t\t<\/div>\n\t\t\t\t<\/div>\n\t\t\t\t\t<\/div>\n\t\t<\/div>\n\t\t\t\t\t<\/div>\n\t\t<\/section>\n\t\t\t\t<\/div>\n\t\t","protected":false},"excerpt":{"rendered":"<p>\/*! elementor &#8211; v3.11.2 &#8211; 22-02-2023 *\/ .elementor-heading-title{padding:0;margin:0;line-height:1}.elementor-widget-heading .elementor-heading-title[class*=elementor-size-]&gt;a{color:inherit;font-size:inherit;line-height:inherit}.elementor-widget-heading .elementor-heading-title.elementor-size-small{font-size:15px}.elementor-widget-heading .elementor-heading-title.elementor-size-medium{font-size:19px}.elementor-widget-heading .elementor-heading-title.elementor-size-large{font-size:29px}.elementor-widget-heading .elementor-heading-title.elementor-size-xl{font-size:39px}.elementor-widget-heading .elementor-heading-title.elementor-size-xxl{font-size:59px} EMPREENDEDORISMO Instrutor: Daniel Chaves Carga Hor\u00e1ria: 40 Horas Objetivo:Dotar os alunos com\u00a0 conhecimentos te\u00f3ricos e pr\u00e1ticos no que tange ao empreendedorismo e sua aplica\u00e7\u00e3o. Conte\u00fado: 1. Aula Abertura para apresenta\u00e7\u00e3o do curso;2. Empreendedorismo;3. Hist\u00f3rico do empreendedorismo;4. Empreendimento e empreendedor;5. Perfil do&#8230;<\/p>\n","protected":false},"author":3860,"featured_media":0,"parent":0,"menu_order":0,"comment_status":"closed","ping_status":"closed","template":"","meta":{"inline_featured_image":false,"site-sidebar-layout":"no-sidebar","site-content-layout":"page-builder","ast-site-content-layout":"default","site-content-style":"default","site-sidebar-style":"default","ast-global-header-display":"","ast-banner-title-visibility":"","ast-main-header-display":"","ast-hfb-above-header-display":"","ast-hfb-below-header-display":"","ast-hfb-mobile-header-display":"","site-post-title":"disabled","ast-breadcrumbs-content":"","ast-featured-img":"disabled","footer-sml-layout":"","theme-transparent-header-meta":"","adv-header-id-meta":"","stick-header-meta":"","header-above-stick-meta":"","header-main-stick-meta":"","header-below-stick-meta":"","astra-migrate-meta-layouts":"default","ast-page-background-enabled":"default","ast-page-background-meta":{"desktop":{"background-color":"var(--ast-global-color-4)","background-image":"","background-repeat":"repeat","background-position":"center center","background-size":"auto","background-attachment":"scroll","background-type":"","background-media":"","overlay-type":"","overlay-color":"","overlay-opacity":"","overlay-gradient":""},"tablet":{"background-color":"","background-image":"","background-repeat":"repeat","background-position":"center center","background-size":"auto","background-attachment":"scroll","background-type":"","background-media":"","overlay-type":"","overlay-color":"","overlay-opacity":"","overlay-gradient":""},"mobile":{"background-color":"","background-image":"","background-repeat":"repeat","background-position":"center center","background-size":"auto","background-attachment":"scroll","background-type":"","background-media":"","overlay-type":"","overlay-color":"","overlay-opacity":"","overlay-gradient":""}},"ast-content-background-meta":{"desktop":{"background-color":"var(--ast-global-color-5)","background-image":"","background-repeat":"repeat","background-position":"center center","background-size":"auto","background-attachment":"scroll","background-type":"","background-media":"","overlay-type":"","overlay-color":"","overlay-opacity":"","overlay-gradient":""},"tablet":{"background-color":"var(--ast-global-color-5)","background-image":"","background-repeat":"repeat","background-position":"center center","background-size":"auto","background-attachment":"scroll","background-type":"","background-media":"","overlay-type":"","overlay-color":"","overlay-opacity":"","overlay-gradient":""},"mobile":{"background-color":"var(--ast-global-color-5)","background-image":"","background-repeat":"repeat","background-position":"center center","background-size":"auto","background-attachment":"scroll","background-type":"","background-media":"","overlay-type":"","overlay-color":"","overlay-opacity":"","overlay-gradient":""}},"footnotes":""},"class_list":["post-310","page","type-page","status-publish","hentry"],"_links":{"self":[{"href":"https:\/\/www2.unifap.br\/training\/wp-json\/wp\/v2\/pages\/310","targetHints":{"allow":["GET"]}}],"collection":[{"href":"https:\/\/www2.unifap.br\/training\/wp-json\/wp\/v2\/pages"}],"about":[{"href":"https:\/\/www2.unifap.br\/training\/wp-json\/wp\/v2\/types\/page"}],"author":[{"embeddable":true,"href":"https:\/\/www2.unifap.br\/training\/wp-json\/wp\/v2\/users\/3860"}],"replies":[{"embeddable":true,"href":"https:\/\/www2.unifap.br\/training\/wp-json\/wp\/v2\/comments?post=310"}],"version-history":[{"count":6,"href":"https:\/\/www2.unifap.br\/training\/wp-json\/wp\/v2\/pages\/310\/revisions"}],"predecessor-version":[{"id":461,"href":"https:\/\/www2.unifap.br\/training\/wp-json\/wp\/v2\/pages\/310\/revisions\/461"}],"wp:attachment":[{"href":"https:\/\/www2.unifap.br\/training\/wp-json\/wp\/v2\/media?parent=310"}],"curies":[{"name":"wp","href":"https:\/\/api.w.org\/{rel}","templated":true}]}}