{"id":317,"date":"2023-03-09T12:03:55","date_gmt":"2023-03-09T15:03:55","guid":{"rendered":"https:\/\/www2.unifap.br\/training\/?page_id=317"},"modified":"2023-03-21T09:05:09","modified_gmt":"2023-03-21T12:05:09","slug":"inteligencia-artificial-ia","status":"publish","type":"page","link":"https:\/\/www2.unifap.br\/training\/inteligencia-artificial-ia\/","title":{"rendered":"Intelig\u00eancia Artificial &#8211; IA"},"content":{"rendered":"\t\t<div data-elementor-type=\"wp-page\" data-elementor-id=\"317\" class=\"elementor elementor-317\">\n\t\t\t\t\t\t<section class=\"elementor-section elementor-top-section elementor-element elementor-element-7f1cf43 elementor-section-boxed elementor-section-height-default elementor-section-height-default\" data-id=\"7f1cf43\" data-element_type=\"section\" data-e-type=\"section\">\n\t\t\t\t\t\t<div class=\"elementor-container elementor-column-gap-default\">\n\t\t\t\t\t<div class=\"elementor-column elementor-col-100 elementor-top-column elementor-element elementor-element-fab337c\" data-id=\"fab337c\" data-element_type=\"column\" data-e-type=\"column\">\n\t\t\t<div class=\"elementor-widget-wrap elementor-element-populated\">\n\t\t\t\t\t\t<div class=\"elementor-element elementor-element-287428d elementor-widget elementor-widget-heading\" data-id=\"287428d\" data-element_type=\"widget\" data-e-type=\"widget\" data-widget_type=\"heading.default\">\n\t\t\t\t<div class=\"elementor-widget-container\">\n\t\t\t\t\t<h2 class=\"elementor-heading-title elementor-size-default\">INTELIG\u00caNCIA ARTIFICIAL - IA<\/h2>\t\t\t\t<\/div>\n\t\t\t\t<\/div>\n\t\t\t\t\t<\/div>\n\t\t<\/div>\n\t\t\t\t\t<\/div>\n\t\t<\/section>\n\t\t\t\t<section class=\"elementor-section elementor-top-section elementor-element elementor-element-0abb292 elementor-section-boxed elementor-section-height-default elementor-section-height-default\" data-id=\"0abb292\" data-element_type=\"section\" data-e-type=\"section\">\n\t\t\t\t\t\t<div class=\"elementor-container elementor-column-gap-default\">\n\t\t\t\t\t<div class=\"elementor-column elementor-col-100 elementor-top-column elementor-element elementor-element-18f4967\" data-id=\"18f4967\" data-element_type=\"column\" data-e-type=\"column\">\n\t\t\t<div class=\"elementor-widget-wrap elementor-element-populated\">\n\t\t\t\t\t\t<div class=\"elementor-element elementor-element-d35d9c1 elementor-widget elementor-widget-text-editor\" data-id=\"d35d9c1\" data-element_type=\"widget\" data-e-type=\"widget\" data-widget_type=\"text-editor.default\">\n\t\t\t\t<div class=\"elementor-widget-container\">\n\t\t\t\t\t\t\t\t\t<p><img fetchpriority=\"high\" decoding=\"async\" class=\"aligncenter wp-image-238\" src=\"http:\/\/www2.unifap.br\/training\/files\/2023\/03\/cropped-1-ia.png\" alt=\"\" width=\"403\" height=\"258\" srcset=\"https:\/\/www2.unifap.br\/training\/files\/2023\/03\/cropped-1-ia.png 1000w, https:\/\/www2.unifap.br\/training\/files\/2023\/03\/cropped-1-ia-300x192.png 300w, https:\/\/www2.unifap.br\/training\/files\/2023\/03\/cropped-1-ia-768x492.png 768w\" sizes=\"(max-width: 403px) 100vw, 403px\" \/><\/p>\t\t\t\t\t\t\t\t<\/div>\n\t\t\t\t<\/div>\n\t\t\t\t\t<\/div>\n\t\t<\/div>\n\t\t\t\t\t<\/div>\n\t\t<\/section>\n\t\t\t\t<section class=\"elementor-section elementor-top-section elementor-element elementor-element-2232c21 elementor-section-boxed elementor-section-height-default elementor-section-height-default\" data-id=\"2232c21\" data-element_type=\"section\" data-e-type=\"section\">\n\t\t\t\t\t\t<div class=\"elementor-container elementor-column-gap-default\">\n\t\t\t\t\t<div class=\"elementor-column elementor-col-100 elementor-top-column elementor-element elementor-element-5fc541a\" data-id=\"5fc541a\" data-element_type=\"column\" data-e-type=\"column\">\n\t\t\t<div class=\"elementor-widget-wrap elementor-element-populated\">\n\t\t\t\t\t\t<div class=\"elementor-element elementor-element-47548f0 elementor-widget elementor-widget-text-editor\" data-id=\"47548f0\" data-element_type=\"widget\" data-e-type=\"widget\" data-widget_type=\"text-editor.default\">\n\t\t\t\t<div class=\"elementor-widget-container\">\n\t\t\t\t\t\t\t\t\t<h4 style=\"text-align: center\"><span style=\"font-weight: 400\">Este \u00e9 um curso inicial em Intelig\u00eancia Artificial, <strong>aberto a todos interessados,<\/strong> sem necessidade de experi\u00eancia na \u00e1rea.<\/span><\/h4><h6><span style=\"font-weight: 400\"> A disciplina tem como objetivo ensinar os alunos conhecimentos te\u00f3ricos e pr\u00e1ticos referentes<\/span><span style=\"font-weight: 400\"> \u00e0 Intelig\u00eancia Artificial, abordando a hist\u00f3ria de desenvolvimento de IA; o sistema Huawei Ascend AI; a estrat\u00e9gia de IA; capacita para a constru\u00e7\u00e3o, treinamento e implanta\u00e7\u00e3o de redes neurais; direciona para a \u00e1rea de vendas, marketing, gerenciamento de produto e projetos, suporte t\u00e9cnico e outros cargos de IA.<\/span><\/h6><h6><span style=\"font-weight: 400\">O programa de capacita\u00e7\u00e3o incluir\u00e1 os seguintes t\u00f3picos:<\/span><\/h6><ul><li><h6><span style=\"font-weight: 400\"> Vis\u00e3o Geral da Intelig\u00eancia Artificial (IA);<\/span><\/h6><\/li><li><h6><span style=\"font-weight: 400\"> No\u00e7\u00f5es b\u00e1sicas de programa\u00e7\u00e3o em Python;<\/span><\/h6><\/li><li><h6><span style=\"font-weight: 400\"> Fundamentos de Aprendizagem de M\u00e1quina;<\/span><\/h6><\/li><li><h6><span style=\"font-weight: 400\"> Conceitos de Aprendizagem Profunda;<\/span><\/h6><\/li><li><h6><span style=\"font-weight: 400\"> Plataforma de Computa\u00e7\u00e3o Atlas e framework Mindspore;<\/span><\/h6><\/li><li><h6><span style=\"font-weight: 400\"> Plataforma de desenvolvimento em IA para dispositivos inteligentes;<\/span><\/h6><\/li><li><h6><span style=\"font-weight: 400\"> Vis\u00e3o geral da Cloud Enterprise Intelligence (EI);<\/span><\/h6><\/li><li><h6><span style=\"font-weight: 400\"> Guia da Experi\u00eancia do B\u00e1sico de Programa\u00e7\u00e3o em Python;<\/span><\/h6><\/li><li><h6><span style=\"font-weight: 400\"> Guia do Experimento dos Fundamentos da Programa\u00e7\u00e3o do TensorFlow.<\/span><\/h6><\/li><\/ul>\t\t\t\t\t\t\t\t<\/div>\n\t\t\t\t<\/div>\n\t\t\t\t\t<\/div>\n\t\t<\/div>\n\t\t\t\t\t<\/div>\n\t\t<\/section>\n\t\t\t\t<\/div>\n\t\t","protected":false},"excerpt":{"rendered":"<p>\/*! elementor &#8211; v3.11.2 &#8211; 22-02-2023 *\/ .elementor-heading-title{padding:0;margin:0;line-height:1}.elementor-widget-heading .elementor-heading-title[class*=elementor-size-]&gt;a{color:inherit;font-size:inherit;line-height:inherit}.elementor-widget-heading .elementor-heading-title.elementor-size-small{font-size:15px}.elementor-widget-heading .elementor-heading-title.elementor-size-medium{font-size:19px}.elementor-widget-heading .elementor-heading-title.elementor-size-large{font-size:29px}.elementor-widget-heading .elementor-heading-title.elementor-size-xl{font-size:39px}.elementor-widget-heading .elementor-heading-title.elementor-size-xxl{font-size:59px} INTELIG\u00caNCIA ARTIFICIAL &#8211; IA Este \u00e9 um curso inicial em Intelig\u00eancia Artificial, aberto a todos interessados, sem necessidade de experi\u00eancia na \u00e1rea. A disciplina tem como objetivo ensinar os alunos conhecimentos te\u00f3ricos e pr\u00e1ticos referentes \u00e0 Intelig\u00eancia Artificial, abordando a hist\u00f3ria&#8230;<\/p>\n","protected":false},"author":3860,"featured_media":0,"parent":0,"menu_order":0,"comment_status":"closed","ping_status":"closed","template":"","meta":{"inline_featured_image":false,"site-sidebar-layout":"no-sidebar","site-content-layout":"page-builder","ast-site-content-layout":"default","site-content-style":"default","site-sidebar-style":"default","ast-global-header-display":"","ast-banner-title-visibility":"","ast-main-header-display":"","ast-hfb-above-header-display":"","ast-hfb-below-header-display":"","ast-hfb-mobile-header-display":"","site-post-title":"disabled","ast-breadcrumbs-content":"","ast-featured-img":"disabled","footer-sml-layout":"","theme-transparent-header-meta":"","adv-header-id-meta":"","stick-header-meta":"","header-above-stick-meta":"","header-main-stick-meta":"","header-below-stick-meta":"","astra-migrate-meta-layouts":"default","ast-page-background-enabled":"default","ast-page-background-meta":{"desktop":{"background-color":"var(--ast-global-color-4)","background-image":"","background-repeat":"repeat","background-position":"center center","background-size":"auto","background-attachment":"scroll","background-type":"","background-media":"","overlay-type":"","overlay-color":"","overlay-opacity":"","overlay-gradient":""},"tablet":{"background-color":"","background-image":"","background-repeat":"repeat","background-position":"center center","background-size":"auto","background-attachment":"scroll","background-type":"","background-media":"","overlay-type":"","overlay-color":"","overlay-opacity":"","overlay-gradient":""},"mobile":{"background-color":"","background-image":"","background-repeat":"repeat","background-position":"center center","background-size":"auto","background-attachment":"scroll","background-type":"","background-media":"","overlay-type":"","overlay-color":"","overlay-opacity":"","overlay-gradient":""}},"ast-content-background-meta":{"desktop":{"background-color":"var(--ast-global-color-5)","background-image":"","background-repeat":"repeat","background-position":"center center","background-size":"auto","background-attachment":"scroll","background-type":"","background-media":"","overlay-type":"","overlay-color":"","overlay-opacity":"","overlay-gradient":""},"tablet":{"background-color":"var(--ast-global-color-5)","background-image":"","background-repeat":"repeat","background-position":"center center","background-size":"auto","background-attachment":"scroll","background-type":"","background-media":"","overlay-type":"","overlay-color":"","overlay-opacity":"","overlay-gradient":""},"mobile":{"background-color":"var(--ast-global-color-5)","background-image":"","background-repeat":"repeat","background-position":"center center","background-size":"auto","background-attachment":"scroll","background-type":"","background-media":"","overlay-type":"","overlay-color":"","overlay-opacity":"","overlay-gradient":""}},"footnotes":""},"class_list":["post-317","page","type-page","status-publish","hentry"],"_links":{"self":[{"href":"https:\/\/www2.unifap.br\/training\/wp-json\/wp\/v2\/pages\/317","targetHints":{"allow":["GET"]}}],"collection":[{"href":"https:\/\/www2.unifap.br\/training\/wp-json\/wp\/v2\/pages"}],"about":[{"href":"https:\/\/www2.unifap.br\/training\/wp-json\/wp\/v2\/types\/page"}],"author":[{"embeddable":true,"href":"https:\/\/www2.unifap.br\/training\/wp-json\/wp\/v2\/users\/3860"}],"replies":[{"embeddable":true,"href":"https:\/\/www2.unifap.br\/training\/wp-json\/wp\/v2\/comments?post=317"}],"version-history":[{"count":9,"href":"https:\/\/www2.unifap.br\/training\/wp-json\/wp\/v2\/pages\/317\/revisions"}],"predecessor-version":[{"id":482,"href":"https:\/\/www2.unifap.br\/training\/wp-json\/wp\/v2\/pages\/317\/revisions\/482"}],"wp:attachment":[{"href":"https:\/\/www2.unifap.br\/training\/wp-json\/wp\/v2\/media?parent=317"}],"curies":[{"name":"wp","href":"https:\/\/api.w.org\/{rel}","templated":true}]}}