{"id":362,"date":"2023-03-14T11:26:45","date_gmt":"2023-03-14T14:26:45","guid":{"rendered":"https:\/\/www2.unifap.br\/training\/?page_id=362"},"modified":"2023-07-27T11:51:25","modified_gmt":"2023-07-27T14:51:25","slug":"ict-academy-na-midia","status":"publish","type":"page","link":"https:\/\/www2.unifap.br\/training\/ict-academy-na-midia\/","title":{"rendered":"ICT Academy na M\u00eddia"},"content":{"rendered":"\t\t<div data-elementor-type=\"wp-page\" data-elementor-id=\"362\" class=\"elementor elementor-362\">\n\t\t\t\t\t\t<section class=\"elementor-section elementor-top-section elementor-element elementor-element-8cc9422 elementor-section-boxed elementor-section-height-default elementor-section-height-default\" data-id=\"8cc9422\" data-element_type=\"section\" data-e-type=\"section\">\n\t\t\t\t\t\t<div class=\"elementor-container elementor-column-gap-default\">\n\t\t\t\t\t<div class=\"elementor-column elementor-col-100 elementor-top-column elementor-element elementor-element-4a0ae65\" data-id=\"4a0ae65\" data-element_type=\"column\" data-e-type=\"column\">\n\t\t\t<div class=\"elementor-widget-wrap elementor-element-populated\">\n\t\t\t\t\t\t<div class=\"elementor-element elementor-element-4864ad3 elementor-widget elementor-widget-heading\" data-id=\"4864ad3\" data-element_type=\"widget\" data-e-type=\"widget\" data-widget_type=\"heading.default\">\n\t\t\t\t<div class=\"elementor-widget-container\">\n\t\t\t\t\t<h2 class=\"elementor-heading-title elementor-size-default\">ICT Academy na M\u00eddia<\/h2>\t\t\t\t<\/div>\n\t\t\t\t<\/div>\n\t\t\t\t\t<\/div>\n\t\t<\/div>\n\t\t\t\t\t<\/div>\n\t\t<\/section>\n\t\t\t\t<section class=\"elementor-section elementor-top-section elementor-element elementor-element-d1bd525 elementor-section-boxed elementor-section-height-default elementor-section-height-default\" data-id=\"d1bd525\" data-element_type=\"section\" data-e-type=\"section\">\n\t\t\t\t\t\t<div class=\"elementor-container elementor-column-gap-default\">\n\t\t\t\t\t<div class=\"elementor-column elementor-col-100 elementor-top-column elementor-element elementor-element-7520ec8\" data-id=\"7520ec8\" data-element_type=\"column\" data-e-type=\"column\">\n\t\t\t<div class=\"elementor-widget-wrap elementor-element-populated\">\n\t\t\t\t\t\t<div class=\"elementor-element elementor-element-fa1f9ae elementor-widget elementor-widget-text-editor\" data-id=\"fa1f9ae\" data-element_type=\"widget\" data-e-type=\"widget\" data-widget_type=\"text-editor.default\">\n\t\t\t\t<div class=\"elementor-widget-container\">\n\t\t\t\t\t\t\t\t\t<h4 class=\"entry-title\"><a href=\"https:\/\/clickmaisnoticia.com\/jovens-de-santana-serao-atendidos-com-cursos-na-area-de-inteligencia-artificial\/\">Jovens de Santana ser\u00e3o atendidos com cursos na \u00e1rea de intelig\u00eancia artificial<\/a><\/h4>\t\t\t\t\t\t\t\t<\/div>\n\t\t\t\t<\/div>\n\t\t\t\t\t<\/div>\n\t\t<\/div>\n\t\t\t\t\t<\/div>\n\t\t<\/section>\n\t\t\t\t<section class=\"elementor-section elementor-top-section elementor-element elementor-element-635f071 elementor-section-boxed elementor-section-height-default elementor-section-height-default\" data-id=\"635f071\" data-element_type=\"section\" data-e-type=\"section\">\n\t\t\t\t\t\t<div class=\"elementor-container elementor-column-gap-default\">\n\t\t\t\t\t<div class=\"elementor-column elementor-col-50 elementor-top-column elementor-element elementor-element-32f19d5\" data-id=\"32f19d5\" data-element_type=\"column\" data-e-type=\"column\">\n\t\t\t<div class=\"elementor-widget-wrap elementor-element-populated\">\n\t\t\t\t\t\t<div class=\"elementor-element elementor-element-f677bf9 elementor-widget elementor-widget-image\" data-id=\"f677bf9\" data-element_type=\"widget\" data-e-type=\"widget\" data-widget_type=\"image.default\">\n\t\t\t\t<div class=\"elementor-widget-container\">\n\t\t\t\t\t\t\t\t\t\t\t\t<figure class=\"wp-caption\">\n\t\t\t\t\t\t\t\t\t\t\t<a href=\"https:\/\/clickmaisnoticia.com\/jovens-de-santana-serao-atendidos-com-cursos-na-area-de-inteligencia-artificial\/\">\n\t\t\t\t\t\t\t<img fetchpriority=\"high\" decoding=\"async\" width=\"1024\" height=\"461\" src=\"https:\/\/www2.unifap.br\/training\/files\/2023\/03\/unifap-1024x461.jpg\" class=\"attachment-large size-large wp-image-363\" alt=\"\" srcset=\"https:\/\/www2.unifap.br\/training\/files\/2023\/03\/unifap-1024x461.jpg 1024w, https:\/\/www2.unifap.br\/training\/files\/2023\/03\/unifap-300x135.jpg 300w, https:\/\/www2.unifap.br\/training\/files\/2023\/03\/unifap-768x346.jpg 768w, https:\/\/www2.unifap.br\/training\/files\/2023\/03\/unifap-1536x691.jpg 1536w, https:\/\/www2.unifap.br\/training\/files\/2023\/03\/unifap.jpg 1600w\" sizes=\"(max-width: 1024px) 100vw, 1024px\" \/>\t\t\t\t\t\t\t\t<\/a>\n\t\t\t\t\t\t\t\t\t\t\t<figcaption class=\"widget-image-caption wp-caption-text\">Fonte: Portal Click Assessoria e Comunica\u00e7\u00e3o:  Jovens de Santana ser\u00e3o atendidos com cursos na \u00e1rea de intelig\u00eancia artificial<\/figcaption>\n\t\t\t\t\t\t\t\t\t\t<\/figure>\n\t\t\t\t\t\t\t\t\t<\/div>\n\t\t\t\t<\/div>\n\t\t\t\t\t<\/div>\n\t\t<\/div>\n\t\t\t\t<div class=\"elementor-column elementor-col-50 elementor-top-column elementor-element elementor-element-2883536\" data-id=\"2883536\" data-element_type=\"column\" data-e-type=\"column\">\n\t\t\t<div class=\"elementor-widget-wrap elementor-element-populated\">\n\t\t\t\t\t\t<div class=\"elementor-element elementor-element-745836b elementor-widget elementor-widget-text-editor\" data-id=\"745836b\" data-element_type=\"widget\" data-e-type=\"widget\" data-widget_type=\"text-editor.default\">\n\t\t\t\t<div class=\"elementor-widget-container\">\n\t\t\t\t\t\t\t\t\t<p>Jovens do munic\u00edpio de Santana, participaram nesta sexta-feira, (10), de uma exposi\u00e7\u00e3o t\u00e9cnica de conhecimento que faz parte do programa Expotec Jovem qualificado. No evento, o p\u00fablico recebeu todas as informa\u00e7\u00f5es sobre uma pareceria da Prefeitura de Santana com a Universidade Federal do Amap\u00e1 (UNIFAP), que vai proporcionar a qualifica\u00e7\u00e3o na \u00e1rea de intelig\u00eancia artificial. Dois cursos ser\u00e3o ofertados inicialmente para 120 jovens.<\/p><p><span style=\"color: #6c6f72;font-family: Poppins, sans-serif;font-size: 16px;text-align: justify\">\u201cA Unifap firmou parceria com uma institui\u00e7\u00e3o multinacional que vem com capacita\u00e7\u00e3o e tecnologia de ponta para a \u00e1rea de intelig\u00eancia artificial.\u00a0 Cursos de intelig\u00eancia, empreendedorismo e el\u00e9trica ser\u00e3o oferecidos para estudantes do ensino m\u00e9dio de Santana\u201d explicou a coordenadora do projeto da Unifap, Simone Leal.<\/span><\/p>\t\t\t\t\t\t\t\t<\/div>\n\t\t\t\t<\/div>\n\t\t\t\t\t<\/div>\n\t\t<\/div>\n\t\t\t\t\t<\/div>\n\t\t<\/section>\n\t\t\t\t<section class=\"elementor-section elementor-top-section elementor-element elementor-element-e5f2542 elementor-section-boxed elementor-section-height-default elementor-section-height-default\" data-id=\"e5f2542\" data-element_type=\"section\" data-e-type=\"section\">\n\t\t\t\t\t\t<div class=\"elementor-container elementor-column-gap-default\">\n\t\t\t\t\t<div class=\"elementor-column elementor-col-50 elementor-top-column elementor-element elementor-element-790df0b\" data-id=\"790df0b\" data-element_type=\"column\" data-e-type=\"column\">\n\t\t\t<div class=\"elementor-widget-wrap elementor-element-populated\">\n\t\t\t\t\t\t<div class=\"elementor-element elementor-element-d7caeef elementor-widget elementor-widget-text-editor\" data-id=\"d7caeef\" data-element_type=\"widget\" data-e-type=\"widget\" data-widget_type=\"text-editor.default\">\n\t\t\t\t<div class=\"elementor-widget-container\">\n\t\t\t\t\t\t\t\t\t<p><a href=\"https:\/\/www.santana.ap.gov.br\/prefeitura-de-santana-e-parceiros-realizam-a-primeira-edicao-da-expotec-jovem-qualificado\/\"><img decoding=\"async\" class=\"aligncenter size-large wp-image-398\" src=\"http:\/\/www2.unifap.br\/training\/files\/2023\/03\/site-santana-prefeitura-1024x590.png\" alt=\"\" width=\"1024\" height=\"590\" srcset=\"https:\/\/www2.unifap.br\/training\/files\/2023\/03\/site-santana-prefeitura-1024x590.png 1024w, https:\/\/www2.unifap.br\/training\/files\/2023\/03\/site-santana-prefeitura-300x173.png 300w, https:\/\/www2.unifap.br\/training\/files\/2023\/03\/site-santana-prefeitura-768x443.png 768w, https:\/\/www2.unifap.br\/training\/files\/2023\/03\/site-santana-prefeitura.png 1091w\" sizes=\"(max-width: 1024px) 100vw, 1024px\" \/><\/a><\/p><p>Fonte: Prefeitura de Santana &#8211; AP<\/p><p>\u00a0<\/p>\t\t\t\t\t\t\t\t<\/div>\n\t\t\t\t<\/div>\n\t\t\t\t\t<\/div>\n\t\t<\/div>\n\t\t\t\t<div class=\"elementor-column elementor-col-50 elementor-top-column elementor-element elementor-element-584c82e\" data-id=\"584c82e\" data-element_type=\"column\" data-e-type=\"column\">\n\t\t\t<div class=\"elementor-widget-wrap elementor-element-populated\">\n\t\t\t\t\t\t<div class=\"elementor-element elementor-element-cbf8af5 elementor-widget elementor-widget-video\" data-id=\"cbf8af5\" data-element_type=\"widget\" data-e-type=\"widget\" data-settings=\"{&quot;youtube_url&quot;:&quot;https:\\\/\\\/youtu.be\\\/dX7OWhUKqA8&quot;,&quot;video_type&quot;:&quot;youtube&quot;,&quot;controls&quot;:&quot;yes&quot;}\" data-widget_type=\"video.default\">\n\t\t\t\t<div class=\"elementor-widget-container\">\n\t\t\t\t\t\t\t<div class=\"elementor-wrapper elementor-open-inline\">\n\t\t\t<div class=\"elementor-video\"><\/div>\t\t<\/div>\n\t\t\t\t\t\t<\/div>\n\t\t\t\t<\/div>\n\t\t\t\t\t<\/div>\n\t\t<\/div>\n\t\t\t\t\t<\/div>\n\t\t<\/section>\n\t\t\t\t<section class=\"elementor-section elementor-top-section elementor-element elementor-element-1395bc6 elementor-section-boxed elementor-section-height-default elementor-section-height-default\" data-id=\"1395bc6\" data-element_type=\"section\" data-e-type=\"section\">\n\t\t\t\t\t\t<div class=\"elementor-container elementor-column-gap-default\">\n\t\t\t\t\t<div class=\"elementor-column elementor-col-100 elementor-top-column elementor-element elementor-element-94d3fe2\" data-id=\"94d3fe2\" data-element_type=\"column\" data-e-type=\"column\">\n\t\t\t<div class=\"elementor-widget-wrap elementor-element-populated\">\n\t\t\t\t\t\t<div class=\"elementor-element elementor-element-7df850d elementor-widget elementor-widget-heading\" data-id=\"7df850d\" data-element_type=\"widget\" data-e-type=\"widget\" data-widget_type=\"heading.default\">\n\t\t\t\t<div class=\"elementor-widget-container\">\n\t\t\t\t\t<h2 class=\"elementor-heading-title elementor-size-default\">Curso de Intelig\u00eancia Artificial \u00e9 oferecido pela Prefeitura de Macap\u00e1 e UNIFAP<\/h2>\t\t\t\t<\/div>\n\t\t\t\t<\/div>\n\t\t\t\t\t<\/div>\n\t\t<\/div>\n\t\t\t\t\t<\/div>\n\t\t<\/section>\n\t\t\t\t<section class=\"elementor-section elementor-top-section elementor-element elementor-element-3519277 elementor-section-boxed elementor-section-height-default elementor-section-height-default\" data-id=\"3519277\" data-element_type=\"section\" data-e-type=\"section\">\n\t\t\t\t\t\t<div class=\"elementor-container elementor-column-gap-default\">\n\t\t\t\t\t<div class=\"elementor-column elementor-col-50 elementor-top-column elementor-element elementor-element-3353d68\" data-id=\"3353d68\" data-element_type=\"column\" data-e-type=\"column\">\n\t\t\t<div class=\"elementor-widget-wrap elementor-element-populated\">\n\t\t\t\t\t\t<div class=\"elementor-element elementor-element-db55133 elementor-widget elementor-widget-image\" data-id=\"db55133\" data-element_type=\"widget\" data-e-type=\"widget\" data-widget_type=\"image.default\">\n\t\t\t\t<div class=\"elementor-widget-container\">\n\t\t\t\t\t\t\t\t\t\t\t\t\t\t\t<img decoding=\"async\" width=\"760\" height=\"570\" src=\"https:\/\/www2.unifap.br\/training\/files\/2023\/07\/ab2d2a3ceea48d5968fec292e97395875606d4ecd9f7f00661b4e446b0974370.jpg\" class=\"attachment-large size-large wp-image-663\" alt=\"\" srcset=\"https:\/\/www2.unifap.br\/training\/files\/2023\/07\/ab2d2a3ceea48d5968fec292e97395875606d4ecd9f7f00661b4e446b0974370.jpg 760w, https:\/\/www2.unifap.br\/training\/files\/2023\/07\/ab2d2a3ceea48d5968fec292e97395875606d4ecd9f7f00661b4e446b0974370-300x225.jpg 300w\" sizes=\"(max-width: 760px) 100vw, 760px\" \/>\t\t\t\t\t\t\t\t\t\t\t\t\t\t\t<\/div>\n\t\t\t\t<\/div>\n\t\t\t\t\t<\/div>\n\t\t<\/div>\n\t\t\t\t<div class=\"elementor-column elementor-col-50 elementor-top-column elementor-element elementor-element-b551a9d\" data-id=\"b551a9d\" data-element_type=\"column\" data-e-type=\"column\">\n\t\t\t<div class=\"elementor-widget-wrap elementor-element-populated\">\n\t\t\t\t\t\t<div class=\"elementor-element elementor-element-9c388da elementor-widget elementor-widget-text-editor\" data-id=\"9c388da\" data-element_type=\"widget\" data-e-type=\"widget\" data-widget_type=\"text-editor.default\">\n\t\t\t\t<div class=\"elementor-widget-container\">\n\t\t\t\t\t\t\t\t\t<p>Iniciou nesta ter\u00e7a-feira (25), o curso de Intelig\u00eancia Artificial e Empreendedorismo promovido pela Prefeitura de Macap\u00e1 e Universidade Federal do Amap\u00e1 (UNIFAP). Trintas alunos fazem parte da capacita\u00e7\u00e3o, que acontece durante 5 semanas. As aulas s\u00e3o realizadas no Campus Marco Zero da UNIFAP.<\/p><p>O curso \u00e9 uma iniciativa in\u00e9dita executada pela Secretaria Municipal do Trabalho Desenvolvimento Econ\u00f4mico e Inova\u00e7\u00e3o (Semtradi). \u201cBuscamos mostrar novos horizontes aos participantes que ao entrar no mercado de trabalho poder\u00e3o criar suas pr\u00f3prias oportunidades\u201d, enfatizou a titular da Semtradi, Marciane Santo.<\/p><p>Para o estudante de jornalismo da UNIFAP, Augusto Souza, de 28 anos, essa \u00e9 uma oportunidade para atualizar o aprendizado e agregar em sua vida profissional.<\/p><p>\u201cA intelig\u00eancia artificial \u00e9 uma realidade em todas as profiss\u00f5es, principalmente, para n\u00f3s que somos da comunica\u00e7\u00e3o. Estou realizando essa vontade de conhecer mais sobre esse mundo\u201d, disse.<\/p>\t\t\t\t\t\t\t\t<\/div>\n\t\t\t\t<\/div>\n\t\t\t\t\t<\/div>\n\t\t<\/div>\n\t\t\t\t\t<\/div>\n\t\t<\/section>\n\t\t\t\t<section class=\"elementor-section elementor-top-section elementor-element elementor-element-30b2941 elementor-section-boxed elementor-section-height-default elementor-section-height-default\" data-id=\"30b2941\" data-element_type=\"section\" data-e-type=\"section\">\n\t\t\t\t\t\t<div class=\"elementor-container elementor-column-gap-default\">\n\t\t\t\t\t<div class=\"elementor-column elementor-col-50 elementor-top-column elementor-element elementor-element-8379125\" data-id=\"8379125\" data-element_type=\"column\" data-e-type=\"column\">\n\t\t\t<div class=\"elementor-widget-wrap elementor-element-populated\">\n\t\t\t\t\t\t<div class=\"elementor-element elementor-element-07d4ed8 elementor-widget elementor-widget-image\" data-id=\"07d4ed8\" data-element_type=\"widget\" data-e-type=\"widget\" data-widget_type=\"image.default\">\n\t\t\t\t<div class=\"elementor-widget-container\">\n\t\t\t\t\t\t\t\t\t\t\t\t\t\t\t<img loading=\"lazy\" decoding=\"async\" width=\"760\" height=\"570\" src=\"https:\/\/www2.unifap.br\/training\/files\/2023\/07\/20a5087379b9f9dc8121b4f51f0985136904388bf3d029d65148a22e6aa34f71.jpg\" class=\"attachment-large size-large wp-image-664\" alt=\"\" srcset=\"https:\/\/www2.unifap.br\/training\/files\/2023\/07\/20a5087379b9f9dc8121b4f51f0985136904388bf3d029d65148a22e6aa34f71.jpg 760w, https:\/\/www2.unifap.br\/training\/files\/2023\/07\/20a5087379b9f9dc8121b4f51f0985136904388bf3d029d65148a22e6aa34f71-300x225.jpg 300w\" sizes=\"(max-width: 760px) 100vw, 760px\" \/>\t\t\t\t\t\t\t\t\t\t\t\t\t\t\t<\/div>\n\t\t\t\t<\/div>\n\t\t\t\t\t<\/div>\n\t\t<\/div>\n\t\t\t\t<div class=\"elementor-column elementor-col-50 elementor-top-column elementor-element elementor-element-b7ea3d7\" data-id=\"b7ea3d7\" data-element_type=\"column\" data-e-type=\"column\">\n\t\t\t<div class=\"elementor-widget-wrap elementor-element-populated\">\n\t\t\t\t\t\t<div class=\"elementor-element elementor-element-3ee25eb elementor-widget elementor-widget-image\" data-id=\"3ee25eb\" data-element_type=\"widget\" data-e-type=\"widget\" data-widget_type=\"image.default\">\n\t\t\t\t<div class=\"elementor-widget-container\">\n\t\t\t\t\t\t\t\t\t\t\t\t\t\t\t<img loading=\"lazy\" decoding=\"async\" width=\"760\" height=\"570\" src=\"https:\/\/www2.unifap.br\/training\/files\/2023\/07\/3e72312ea85c5dad1bdea8460cf6cd6752a5f86c9f036586e0a574f7fe7eccc7.jpg\" class=\"attachment-large size-large wp-image-665\" alt=\"\" srcset=\"https:\/\/www2.unifap.br\/training\/files\/2023\/07\/3e72312ea85c5dad1bdea8460cf6cd6752a5f86c9f036586e0a574f7fe7eccc7.jpg 760w, https:\/\/www2.unifap.br\/training\/files\/2023\/07\/3e72312ea85c5dad1bdea8460cf6cd6752a5f86c9f036586e0a574f7fe7eccc7-300x225.jpg 300w\" sizes=\"(max-width: 760px) 100vw, 760px\" \/>\t\t\t\t\t\t\t\t\t\t\t\t\t\t\t<\/div>\n\t\t\t\t<\/div>\n\t\t\t\t\t<\/div>\n\t\t<\/div>\n\t\t\t\t\t<\/div>\n\t\t<\/section>\n\t\t\t\t<section class=\"elementor-section elementor-top-section elementor-element elementor-element-6329d62 elementor-section-boxed elementor-section-height-default elementor-section-height-default\" data-id=\"6329d62\" data-element_type=\"section\" data-e-type=\"section\">\n\t\t\t\t\t\t<div class=\"elementor-container elementor-column-gap-default\">\n\t\t\t\t\t<div class=\"elementor-column elementor-col-100 elementor-top-column elementor-element elementor-element-c882450\" data-id=\"c882450\" data-element_type=\"column\" data-e-type=\"column\">\n\t\t\t<div class=\"elementor-widget-wrap elementor-element-populated\">\n\t\t\t\t\t\t<div class=\"elementor-element elementor-element-71c0cab elementor-widget elementor-widget-text-editor\" data-id=\"71c0cab\" data-element_type=\"widget\" data-e-type=\"widget\" data-widget_type=\"text-editor.default\">\n\t\t\t\t<div class=\"elementor-widget-container\">\n\t\t\t\t\t\t\t\t\t<p>Jennifer Nascimento se mudou recentemente para Macap\u00e1 e ficou sabendo da oportunidade atrav\u00e9s das redes sociais, ela ressaltou que \u00e9 importante se manter atualizada sobre as novas tecnologias.<\/p><p>O objetivo do curso \u00e9 capacitar os participantes nas \u00e1reas de Intelig\u00eancia Artificial (IA), associada ao empreendedorismo, e abordar habilidades essenciais para o mercado de trabalho atual.<\/p><p>O curso faz parte do programa Huawei ICT Academy, desenvolvido na UNIFAP em coopera\u00e7\u00e3o com a empresa chinesa Huawei e o Minist\u00e9rio da Educa\u00e7\u00e3o (MEC).<\/p>\t\t\t\t\t\t\t\t<\/div>\n\t\t\t\t<\/div>\n\t\t\t\t\t<\/div>\n\t\t<\/div>\n\t\t\t\t\t<\/div>\n\t\t<\/section>\n\t\t\t\t<section class=\"elementor-section elementor-top-section elementor-element elementor-element-ecd8b01 elementor-section-boxed elementor-section-height-default elementor-section-height-default\" data-id=\"ecd8b01\" data-element_type=\"section\" data-e-type=\"section\">\n\t\t\t\t\t\t<div class=\"elementor-container elementor-column-gap-default\">\n\t\t\t\t\t<div class=\"elementor-column elementor-col-50 elementor-top-column elementor-element elementor-element-36c0095\" data-id=\"36c0095\" data-element_type=\"column\" data-e-type=\"column\">\n\t\t\t<div class=\"elementor-widget-wrap elementor-element-populated\">\n\t\t\t\t\t\t<div class=\"elementor-element elementor-element-f6a646b elementor-widget elementor-widget-image\" data-id=\"f6a646b\" data-element_type=\"widget\" data-e-type=\"widget\" data-widget_type=\"image.default\">\n\t\t\t\t<div class=\"elementor-widget-container\">\n\t\t\t\t\t\t\t\t\t\t\t\t\t\t\t<img loading=\"lazy\" decoding=\"async\" width=\"760\" height=\"570\" src=\"https:\/\/www2.unifap.br\/training\/files\/2023\/07\/ff2223511531ad84f3d63419b062257349e2aa1aa303a72758dd7dfe72d76bef.jpg\" class=\"attachment-large size-large wp-image-666\" alt=\"\" srcset=\"https:\/\/www2.unifap.br\/training\/files\/2023\/07\/ff2223511531ad84f3d63419b062257349e2aa1aa303a72758dd7dfe72d76bef.jpg 760w, https:\/\/www2.unifap.br\/training\/files\/2023\/07\/ff2223511531ad84f3d63419b062257349e2aa1aa303a72758dd7dfe72d76bef-300x225.jpg 300w\" sizes=\"(max-width: 760px) 100vw, 760px\" \/>\t\t\t\t\t\t\t\t\t\t\t\t\t\t\t<\/div>\n\t\t\t\t<\/div>\n\t\t\t\t\t<\/div>\n\t\t<\/div>\n\t\t\t\t<div class=\"elementor-column elementor-col-50 elementor-top-column elementor-element elementor-element-5b0027c\" data-id=\"5b0027c\" data-element_type=\"column\" data-e-type=\"column\">\n\t\t\t<div class=\"elementor-widget-wrap elementor-element-populated\">\n\t\t\t\t\t\t<div class=\"elementor-element elementor-element-4e6de8c elementor-widget elementor-widget-text-editor\" data-id=\"4e6de8c\" data-element_type=\"widget\" data-e-type=\"widget\" data-widget_type=\"text-editor.default\">\n\t\t\t\t<div class=\"elementor-widget-container\">\n\t\t\t\t\t\t\t\t\t<p>Coordenadora do projeto ICT Academy na UNIFAP e Professora de matem\u00e1tica, Simone Leal, explica que o foco da capacita\u00e7\u00e3o \u00e9 que os alunos possam aplicar a intelig\u00eancia artificial no empreendedorismo.<\/p>\n<p>\u201cQueremos desenvolver na cidade de Macap\u00e1 um potencial de empreendedorismo baseado na tecnologia\u201d, refor\u00e7ou.<\/p>\n<p>O programa abrange todo o processo e desenvolvimento de talentos, desde a oferta de cursos, passando pela capacita\u00e7\u00e3o de instrutores, configura\u00e7\u00e3o do ambiente de laborat\u00f3rio e certifica\u00e7\u00e3o de talentos, at\u00e9 a inclus\u00e3o no mercado de trabalho.<\/p><p><br><\/p><p>CONFIRMA MAIS:&nbsp;<a href=\"https:\/\/macapa.ap.gov.br\/curso-de-inteligencia-artificial-e-oferecido-pela-prefeitura-de-macapa-e-unifap\/\" style=\"font-family: var( --e-global-typography-text-font-family ), Sans-serif;font-weight: var( --e-global-typography-text-font-weight );font-size: 1rem\">Curso de Intelig\u00eancia Artificial \u00e9 oferecido pela Prefeitura de Macap\u00e1 e UNIFAP \u2013 Prefeitura Municipal de Macap\u00e1 (macapa.ap.gov.br)<\/a><\/p>\t\t\t\t\t\t\t\t<\/div>\n\t\t\t\t<\/div>\n\t\t\t\t\t<\/div>\n\t\t<\/div>\n\t\t\t\t\t<\/div>\n\t\t<\/section>\n\t\t\t\t<\/div>\n\t\t","protected":false},"excerpt":{"rendered":"<p>\/*! elementor &#8211; v3.14.0 &#8211; 26-06-2023 *\/ .elementor-heading-title{padding:0;margin:0;line-height:1}.elementor-widget-heading .elementor-heading-title[class*=elementor-size-]&gt;a{color:inherit;font-size:inherit;line-height:inherit}.elementor-widget-heading .elementor-heading-title.elementor-size-small{font-size:15px}.elementor-widget-heading .elementor-heading-title.elementor-size-medium{font-size:19px}.elementor-widget-heading .elementor-heading-title.elementor-size-large{font-size:29px}.elementor-widget-heading .elementor-heading-title.elementor-size-xl{font-size:39px}.elementor-widget-heading .elementor-heading-title.elementor-size-xxl{font-size:59px} ICT Academy na M\u00eddia Jovens de Santana ser\u00e3o atendidos com cursos na \u00e1rea de intelig\u00eancia artificial \/*! elementor &#8211; v3.14.0 &#8211; 26-06-2023 *\/ .elementor-widget-image{text-align:center}.elementor-widget-image a{display:inline-block}.elementor-widget-image a img[src$=&#8221;.svg&#8221;]{width:48px}.elementor-widget-image img{vertical-align:middle;display:inline-block} Fonte: Portal Click Assessoria e Comunica\u00e7\u00e3o: Jovens de Santana ser\u00e3o atendidos com cursos&#8230;<\/p>\n","protected":false},"author":3860,"featured_media":0,"parent":0,"menu_order":0,"comment_status":"closed","ping_status":"closed","template":"","meta":{"inline_featured_image":false,"site-sidebar-layout":"no-sidebar","site-content-layout":"page-builder","ast-site-content-layout":"default","site-content-style":"default","site-sidebar-style":"default","ast-global-header-display":"","ast-banner-title-visibility":"","ast-main-header-display":"","ast-hfb-above-header-display":"","ast-hfb-below-header-display":"","ast-hfb-mobile-header-display":"","site-post-title":"disabled","ast-breadcrumbs-content":"","ast-featured-img":"disabled","footer-sml-layout":"","theme-transparent-header-meta":"","adv-header-id-meta":"","stick-header-meta":"","header-above-stick-meta":"","header-main-stick-meta":"","header-below-stick-meta":"","astra-migrate-meta-layouts":"default","ast-page-background-enabled":"default","ast-page-background-meta":{"desktop":{"background-color":"var(--ast-global-color-4)","background-image":"","background-repeat":"repeat","background-position":"center center","background-size":"auto","background-attachment":"scroll","background-type":"","background-media":"","overlay-type":"","overlay-color":"","overlay-opacity":"","overlay-gradient":""},"tablet":{"background-color":"","background-image":"","background-repeat":"repeat","background-position":"center center","background-size":"auto","background-attachment":"scroll","background-type":"","background-media":"","overlay-type":"","overlay-color":"","overlay-opacity":"","overlay-gradient":""},"mobile":{"background-color":"","background-image":"","background-repeat":"repeat","background-position":"center center","background-size":"auto","background-attachment":"scroll","background-type":"","background-media":"","overlay-type":"","overlay-color":"","overlay-opacity":"","overlay-gradient":""}},"ast-content-background-meta":{"desktop":{"background-color":"var(--ast-global-color-5)","background-image":"","background-repeat":"repeat","background-position":"center center","background-size":"auto","background-attachment":"scroll","background-type":"","background-media":"","overlay-type":"","overlay-color":"","overlay-opacity":"","overlay-gradient":""},"tablet":{"background-color":"var(--ast-global-color-5)","background-image":"","background-repeat":"repeat","background-position":"center center","background-size":"auto","background-attachment":"scroll","background-type":"","background-media":"","overlay-type":"","overlay-color":"","overlay-opacity":"","overlay-gradient":""},"mobile":{"background-color":"var(--ast-global-color-5)","background-image":"","background-repeat":"repeat","background-position":"center center","background-size":"auto","background-attachment":"scroll","background-type":"","background-media":"","overlay-type":"","overlay-color":"","overlay-opacity":"","overlay-gradient":""}},"footnotes":""},"class_list":["post-362","page","type-page","status-publish","hentry"],"_links":{"self":[{"href":"https:\/\/www2.unifap.br\/training\/wp-json\/wp\/v2\/pages\/362","targetHints":{"allow":["GET"]}}],"collection":[{"href":"https:\/\/www2.unifap.br\/training\/wp-json\/wp\/v2\/pages"}],"about":[{"href":"https:\/\/www2.unifap.br\/training\/wp-json\/wp\/v2\/types\/page"}],"author":[{"embeddable":true,"href":"https:\/\/www2.unifap.br\/training\/wp-json\/wp\/v2\/users\/3860"}],"replies":[{"embeddable":true,"href":"https:\/\/www2.unifap.br\/training\/wp-json\/wp\/v2\/comments?post=362"}],"version-history":[{"count":27,"href":"https:\/\/www2.unifap.br\/training\/wp-json\/wp\/v2\/pages\/362\/revisions"}],"predecessor-version":[{"id":669,"href":"https:\/\/www2.unifap.br\/training\/wp-json\/wp\/v2\/pages\/362\/revisions\/669"}],"wp:attachment":[{"href":"https:\/\/www2.unifap.br\/training\/wp-json\/wp\/v2\/media?parent=362"}],"curies":[{"name":"wp","href":"https:\/\/api.w.org\/{rel}","templated":true}]}}