{"id":361,"date":"2022-08-06T17:00:53","date_gmt":"2022-08-06T20:00:53","guid":{"rendered":"https:\/\/www2.unifap.br\/umap\/?page_id=361"},"modified":"2023-04-06T21:14:19","modified_gmt":"2023-04-07T00:14:19","slug":"sobre-nos","status":"publish","type":"page","link":"https:\/\/www2.unifap.br\/umap\/sobre-nos\/","title":{"rendered":"PROJETO"},"content":{"rendered":"<div id=\"comp-kyklczst\" class=\"_2Hij5 _3bcaz\" data-testid=\"richTextElement\">\n<h1 style=\"text-align: center\">PROJETO UMAP<\/h1>\n<h2 class=\"font_2\"><strong><span style=\"font-size: 16px\">1.&nbsp;&nbsp;&nbsp;&nbsp;APRESENTA\u00c7\u00c3O:&nbsp;<\/span><\/strong><\/h2>\n<\/div>\n<div id=\"WRchTxta\" class=\"_1Q9if _3bcaz\" data-testid=\"richTextElement\">\n<p class=\"font_8\">A <strong>Universidade da Maturidade do Amap\u00e1 \u2013 UMAP<\/strong> \u00e9 constitu\u00edda como <em>atividade extensionista<\/em> da <strong>Universidade Federal do Amap\u00e1 \u2013 UNIFAP<\/strong> a fim de ofertar \u00e0s pessoas com <em>idade igual ou acima de 60 (sessenta) anos<\/em>, ou seja, aquelas consideradas idosas mediante o Estatuto do Idoso <em>(Lei n\u00b0 10.741\/03)<\/em> e da Pol\u00edtica Nacional do Idoso <em>(Lei n\u00b0 8.842\/94)<\/em>, interessadas em participar de curso de natureza acad\u00eamica, mas considerado livre <em>(Lei n\u00b0 9.394\/96)<\/em>, que visa promover conhecimentos para atualizar e qualificar seus saberes de forma a permanecerem agentes atuantes na fam\u00edlia e na sociedade.<\/p>\n<p class=\"font_8\"><strong><span class=\"wixGuard\">\u200b<\/span>2.&nbsp;&nbsp;&nbsp;&nbsp;JUSTIFICATIVA:<\/strong><\/p>\n<p class=\"font_8\"><strong>A Universidade Federal do Amap\u00e1 \u2013 UNIFAP<\/strong>, atrav\u00e9s da <strong>Pr\u00f3-Reitoria de Extens\u00e3o e A\u00e7\u00f5es Comunit\u00e1rias \u2013 PROEAC<\/strong> e seus colaboradores institui a&nbsp;<strong>Universidade da Maturidade do Amap\u00e1<\/strong>, sigla&nbsp;UMAP, na denomina\u00e7\u00e3o universidade aberta, oferecendo <em>curso livre espec\u00edfico<\/em>, na modalidade projeto de extens\u00e3o, amparada na legisla\u00e7\u00e3o em vigor, em destaque:<\/p>\n<p class=\"font_8\"><span class=\"wixGuard\">\u200b<\/span>A <strong>Lei de&nbsp;Diretrizes e Bases da Educa\u00e7\u00e3o, 9.394\/1996<\/strong>, Art. 44, Inciso IV, que rege<em> \u201cA educa\u00e7\u00e3o superior abrange, entre outros, os cursos de extens\u00e3o, abertos a candidatos que atendam aos requisitos estabelecidos em cada caso pelas institui\u00e7\u00f5es de ensino\u201d<\/em>,&nbsp;em conjunto com o inciso VII \u2013<em> \u201cpromover a extens\u00e3o, aberta \u00e0 participa\u00e7\u00e3o da popula\u00e7\u00e3o, visando \u00e0 difus\u00e3o das conquistas e benef\u00edcios resultantes da cria\u00e7\u00e3o cultural e da pesquisa cient\u00edfica e tecnol\u00f3gica geradas na institui\u00e7\u00e3o\u201d.<\/em><\/p>\n<p class=\"font_8\"><span class=\"wixGuard\">\u200b<\/span>Neste sentido, internamente, a UNIFAP regulamenta atrav\u00e9s de seu Conselho Universit\u00e1rio a modalidade de curso livre de extens\u00e3o, Resolu\u00e7\u00e3o N. 009\/2006\/CONSU\/UNIFAP, com direito a certificado registrado na institui\u00e7\u00e3o da Universidade da Maturidade do Amap\u00e1, modalidade universidade aberta.<\/p>\n<p class=\"font_8\"><span class=\"wixGuard\">\u200b<\/span>A <strong>Lei da&nbsp;Pol\u00edtica Nacional do Idoso, 8.842\/1994<\/strong>, dispondo sobre a&nbsp;defini\u00e7\u00e3o de idoso, em seu art. 2\u00ba&nbsp;\u201cConsidera-se idoso, para os efeitos desta lei, a pessoa maior de sessenta anos de idade\u201d.&nbsp;Quanto a compet\u00eancia para criar a Universidade da Maturidade do Amap\u00e1, a UNIFAP ampara-se no Estatuto do Idoso (vide abaixo) e na lei em ep\u00edgrafe, art. 10.&nbsp;\u201cNa implementa\u00e7\u00e3o da pol\u00edtica nacional do idoso, s\u00e3o compet\u00eancias dos \u00f3rg\u00e3os e entidades p\u00fablicos:<\/p>\n<p class=\"font_8\"><span class=\"wixGuard\">\u200b<\/span>(\u2026)<\/p>\n<p class=\"font_8\"><span class=\"wixGuard\">\u200b<\/span>III \u2013 na \u00e1rea de educa\u00e7\u00e3o:<\/p>\n<p class=\"font_8\"><span class=\"wixGuard\">\u200b<\/span>(\u2026)<\/p>\n<p class=\"font_8\"><span class=\"wixGuard\">\u200b<\/span>f) apoiar a cria\u00e7\u00e3o de universidade aberta para a terceira idade, como meio de universalizar o acesso \u00e0 diferentes formas do saber;\u201d<\/p>\n<p class=\"font_8\"><span class=\"wixGuard\">\u200b<\/span>O&nbsp;<strong>Estatuto do Idoso, Lei n\u00ba 10.741\/2003<\/strong>, define o direito \u00e0 educa\u00e7\u00e3o espec\u00edfica, proferindo no art. 20, que <em>\u201cO idoso tem direito a educa\u00e7\u00e3o, cultura, esporte, lazer, divers\u00f5es, espet\u00e1culos, produtos e servi\u00e7os que respeitem sua peculiar condi\u00e7\u00e3o de idade\u201d<\/em>.&nbsp;E, o art. 2 define a cria\u00e7\u00e3o do ambiente espec\u00edfico nas universidades e a adequa\u00e7\u00e3o das disciplinas, quando proclama<em>&nbsp;\u201cO Poder P\u00fablico criar\u00e1 oportunidades de acesso do idoso \u00e0 educa\u00e7\u00e3o, adequando curr\u00edculos, metodologias e material did\u00e1tico aos programas educacionais a ele destinados\u201d<\/em>.&nbsp;Define tamb\u00e9m o conte\u00fado m\u00ednimo das disciplinas a serem ofertadas:<\/p>\n<p class=\"font_8\"><span class=\"wixGuard\">\u200b<\/span>\u00a7 1\u00ba.&nbsp; \u201cOs cursos especiais para idosos incluir\u00e3o conte\u00fado relativo \u00e0s t\u00e9cnicas de comunica\u00e7\u00e3o, computa\u00e7\u00e3o e demais avan\u00e7os tecnol\u00f3gicos, para sua integra\u00e7\u00e3o \u00e0 vida moderna\u201d.<\/p>\n<p class=\"font_8\"><span class=\"wixGuard\">\u200b<\/span>(\u2026)<\/p>\n<p class=\"font_8\"><span class=\"wixGuard\">\u200b<\/span>Art. 25. <em>\u201cO Poder P\u00fablico apoiar\u00e1 a cria\u00e7\u00e3o de universidade aberta para as pessoas idosas e incentivar\u00e1 a publica\u00e7\u00e3o de livros e peri\u00f3dicos, de conte\u00fado e padr\u00e3o editorial adequados ao idoso, que facilitem a leitura, considerada a natural redu\u00e7\u00e3o da capacidade visual\u201d<\/em>.<\/p>\n<p class=\"font_8\"><strong><span class=\"wixGuard\">\u200b<\/span>3.&nbsp;&nbsp;&nbsp;&nbsp;OBJETIVO&nbsp;GERAL<\/strong><\/p>\n<ul class=\"font_8\">\n<li>\n<p class=\"font_8\">Oferecer uma educa\u00e7\u00e3o permanente ao idoso, propiciando a continuidade do seu desenvolvimento pessoal, social e pol\u00edtico, por meio da a\u00e7\u00e3o educativa, de sa\u00fade e integra\u00e7\u00e3o na vida acad\u00eamica.<\/p>\n<\/li>\n<\/ul>\n<p class=\"font_8\"><strong><span class=\"wixGuard\">\u200b<\/span>4.&nbsp;&nbsp;&nbsp;&nbsp;OBJETIVOS ESPEC\u00cdFICOS<\/strong><\/p>\n<ul class=\"font_8\">\n<li>\n<p class=\"font_8\">Propiciar ao indiv\u00edduo com idade igual ao superior a 60 anos uma forma de bem utilizar, criativa e produtivamente seu tempo livre;<\/p>\n<\/li>\n<li>\n<p class=\"font_8\">Organizar e estimular a participa\u00e7\u00e3o do idoso em atividades que propiciem crescimento intelectual e de resgate cultural local e regional;<\/p>\n<\/li>\n<\/ul>\n<ul class=\"font_8\">\n<li>\n<p class=\"font_8\">Propiciar aquisi\u00e7\u00e3o e atualiza\u00e7\u00e3o de conhecimentos, levando ao desenvolvimento de potencialidades, interesses, transforma\u00e7\u00e3o pessoal e social.<\/p>\n<\/li>\n<li>\n<p class=\"font_8\">Consolidar o compromisso da UNIFAP de inclus\u00e3o, participa\u00e7\u00e3o social e&nbsp; pol\u00edtica das pessoas idosas;<\/p>\n<\/li>\n<li>\n<p class=\"font_8\">Difundir bem-estar ao viver das pessoas idosas;<\/p>\n<\/li>\n<\/ul>\n<p class=\"font_8\"><strong><span class=\"wixGuard\">\u200b<\/span>5.&nbsp;&nbsp;&nbsp;&nbsp;P\u00daBLICO-ALVO&nbsp;<\/strong><\/p>\n<p class=\"font_8\">A UMAP objetiva a inclus\u00e3o de pessoas com idade igual ou acima de 60 (sessenta) anos. O curso pretende renovar perspectiva de atua\u00e7\u00e3o dessas pessoas&nbsp; na sociedade propiciando a elas melhor qualidade de vida.<\/p>\n<p class=\"font_8\"><strong><span class=\"wixGuard\">\u200b<\/span>&nbsp;6.&nbsp;&nbsp;&nbsp;&nbsp;PROCESSO DE SELE\u00c7\u00c3O<\/strong><\/p>\n<p class=\"font_8\">Poder\u00e1 ser aluno do curso de extens\u00e3o denominado Universidade da Maturidade do Amap\u00e1 a pessoa com idade igual ou superior a 60 (sessenta) anos.<\/p>\n<p class=\"font_8\"><strong>7.&nbsp;&nbsp;&nbsp;&nbsp;OFERTA E FORMA DE OFERTA DO CURSO<\/strong><\/p>\n<p class=\"font_8\">S\u00e3o formadas 2 (duas) turmas com 50 (cinquenta)&nbsp;alunos em cada, totalizando a oferta de 100 (cem) vagas no Campus Marco Zero do Equador da UNIFAP.<\/p>\n<p class=\"font_8\">O projeto tem a dura\u00e7\u00e3o de 15 (quinze) meses, subdivididos em 03 (tr\u00eas) per\u00edodos consecutivos, com dois recessos de f\u00e9rias de um m\u00eas cada, nos quais ser\u00e3o ofertadas disciplinas e oficinas que visem inclus\u00e3o, qualifica\u00e7\u00e3o e aperfei\u00e7oamento do saber idoso, bem como pr\u00e1ticas para consci\u00eancia corporal, desenvolvimento pessoal e social.<\/p>\n<\/div>\n","protected":false},"excerpt":{"rendered":"<p>PROJETO UMAP 1.&nbsp;&nbsp;&nbsp;&nbsp;APRESENTA\u00c7\u00c3O:&nbsp; A Universidade da Maturidade do Amap\u00e1 \u2013 UMAP \u00e9 constitu\u00edda como atividade extensionista da Universidade Federal do Amap\u00e1 \u2013 UNIFAP a fim de ofertar \u00e0s pessoas com idade igual ou acima de 60 (sessenta) anos, ou seja, aquelas consideradas idosas mediante o Estatuto do Idoso (Lei n\u00b0 10.741\/03) e da Pol\u00edtica Nacional&#8230;<\/p>\n","protected":false},"author":3946,"featured_media":0,"parent":0,"menu_order":0,"comment_status":"closed","ping_status":"closed","template":"","meta":{"inline_featured_image":false,"site-sidebar-layout":"no-sidebar","site-content-layout":"content-boxed-container","ast-site-content-layout":"default","site-content-style":"default","site-sidebar-style":"default","ast-global-header-display":"","ast-banner-title-visibility":"","ast-main-header-display":"","ast-hfb-above-header-display":"","ast-hfb-below-header-display":"","ast-hfb-mobile-header-display":"","site-post-title":"disabled","ast-breadcrumbs-content":"","ast-featured-img":"","footer-sml-layout":"","theme-transparent-header-meta":"default","adv-header-id-meta":"","stick-header-meta":"","header-above-stick-meta":"","header-main-stick-meta":"","header-below-stick-meta":"","astra-migrate-meta-layouts":"default","ast-page-background-enabled":"default","ast-page-background-meta":{"desktop":{"background-color":"var(--ast-global-color-4)","background-image":"","background-repeat":"repeat","background-position":"center center","background-size":"auto","background-attachment":"scroll","background-type":"","background-media":"","overlay-type":"","overlay-color":"","overlay-opacity":"","overlay-gradient":""},"tablet":{"background-color":"","background-image":"","background-repeat":"repeat","background-position":"center center","background-size":"auto","background-attachment":"scroll","background-type":"","background-media":"","overlay-type":"","overlay-color":"","overlay-opacity":"","overlay-gradient":""},"mobile":{"background-color":"","background-image":"","background-repeat":"repeat","background-position":"center center","background-size":"auto","background-attachment":"scroll","background-type":"","background-media":"","overlay-type":"","overlay-color":"","overlay-opacity":"","overlay-gradient":""}},"ast-content-background-meta":{"desktop":{"background-color":"var(--ast-global-color-5)","background-image":"","background-repeat":"repeat","background-position":"center center","background-size":"auto","background-attachment":"scroll","background-type":"","background-media":"","overlay-type":"","overlay-color":"","overlay-opacity":"","overlay-gradient":""},"tablet":{"background-color":"var(--ast-global-color-5)","background-image":"","background-repeat":"repeat","background-position":"center center","background-size":"auto","background-attachment":"scroll","background-type":"","background-media":"","overlay-type":"","overlay-color":"","overlay-opacity":"","overlay-gradient":""},"mobile":{"background-color":"var(--ast-global-color-5)","background-image":"","background-repeat":"repeat","background-position":"center center","background-size":"auto","background-attachment":"scroll","background-type":"","background-media":"","overlay-type":"","overlay-color":"","overlay-opacity":"","overlay-gradient":""}},"ngg_post_thumbnail":0,"footnotes":""},"class_list":["post-361","page","type-page","status-publish","hentry"],"_links":{"self":[{"href":"https:\/\/www2.unifap.br\/umap\/wp-json\/wp\/v2\/pages\/361","targetHints":{"allow":["GET"]}}],"collection":[{"href":"https:\/\/www2.unifap.br\/umap\/wp-json\/wp\/v2\/pages"}],"about":[{"href":"https:\/\/www2.unifap.br\/umap\/wp-json\/wp\/v2\/types\/page"}],"author":[{"embeddable":true,"href":"https:\/\/www2.unifap.br\/umap\/wp-json\/wp\/v2\/users\/3946"}],"replies":[{"embeddable":true,"href":"https:\/\/www2.unifap.br\/umap\/wp-json\/wp\/v2\/comments?post=361"}],"version-history":[{"count":8,"href":"https:\/\/www2.unifap.br\/umap\/wp-json\/wp\/v2\/pages\/361\/revisions"}],"predecessor-version":[{"id":765,"href":"https:\/\/www2.unifap.br\/umap\/wp-json\/wp\/v2\/pages\/361\/revisions\/765"}],"wp:attachment":[{"href":"https:\/\/www2.unifap.br\/umap\/wp-json\/wp\/v2\/media?parent=361"}],"curies":[{"name":"wp","href":"https:\/\/api.w.org\/{rel}","templated":true}]}}