{"id":828,"date":"2023-04-21T21:21:06","date_gmt":"2023-04-22T00:21:06","guid":{"rendered":"https:\/\/www2.unifap.br\/umap\/?page_id=828"},"modified":"2023-04-21T21:24:42","modified_gmt":"2023-04-22T00:24:42","slug":"inscricoes","status":"publish","type":"page","link":"https:\/\/www2.unifap.br\/umap\/inscricoes\/","title":{"rendered":"INSCRI\u00c7\u00d5ES"},"content":{"rendered":"<h1 style=\"text-align: center\">INSCRI\u00c7\u00d5ES UMAP 2023<\/h1>\n<p style=\"text-align: center\"><a href=\"http:\/\/www2.unifap.br\/umap\/files\/2023\/04\/inscricao.png\"><img decoding=\"async\" src=\"http:\/\/www2.unifap.br\/umap\/files\/2023\/04\/inscricao.png\" alt=\"\" width=\"104\" height=\"104\"><\/a><\/p>\n<p style=\"text-align: center\"><strong>Acesse: <\/strong><\/p>\n<h2 style=\"text-align: center\"><a href=\"https:\/\/forms.gle\/CM7d2xJxoPpodQGdA\">FORMUL\u00c1RIO DE INSCRI\u00c7\u00c3O 2023<\/a><\/h2>\n","protected":false},"excerpt":{"rendered":"<p>INSCRI\u00c7\u00d5ES UMAP 2023 Acesse: FORMUL\u00c1RIO DE INSCRI\u00c7\u00c3O 2023<\/p>\n","protected":false},"author":3946,"featured_media":0,"parent":0,"menu_order":0,"comment_status":"closed","ping_status":"closed","template":"","meta":{"inline_featured_image":false,"site-sidebar-layout":"no-sidebar","site-content-layout":"boxed-container","ast-site-content-layout":"default","site-content-style":"default","site-sidebar-style":"default","ast-global-header-display":"","ast-banner-title-visibility":"","ast-main-header-display":"","ast-hfb-above-header-display":"","ast-hfb-below-header-display":"","ast-hfb-mobile-header-display":"","site-post-title":"disabled","ast-breadcrumbs-content":"","ast-featured-img":"disabled","footer-sml-layout":"","theme-transparent-header-meta":"default","adv-header-id-meta":"","stick-header-meta":"","header-above-stick-meta":"","header-main-stick-meta":"","header-below-stick-meta":"","astra-migrate-meta-layouts":"default","ast-page-background-enabled":"default","ast-page-background-meta":{"desktop":{"background-color":"var(--ast-global-color-4)","background-image":"","background-repeat":"repeat","background-position":"center center","background-size":"auto","background-attachment":"scroll","background-type":"","background-media":"","overlay-type":"","overlay-color":"","overlay-opacity":"","overlay-gradient":""},"tablet":{"background-color":"","background-image":"","background-repeat":"repeat","background-position":"center center","background-size":"auto","background-attachment":"scroll","background-type":"","background-media":"","overlay-type":"","overlay-color":"","overlay-opacity":"","overlay-gradient":""},"mobile":{"background-color":"","background-image":"","background-repeat":"repeat","background-position":"center center","background-size":"auto","background-attachment":"scroll","background-type":"","background-media":"","overlay-type":"","overlay-color":"","overlay-opacity":"","overlay-gradient":""}},"ast-content-background-meta":{"desktop":{"background-color":"var(--ast-global-color-5)","background-image":"","background-repeat":"repeat","background-position":"center center","background-size":"auto","background-attachment":"scroll","background-type":"","background-media":"","overlay-type":"","overlay-color":"","overlay-opacity":"","overlay-gradient":""},"tablet":{"background-color":"var(--ast-global-color-5)","background-image":"","background-repeat":"repeat","background-position":"center center","background-size":"auto","background-attachment":"scroll","background-type":"","background-media":"","overlay-type":"","overlay-color":"","overlay-opacity":"","overlay-gradient":""},"mobile":{"background-color":"var(--ast-global-color-5)","background-image":"","background-repeat":"repeat","background-position":"center center","background-size":"auto","background-attachment":"scroll","background-type":"","background-media":"","overlay-type":"","overlay-color":"","overlay-opacity":"","overlay-gradient":""}},"ngg_post_thumbnail":0,"footnotes":""},"class_list":["post-828","page","type-page","status-publish","hentry"],"_links":{"self":[{"href":"https:\/\/www2.unifap.br\/umap\/wp-json\/wp\/v2\/pages\/828","targetHints":{"allow":["GET"]}}],"collection":[{"href":"https:\/\/www2.unifap.br\/umap\/wp-json\/wp\/v2\/pages"}],"about":[{"href":"https:\/\/www2.unifap.br\/umap\/wp-json\/wp\/v2\/types\/page"}],"author":[{"embeddable":true,"href":"https:\/\/www2.unifap.br\/umap\/wp-json\/wp\/v2\/users\/3946"}],"replies":[{"embeddable":true,"href":"https:\/\/www2.unifap.br\/umap\/wp-json\/wp\/v2\/comments?post=828"}],"version-history":[{"count":5,"href":"https:\/\/www2.unifap.br\/umap\/wp-json\/wp\/v2\/pages\/828\/revisions"}],"predecessor-version":[{"id":837,"href":"https:\/\/www2.unifap.br\/umap\/wp-json\/wp\/v2\/pages\/828\/revisions\/837"}],"wp:attachment":[{"href":"https:\/\/www2.unifap.br\/umap\/wp-json\/wp\/v2\/media?parent=828"}],"curies":[{"name":"wp","href":"https:\/\/api.w.org\/{rel}","templated":true}]}}