{"id":2253,"date":"2022-11-23T00:27:58","date_gmt":"2022-11-23T00:27:58","guid":{"rendered":"https:\/\/www2.unifap.br\/unienem\/?page_id=2253"},"modified":"2023-05-21T13:13:44","modified_gmt":"2023-05-21T16:13:44","slug":"fovunifap","status":"publish","type":"page","link":"https:\/\/www2.unifap.br\/unienem\/fovunifap\/","title":{"rendered":"Cursos da UNIFAP"},"content":{"rendered":"\t\t<div data-elementor-type=\"wp-page\" data-elementor-id=\"2253\" class=\"elementor elementor-2253\">\n\t\t\t\t\t\t<section class=\"elementor-section elementor-top-section elementor-element elementor-element-f7abfb3 elementor-section-boxed elementor-section-height-default elementor-section-height-default\" data-id=\"f7abfb3\" data-element_type=\"section\" data-e-type=\"section\">\n\t\t\t\t\t\t<div class=\"elementor-container elementor-column-gap-default\">\n\t\t\t\t\t<div class=\"elementor-column elementor-col-100 elementor-top-column elementor-element elementor-element-a31bf57\" data-id=\"a31bf57\" data-element_type=\"column\" data-e-type=\"column\">\n\t\t\t<div class=\"elementor-widget-wrap elementor-element-populated\">\n\t\t\t\t\t\t<div class=\"elementor-element elementor-element-8eebdbc elementor-widget elementor-widget-spacer\" data-id=\"8eebdbc\" data-element_type=\"widget\" data-e-type=\"widget\" data-widget_type=\"spacer.default\">\n\t\t\t\t<div class=\"elementor-widget-container\">\n\t\t\t\t\t\t\t<div class=\"elementor-spacer\">\n\t\t\t<div class=\"elementor-spacer-inner\"><\/div>\n\t\t<\/div>\n\t\t\t\t\t\t<\/div>\n\t\t\t\t<\/div>\n\t\t\t\t\t<\/div>\n\t\t<\/div>\n\t\t\t\t\t<\/div>\n\t\t<\/section>\n\t\t\t\t<section class=\"elementor-section elementor-top-section elementor-element elementor-element-8412605 elementor-section-boxed elementor-section-height-default elementor-section-height-default\" data-id=\"8412605\" data-element_type=\"section\" data-e-type=\"section\">\n\t\t\t\t\t\t<div class=\"elementor-container elementor-column-gap-default\">\n\t\t\t\t\t<div class=\"elementor-column elementor-col-100 elementor-top-column elementor-element elementor-element-7ca4223\" data-id=\"7ca4223\" data-element_type=\"column\" data-e-type=\"column\">\n\t\t\t<div class=\"elementor-widget-wrap elementor-element-populated\">\n\t\t\t\t\t\t<div class=\"elementor-element elementor-element-d2016a3 elementor-widget elementor-widget-text-editor\" data-id=\"d2016a3\" data-element_type=\"widget\" data-e-type=\"widget\" data-widget_type=\"text-editor.default\">\n\t\t\t\t<div class=\"elementor-widget-container\">\n\t\t\t\t\t\t\t\t\t<p>Abaixo est\u00e3o as listas dos cursos, basta clicar e selecionar o curso para ter acesso as informa\u00e7\u00f5es, para fazer donwload, clicar no link e &#8220;fazer download do link&#8221;!<\/p>\t\t\t\t\t\t\t\t<\/div>\n\t\t\t\t<\/div>\n\t\t\t\t\t<\/div>\n\t\t<\/div>\n\t\t\t\t\t<\/div>\n\t\t<\/section>\n\t\t\t\t<section class=\"elementor-section elementor-top-section elementor-element elementor-element-67dd73e elementor-section-boxed elementor-section-height-default elementor-section-height-default\" data-id=\"67dd73e\" data-element_type=\"section\" data-e-type=\"section\">\n\t\t\t\t\t\t<div class=\"elementor-container elementor-column-gap-default\">\n\t\t\t\t\t<div class=\"elementor-column elementor-col-100 elementor-top-column elementor-element elementor-element-7affaf5c\" data-id=\"7affaf5c\" data-element_type=\"column\" data-e-type=\"column\">\n\t\t\t<div class=\"elementor-widget-wrap elementor-element-populated\">\n\t\t\t\t\t\t<div class=\"elementor-element elementor-element-3d5933ab elementor-widget elementor-widget-text-editor\" data-id=\"3d5933ab\" data-element_type=\"widget\" data-e-type=\"widget\" data-widget_type=\"text-editor.default\">\n\t\t\t\t<div class=\"elementor-widget-container\">\n\t\t\t\t\t\t\t\t\t<ul><li><span style=\"color: #000000\"><a style=\"color: #000000\" href=\"http:\/\/www2.unifap.br\/unienem\/files\/2022\/11\/29.-ARQUITETURA-E-URBANISMO-Bacharelado.pdf\">ARQUITETURA E URBANISMO &#8211; Bacharelado<\/a><\/span><\/li><li><span style=\"color: #000000\"><a style=\"color: #000000\" href=\"http:\/\/www2.unifap.br\/unienem\/files\/2022\/11\/01.-ARTES-VISUAIS-Licenciatura.pdf\">ARTES VISUAIS &#8211; Licenciatura<\/a><\/span><\/li><li><span style=\"color: #000000\">CI\u00caNCIAS AMBIENTAIS &#8211; Bacharelado<\/span><\/li><li><span style=\"color: #000000\"><a style=\"color: #000000\" href=\"http:\/\/www2.unifap.br\/unienem\/files\/2022\/11\/03.-CIENCIAS-BIOLOGICAS-Bacharelado.pdf\">CI\u00caNCIAS BIOL\u00d3GICAS &#8211; Bacharelado<\/a><\/span><\/li><li><span style=\"color: #000000\"><a style=\"color: #000000\" href=\"http:\/\/www2.unifap.br\/unienem\/files\/2022\/11\/04.-CIENCIAS-BIOLOGICAS-Licenciatura.pdf\">CI\u00caNCIAS BIOL\u00d3GICAS &#8211; Licenciatura<\/a><\/span><\/li><li><span style=\"color: #000000\"><a style=\"color: #000000\" href=\"http:\/\/www2.unifap.br\/unienem\/files\/2022\/11\/26.-CIENCIAS-DA-COMPUTACAO-Bacharelado.pdf\">CI\u00caNCIAS DA COMPUTA\u00c7\u00c3O &#8211; Bacharelado<\/a><\/span><\/li><li><span style=\"color: #000000\"><a style=\"color: #000000\" href=\"http:\/\/www2.unifap.br\/unienem\/files\/2022\/11\/05.-CIENCIAS-SOCIAIS-Bacharelado.pdf\">CI\u00caNCIAS SOCIAIS &#8211; Bacharelado<\/a><\/span><\/li><li><span style=\"color: #000000\"><a style=\"color: #000000\" href=\"http:\/\/www2.unifap.br\/unienem\/files\/2022\/11\/07.-DIREITO-Bacharelado.pdf\">DIREITO &#8211; Bacharelado<\/a><\/span><\/li><li><span style=\"color: #000000\"><a style=\"color: #000000\" href=\"http:\/\/www2.unifap.br\/unienem\/files\/2022\/11\/08.-EDUCACAO-FISICA-Licenciatura.pdf\">EDUCA\u00c7\u00c3O F\u00cdSICA &#8211; Licenciatura<\/a><\/span><\/li><li><span style=\"color: #000000\"><a style=\"color: #000000\" href=\"http:\/\/www2.unifap.br\/unienem\/files\/2022\/11\/34.-EDUCACAO-NO-CAMPO-MAZAGAO-\u2013-Bacharelado.pdf\">EDUCA\u00c7\u00c3O NO CAMPO &#8211; MAZAG\u00c3O \u2013 Bacharelado<\/a><\/span><\/li><li><span style=\"color: #000000\"><a style=\"color: #000000\" href=\"http:\/\/www2.unifap.br\/unienem\/files\/2022\/11\/09.-ENFERMAGEM-Bacharelado.pdf\">ENFERMAGEM &#8211; Bacharelado<\/a><\/span><\/li><li><span style=\"color: #000000\"><a style=\"color: #000000\" href=\"http:\/\/www2.unifap.br\/unienem\/files\/2022\/11\/25.-ENGEHARIA-CIVIL-Bacharelado.pdf\">ENGENHARIA CIVIL &#8211; Bacharelado<\/a><\/span><\/li><li><span style=\"color: #000000\"><a style=\"color: #000000\" href=\"http:\/\/www2.unifap.br\/unienem\/files\/2022\/11\/10.-ENGENHARIA-ELETRICA-Bacharelado.pdf\">ENGENHARIA EL\u00c9TRICA &#8211; Bacharelado<\/a><\/span><\/li><li><span style=\"color: #000000\"><a style=\"color: #000000\" href=\"http:\/\/www2.unifap.br\/unienem\/files\/2022\/11\/36.-ENGENHARIA-QUIMICA-\u2013-Bacharelado-UEAP.pdf\">ENGENHARIA QU\u00cdMICA \u2013 Bacharelado &#8211; UEAP<\/a><\/span><\/li><li><span style=\"color: #000000\"><a style=\"color: #000000\" href=\"http:\/\/www2.unifap.br\/unienem\/files\/2022\/11\/11.-FARMACIA-Bacharelado.pdf\">FARM\u00c1CIA &#8211; Bacharelado<\/a><\/span><\/li><li><span style=\"color: #000000\"><a style=\"color: #000000\" href=\"http:\/\/www2.unifap.br\/unienem\/files\/2022\/11\/33.-FILOSOFIA-SANTANA-Licenciatura.pdf\">FILOSOFIA &#8211; SANTANA &#8211; Licenciatura<\/a><\/span><\/li><li><span style=\"color: #000000\"><a style=\"color: #000000\" href=\"http:\/\/www2.unifap.br\/unienem\/files\/2022\/11\/12.-FISICA-Licenciatura.pdf\">F\u00cdSICA &#8211; Licenciatura<\/a><\/span><\/li><li><span style=\"color: #000000\"><a style=\"color: #000000\" href=\"http:\/\/www2.unifap.br\/unienem\/files\/2022\/11\/24.-FISIOTERAPIA-Bacharelado.pdf\">FISIOTERAPIA &#8211; Bacharelado<\/a><\/span><\/li><li><span style=\"color: #000000\"><a style=\"color: #000000\" href=\"http:\/\/www2.unifap.br\/unienem\/files\/2022\/11\/13.-GEOGRAFIA-Bacharelado.pdf\">GEOGRAFIA &#8211; Bacharelado<\/a><\/span><\/li><li><span style=\"color: #000000\"><a style=\"color: #000000\" href=\"http:\/\/www2.unifap.br\/unienem\/files\/2022\/11\/14.-GEOGRAFIA-Licenciatura.pdf\">GEOGRAFIA &#8211; Licenciatura<\/a><\/span><\/li><li><span style=\"color: #000000\"><a style=\"color: #000000\" href=\"http:\/\/www2.unifap.br\/unienem\/files\/2022\/11\/16.-HISTORIA-Licenciatura.pdf\">HIST\u00d3RIA &#8211; Licenciatura<\/a><\/span><\/li><li><span style=\"color: #000000\"><a style=\"color: #000000\" href=\"http:\/\/www2.unifap.br\/unienem\/files\/2022\/11\/17.-JORNALISMO-Bacharelado.pdf\">JORNALISMO &#8211; Bacharelado<\/a><\/span><\/li><li><span style=\"color: #000000\"><a style=\"color: #000000\" href=\"http:\/\/www2.unifap.br\/unienem\/files\/2022\/11\/18.-LETRAS-PORTUGUES-FRANCES-Licenciatura.pdf\">LETRAS PORTUGU\u00caS \/ FRANC\u00caS &#8211; Licenciatura<\/a><\/span><\/li><li><span style=\"color: #000000\"><a style=\"color: #000000\" href=\"http:\/\/www2.unifap.br\/unienem\/files\/2022\/11\/20.-MATEMATICA-Licenciatura.pdf\">MATEM\u00c1TICA &#8211; Licenciatura<\/a><\/span><\/li><li><span style=\"color: #000000\"><a style=\"color: #000000\" href=\"http:\/\/www2.unifap.br\/unienem\/files\/2022\/11\/21.-MEDICINA-Bacharelado.pdf\">MEDICINA &#8211; Bacharelado<\/a><\/span><\/li><li><span style=\"color: #000000\"><a style=\"color: #000000\" href=\"http:\/\/www2.unifap.br\/unienem\/files\/2022\/11\/22.-PEDAGOGIA-Licenciatura.pdf\">PEDAGOGIA &#8211; Licenciatura<\/a><\/span><\/li><li><span style=\"color: #000000\"><a style=\"color: #000000\" href=\"http:\/\/www2.unifap.br\/unienem\/files\/2022\/11\/30.-QUIMICA-Licenciatura.pdf\">QU\u00cdMICA &#8211; Licenciatura<\/a><\/span><\/li><li><span style=\"color: #000000\"><a style=\"color: #000000\" href=\"http:\/\/www2.unifap.br\/unienem\/files\/2022\/11\/35.-SECRETARIADO-EXECUTIVO-\u2013-Tecnologia-1.pdf\">SECRETARIADO EXECUTIVO \u2013 Tecnologia<\/a><\/span><\/li><li><span style=\"color: #000000\"><a style=\"color: #000000\" href=\"http:\/\/www2.unifap.br\/unienem\/files\/2022\/11\/06.-SOCIOLOGIA-Licenciatura.pdf\">SOCIOLOGIA &#8211; Licenciatura<\/a><\/span><\/li><li><span style=\"color: #000000\"><a style=\"color: #000000\" href=\"http:\/\/www2.unifap.br\/unienem\/files\/2022\/11\/28.-TEATRO-Licenciatura.pdf\">TEATRO &#8211; Licenciatura<\/a><\/span><\/li><\/ul>\t\t\t\t\t\t\t\t<\/div>\n\t\t\t\t<\/div>\n\t\t\t\t\t<\/div>\n\t\t<\/div>\n\t\t\t\t\t<\/div>\n\t\t<\/section>\n\t\t\t\t<section class=\"elementor-section elementor-top-section elementor-element elementor-element-bdf30b4 elementor-section-boxed elementor-section-height-default elementor-section-height-default\" data-id=\"bdf30b4\" data-element_type=\"section\" data-e-type=\"section\">\n\t\t\t\t\t\t<div class=\"elementor-container elementor-column-gap-default\">\n\t\t\t\t\t<div class=\"elementor-column elementor-col-100 elementor-top-column elementor-element elementor-element-6a8e590\" data-id=\"6a8e590\" data-element_type=\"column\" data-e-type=\"column\">\n\t\t\t<div class=\"elementor-widget-wrap elementor-element-populated\">\n\t\t\t\t\t\t<div class=\"elementor-element elementor-element-758c994 elementor-widget elementor-widget-spacer\" data-id=\"758c994\" data-element_type=\"widget\" data-e-type=\"widget\" data-widget_type=\"spacer.default\">\n\t\t\t\t<div class=\"elementor-widget-container\">\n\t\t\t\t\t\t\t<div class=\"elementor-spacer\">\n\t\t\t<div class=\"elementor-spacer-inner\"><\/div>\n\t\t<\/div>\n\t\t\t\t\t\t<\/div>\n\t\t\t\t<\/div>\n\t\t\t\t\t<\/div>\n\t\t<\/div>\n\t\t\t\t\t<\/div>\n\t\t<\/section>\n\t\t\t\t<\/div>\n\t\t","protected":false},"excerpt":{"rendered":"<p>Abaixo est\u00e3o as listas dos cursos, basta clicar e selecionar o curso para ter acesso as informa\u00e7\u00f5es, para fazer donwload, clicar no link e &#8220;fazer download do link&#8221;! ARQUITETURA E URBANISMO &#8211; Bacharelado ARTES VISUAIS &#8211; Licenciatura CI\u00caNCIAS AMBIENTAIS &#8211; Bacharelado CI\u00caNCIAS BIOL\u00d3GICAS &#8211; Bacharelado CI\u00caNCIAS BIOL\u00d3GICAS &#8211; Licenciatura CI\u00caNCIAS DA COMPUTA\u00c7\u00c3O &#8211; Bacharelado CI\u00caNCIAS&#8230;<\/p>\n","protected":false},"author":855,"featured_media":0,"parent":0,"menu_order":0,"comment_status":"closed","ping_status":"closed","template":"elementor_header_footer","meta":{"inline_featured_image":false,"ngg_post_thumbnail":0,"footnotes":""},"class_list":["post-2253","page","type-page","status-publish","hentry","entry"],"_links":{"self":[{"href":"https:\/\/www2.unifap.br\/unienem\/wp-json\/wp\/v2\/pages\/2253","targetHints":{"allow":["GET"]}}],"collection":[{"href":"https:\/\/www2.unifap.br\/unienem\/wp-json\/wp\/v2\/pages"}],"about":[{"href":"https:\/\/www2.unifap.br\/unienem\/wp-json\/wp\/v2\/types\/page"}],"author":[{"embeddable":true,"href":"https:\/\/www2.unifap.br\/unienem\/wp-json\/wp\/v2\/users\/855"}],"replies":[{"embeddable":true,"href":"https:\/\/www2.unifap.br\/unienem\/wp-json\/wp\/v2\/comments?post=2253"}],"version-history":[{"count":11,"href":"https:\/\/www2.unifap.br\/unienem\/wp-json\/wp\/v2\/pages\/2253\/revisions"}],"predecessor-version":[{"id":2531,"href":"https:\/\/www2.unifap.br\/unienem\/wp-json\/wp\/v2\/pages\/2253\/revisions\/2531"}],"wp:attachment":[{"href":"https:\/\/www2.unifap.br\/unienem\/wp-json\/wp\/v2\/media?parent=2253"}],"curies":[{"name":"wp","href":"https:\/\/api.w.org\/{rel}","templated":true}]}}