{"id":2591,"date":"2023-05-21T14:38:37","date_gmt":"2023-05-21T17:38:37","guid":{"rendered":"https:\/\/www2.unifap.br\/unienem\/?page_id=2591"},"modified":"2024-07-02T11:13:22","modified_gmt":"2024-07-02T14:13:22","slug":"coordenacao","status":"publish","type":"page","link":"https:\/\/www2.unifap.br\/unienem\/coordenacao\/","title":{"rendered":"Coordena\u00e7\u00e3o"},"content":{"rendered":"\t\t<div data-elementor-type=\"wp-page\" data-elementor-id=\"2591\" class=\"elementor elementor-2591\">\n\t\t\t\t\t\t<section class=\"elementor-section elementor-top-section elementor-element elementor-element-550245e elementor-section-boxed elementor-section-height-default elementor-section-height-default\" data-id=\"550245e\" data-element_type=\"section\" data-e-type=\"section\">\n\t\t\t\t\t\t<div class=\"elementor-container elementor-column-gap-default\">\n\t\t\t\t\t<div class=\"elementor-column elementor-col-100 elementor-top-column elementor-element elementor-element-dced479\" data-id=\"dced479\" data-element_type=\"column\" data-e-type=\"column\">\n\t\t\t<div class=\"elementor-widget-wrap elementor-element-populated\">\n\t\t\t\t\t\t<div class=\"elementor-element elementor-element-830770a elementor-widget elementor-widget-spacer\" data-id=\"830770a\" data-element_type=\"widget\" data-e-type=\"widget\" data-widget_type=\"spacer.default\">\n\t\t\t\t<div class=\"elementor-widget-container\">\n\t\t\t\t\t\t\t<div class=\"elementor-spacer\">\n\t\t\t<div class=\"elementor-spacer-inner\"><\/div>\n\t\t<\/div>\n\t\t\t\t\t\t<\/div>\n\t\t\t\t<\/div>\n\t\t\t\t\t<\/div>\n\t\t<\/div>\n\t\t\t\t\t<\/div>\n\t\t<\/section>\n\t\t\t\t<section class=\"elementor-section elementor-top-section elementor-element elementor-element-263e176 elementor-section-boxed elementor-section-height-default elementor-section-height-default\" data-id=\"263e176\" data-element_type=\"section\" data-e-type=\"section\">\n\t\t\t\t\t\t<div class=\"elementor-container elementor-column-gap-default\">\n\t\t\t\t\t<div class=\"elementor-column elementor-col-100 elementor-top-column elementor-element elementor-element-c261097\" data-id=\"c261097\" data-element_type=\"column\" data-e-type=\"column\">\n\t\t\t<div class=\"elementor-widget-wrap elementor-element-populated\">\n\t\t\t\t\t\t<div class=\"elementor-element elementor-element-cd9b505 elementor-widget elementor-widget-text-editor\" data-id=\"cd9b505\" data-element_type=\"widget\" data-e-type=\"widget\" data-widget_type=\"text-editor.default\">\n\t\t\t\t<div class=\"elementor-widget-container\">\n\t\t\t\t\t\t\t\t\t<p style=\"text-align: left\"><strong>Coordenador: <\/strong>Prof. Kelton Bel\u00e9m<\/p><p><strong>Hor\u00e1rio de Atendimento:<\/strong> 8h &#8211; 13h<\/p><p style=\"text-align: left\"><strong>Localiza\u00e7\u00e3o:<\/strong> Centro de Viv\u00eancias &#8211; Campus Marco Zero &#8211; UNIFAP<\/p><p style=\"text-align: left\"><strong>E-mail: <\/strong>unienem@unifap.br<\/p>\t\t\t\t\t\t\t\t<\/div>\n\t\t\t\t<\/div>\n\t\t\t\t\t<\/div>\n\t\t<\/div>\n\t\t\t\t\t<\/div>\n\t\t<\/section>\n\t\t\t\t<section class=\"elementor-section elementor-top-section elementor-element elementor-element-99282e8 elementor-section-boxed elementor-section-height-default elementor-section-height-default\" data-id=\"99282e8\" data-element_type=\"section\" data-e-type=\"section\">\n\t\t\t\t\t\t<div class=\"elementor-container elementor-column-gap-default\">\n\t\t\t\t\t<div class=\"elementor-column elementor-col-100 elementor-top-column elementor-element elementor-element-ed43ac7\" data-id=\"ed43ac7\" data-element_type=\"column\" data-e-type=\"column\">\n\t\t\t<div class=\"elementor-widget-wrap elementor-element-populated\">\n\t\t\t\t\t\t<section class=\"elementor-section elementor-inner-section elementor-element elementor-element-38ac7c9 elementor-section-boxed elementor-section-height-default elementor-section-height-default\" data-id=\"38ac7c9\" data-element_type=\"section\" data-e-type=\"section\">\n\t\t\t\t\t\t<div class=\"elementor-container elementor-column-gap-default\">\n\t\t\t\t\t<div class=\"elementor-column elementor-col-50 elementor-inner-column elementor-element elementor-element-b72c14c\" data-id=\"b72c14c\" data-element_type=\"column\" data-e-type=\"column\">\n\t\t\t<div class=\"elementor-widget-wrap elementor-element-populated\">\n\t\t\t\t\t\t<div class=\"elementor-element elementor-element-78f5abe elementor-position-left elementor-vertical-align-middle elementor-widget elementor-widget-image-box\" data-id=\"78f5abe\" data-element_type=\"widget\" data-e-type=\"widget\" data-widget_type=\"image-box.default\">\n\t\t\t\t<div class=\"elementor-widget-container\">\n\t\t\t\t\t<div class=\"elementor-image-box-wrapper\"><figure class=\"elementor-image-box-img\"><a href=\"https:\/\/sigaa.unifap.br\/sigaa\/public\/docente\/portal.jsf?siape=2580814\" tabindex=\"-1\"><img fetchpriority=\"high\" decoding=\"async\" width=\"1080\" height=\"1080\" src=\"https:\/\/www2.unifap.br\/unienem\/files\/2023\/05\/Kelton2.png\" class=\"attachment-full size-full wp-image-2582\" alt=\"\" srcset=\"https:\/\/www2.unifap.br\/unienem\/files\/2023\/05\/Kelton2.png 1080w, https:\/\/www2.unifap.br\/unienem\/files\/2023\/05\/Kelton2-300x300.png 300w, https:\/\/www2.unifap.br\/unienem\/files\/2023\/05\/Kelton2-1024x1024.png 1024w, https:\/\/www2.unifap.br\/unienem\/files\/2023\/05\/Kelton2-150x150.png 150w, https:\/\/www2.unifap.br\/unienem\/files\/2023\/05\/Kelton2-768x768.png 768w, https:\/\/www2.unifap.br\/unienem\/files\/2023\/05\/Kelton2-600x600.png 600w\" sizes=\"(max-width: 1080px) 100vw, 1080px\" \/><\/a><\/figure><div class=\"elementor-image-box-content\"><h3 class=\"elementor-image-box-title\"><a href=\"https:\/\/sigaa.unifap.br\/sigaa\/public\/docente\/portal.jsf?siape=2580814\">Kelton Bel\u00e9m<\/a><\/h3><p class=\"elementor-image-box-description\">Coordenador<\/p><\/div><\/div>\t\t\t\t<\/div>\n\t\t\t\t<\/div>\n\t\t\t\t\t<\/div>\n\t\t<\/div>\n\t\t\t\t<div class=\"elementor-column elementor-col-50 elementor-inner-column elementor-element elementor-element-693af14\" data-id=\"693af14\" data-element_type=\"column\" data-e-type=\"column\">\n\t\t\t<div class=\"elementor-widget-wrap elementor-element-populated\">\n\t\t\t\t\t\t<div class=\"elementor-element elementor-element-4cc54b6 elementor-position-left elementor-vertical-align-middle elementor-widget elementor-widget-image-box\" data-id=\"4cc54b6\" data-element_type=\"widget\" data-e-type=\"widget\" data-widget_type=\"image-box.default\">\n\t\t\t\t<div class=\"elementor-widget-container\">\n\t\t\t\t\t<div class=\"elementor-image-box-wrapper\"><figure class=\"elementor-image-box-img\"><a href=\"https:\/\/sigaa.unifap.br\/sigaa\/public\/docente\/portal.jsf?siape=2580814\" tabindex=\"-1\"><img decoding=\"async\" width=\"1127\" height=\"1127\" src=\"https:\/\/www2.unifap.br\/unienem\/files\/2024\/07\/fotor-2024070211721.png\" class=\"attachment-full size-full wp-image-2998\" alt=\"\" srcset=\"https:\/\/www2.unifap.br\/unienem\/files\/2024\/07\/fotor-2024070211721.png 1127w, https:\/\/www2.unifap.br\/unienem\/files\/2024\/07\/fotor-2024070211721-300x300.png 300w, https:\/\/www2.unifap.br\/unienem\/files\/2024\/07\/fotor-2024070211721-1024x1024.png 1024w, https:\/\/www2.unifap.br\/unienem\/files\/2024\/07\/fotor-2024070211721-150x150.png 150w, https:\/\/www2.unifap.br\/unienem\/files\/2024\/07\/fotor-2024070211721-768x768.png 768w, https:\/\/www2.unifap.br\/unienem\/files\/2024\/07\/fotor-2024070211721-600x600.png 600w\" sizes=\"(max-width: 1127px) 100vw, 1127px\" \/><\/a><\/figure><div class=\"elementor-image-box-content\"><h3 class=\"elementor-image-box-title\"><a href=\"https:\/\/sigaa.unifap.br\/sigaa\/public\/docente\/portal.jsf?siape=2580814\">Sirliane Viana<\/a><\/h3><p class=\"elementor-image-box-description\">vice-coordenadora<\/p><\/div><\/div>\t\t\t\t<\/div>\n\t\t\t\t<\/div>\n\t\t\t\t\t<\/div>\n\t\t<\/div>\n\t\t\t\t\t<\/div>\n\t\t<\/section>\n\t\t\t\t<section class=\"elementor-section elementor-inner-section elementor-element elementor-element-da0d95b elementor-section-boxed elementor-section-height-default elementor-section-height-default\" data-id=\"da0d95b\" data-element_type=\"section\" data-e-type=\"section\">\n\t\t\t\t\t\t<div class=\"elementor-container elementor-column-gap-default\">\n\t\t\t\t\t<div class=\"elementor-column elementor-col-50 elementor-inner-column elementor-element elementor-element-bafe9b9\" data-id=\"bafe9b9\" data-element_type=\"column\" data-e-type=\"column\">\n\t\t\t<div class=\"elementor-widget-wrap elementor-element-populated\">\n\t\t\t\t\t\t<div class=\"elementor-element elementor-element-22021c8 elementor-position-left elementor-vertical-align-middle elementor-widget elementor-widget-image-box\" data-id=\"22021c8\" data-element_type=\"widget\" data-e-type=\"widget\" data-widget_type=\"image-box.default\">\n\t\t\t\t<div class=\"elementor-widget-container\">\n\t\t\t\t\t<div class=\"elementor-image-box-wrapper\"><figure class=\"elementor-image-box-img\"><a href=\"https:\/\/sigaa.unifap.br\/sigaa\/public\/docente\/portal.jsf?siape=2580814\" tabindex=\"-1\"><img decoding=\"async\" width=\"1013\" height=\"1013\" src=\"https:\/\/www2.unifap.br\/unienem\/files\/2024\/07\/fotor-2024070211937.png\" class=\"attachment-full size-full wp-image-3000\" alt=\"\" srcset=\"https:\/\/www2.unifap.br\/unienem\/files\/2024\/07\/fotor-2024070211937.png 1013w, https:\/\/www2.unifap.br\/unienem\/files\/2024\/07\/fotor-2024070211937-300x300.png 300w, https:\/\/www2.unifap.br\/unienem\/files\/2024\/07\/fotor-2024070211937-150x150.png 150w, https:\/\/www2.unifap.br\/unienem\/files\/2024\/07\/fotor-2024070211937-768x768.png 768w, https:\/\/www2.unifap.br\/unienem\/files\/2024\/07\/fotor-2024070211937-600x600.png 600w\" sizes=\"(max-width: 1013px) 100vw, 1013px\" \/><\/a><\/figure><div class=\"elementor-image-box-content\"><h3 class=\"elementor-image-box-title\"><a href=\"https:\/\/sigaa.unifap.br\/sigaa\/public\/docente\/portal.jsf?siape=2580814\">Diana Regina<\/a><\/h3><p class=\"elementor-image-box-description\">Coord. pedag\u00f3gica<\/p><\/div><\/div>\t\t\t\t<\/div>\n\t\t\t\t<\/div>\n\t\t\t\t\t<\/div>\n\t\t<\/div>\n\t\t\t\t<div class=\"elementor-column elementor-col-50 elementor-inner-column elementor-element elementor-element-2e11916\" data-id=\"2e11916\" data-element_type=\"column\" data-e-type=\"column\">\n\t\t\t<div class=\"elementor-widget-wrap elementor-element-populated\">\n\t\t\t\t\t\t<div class=\"elementor-element elementor-element-d1a16fb elementor-position-left elementor-vertical-align-middle elementor-widget elementor-widget-image-box\" data-id=\"d1a16fb\" data-element_type=\"widget\" data-e-type=\"widget\" data-widget_type=\"image-box.default\">\n\t\t\t\t<div class=\"elementor-widget-container\">\n\t\t\t\t\t<div class=\"elementor-image-box-wrapper\"><figure class=\"elementor-image-box-img\"><a href=\"https:\/\/sigaa.unifap.br\/sigaa\/public\/docente\/portal.jsf?siape=2580814\" tabindex=\"-1\"><img loading=\"lazy\" decoding=\"async\" width=\"1180\" height=\"1180\" src=\"https:\/\/www2.unifap.br\/unienem\/files\/2024\/07\/fotor-20240702111236.png\" class=\"attachment-full size-full wp-image-3001\" alt=\"\" srcset=\"https:\/\/www2.unifap.br\/unienem\/files\/2024\/07\/fotor-20240702111236.png 1180w, https:\/\/www2.unifap.br\/unienem\/files\/2024\/07\/fotor-20240702111236-300x300.png 300w, https:\/\/www2.unifap.br\/unienem\/files\/2024\/07\/fotor-20240702111236-1024x1024.png 1024w, https:\/\/www2.unifap.br\/unienem\/files\/2024\/07\/fotor-20240702111236-150x150.png 150w, https:\/\/www2.unifap.br\/unienem\/files\/2024\/07\/fotor-20240702111236-768x768.png 768w, https:\/\/www2.unifap.br\/unienem\/files\/2024\/07\/fotor-20240702111236-600x600.png 600w\" sizes=\"(max-width: 1180px) 100vw, 1180px\" \/><\/a><\/figure><div class=\"elementor-image-box-content\"><h3 class=\"elementor-image-box-title\"><a href=\"https:\/\/sigaa.unifap.br\/sigaa\/public\/docente\/portal.jsf?siape=2580814\">M\u00aa Albuquerque<\/a><\/h3><p class=\"elementor-image-box-description\">Coord. pedag\u00f3gica<\/p><\/div><\/div>\t\t\t\t<\/div>\n\t\t\t\t<\/div>\n\t\t\t\t\t<\/div>\n\t\t<\/div>\n\t\t\t\t\t<\/div>\n\t\t<\/section>\n\t\t\t\t<section class=\"elementor-section elementor-inner-section elementor-element elementor-element-147abcd elementor-section-boxed elementor-section-height-default elementor-section-height-default\" data-id=\"147abcd\" data-element_type=\"section\" data-e-type=\"section\">\n\t\t\t\t\t\t<div class=\"elementor-container elementor-column-gap-default\">\n\t\t\t\t\t<div class=\"elementor-column elementor-col-50 elementor-inner-column elementor-element elementor-element-edaf95d\" data-id=\"edaf95d\" data-element_type=\"column\" data-e-type=\"column\">\n\t\t\t<div class=\"elementor-widget-wrap elementor-element-populated\">\n\t\t\t\t\t\t<div class=\"elementor-element elementor-element-deb5bba elementor-position-left elementor-vertical-align-middle elementor-widget elementor-widget-image-box\" data-id=\"deb5bba\" data-element_type=\"widget\" data-e-type=\"widget\" data-widget_type=\"image-box.default\">\n\t\t\t\t<div class=\"elementor-widget-container\">\n\t\t\t\t\t<div class=\"elementor-image-box-wrapper\"><figure class=\"elementor-image-box-img\"><a href=\"https:\/\/sigaa.unifap.br\/sigaa\/public\/docente\/portal.jsf?siape=2580814\" tabindex=\"-1\"><img loading=\"lazy\" decoding=\"async\" width=\"535\" height=\"535\" src=\"https:\/\/www2.unifap.br\/unienem\/files\/2024\/07\/WhatsApp-Image-2024-07-02-at-10.03.52-fotor-2024070210630.png\" class=\"attachment-full size-full wp-image-2989\" alt=\"\" srcset=\"https:\/\/www2.unifap.br\/unienem\/files\/2024\/07\/WhatsApp-Image-2024-07-02-at-10.03.52-fotor-2024070210630.png 535w, https:\/\/www2.unifap.br\/unienem\/files\/2024\/07\/WhatsApp-Image-2024-07-02-at-10.03.52-fotor-2024070210630-300x300.png 300w, https:\/\/www2.unifap.br\/unienem\/files\/2024\/07\/WhatsApp-Image-2024-07-02-at-10.03.52-fotor-2024070210630-150x150.png 150w\" sizes=\"(max-width: 535px) 100vw, 535px\" \/><\/a><\/figure><div class=\"elementor-image-box-content\"><h3 class=\"elementor-image-box-title\"><a href=\"https:\/\/sigaa.unifap.br\/sigaa\/public\/docente\/portal.jsf?siape=2580814\">Clayane Moraes<\/a><\/h3><p class=\"elementor-image-box-description\">Administrativo<\/p><\/div><\/div>\t\t\t\t<\/div>\n\t\t\t\t<\/div>\n\t\t\t\t\t<\/div>\n\t\t<\/div>\n\t\t\t\t<div class=\"elementor-column elementor-col-50 elementor-inner-column elementor-element elementor-element-27afa30\" data-id=\"27afa30\" data-element_type=\"column\" data-e-type=\"column\">\n\t\t\t<div class=\"elementor-widget-wrap elementor-element-populated\">\n\t\t\t\t\t\t<div class=\"elementor-element elementor-element-1421f73 elementor-position-left elementor-vertical-align-middle elementor-widget elementor-widget-image-box\" data-id=\"1421f73\" data-element_type=\"widget\" data-e-type=\"widget\" data-widget_type=\"image-box.default\">\n\t\t\t\t<div class=\"elementor-widget-container\">\n\t\t\t\t\t<div class=\"elementor-image-box-wrapper\"><figure class=\"elementor-image-box-img\"><img loading=\"lazy\" decoding=\"async\" width=\"1080\" height=\"1080\" src=\"https:\/\/www2.unifap.br\/unienem\/files\/2023\/05\/Manoeli-Chaves2.png\" class=\"attachment-full size-full wp-image-2587\" alt=\"\" srcset=\"https:\/\/www2.unifap.br\/unienem\/files\/2023\/05\/Manoeli-Chaves2.png 1080w, https:\/\/www2.unifap.br\/unienem\/files\/2023\/05\/Manoeli-Chaves2-300x300.png 300w, https:\/\/www2.unifap.br\/unienem\/files\/2023\/05\/Manoeli-Chaves2-1024x1024.png 1024w, https:\/\/www2.unifap.br\/unienem\/files\/2023\/05\/Manoeli-Chaves2-150x150.png 150w, https:\/\/www2.unifap.br\/unienem\/files\/2023\/05\/Manoeli-Chaves2-768x768.png 768w, https:\/\/www2.unifap.br\/unienem\/files\/2023\/05\/Manoeli-Chaves2-600x600.png 600w\" sizes=\"(max-width: 1080px) 100vw, 1080px\" \/><\/figure><div class=\"elementor-image-box-content\"><h3 class=\"elementor-image-box-title\">Manoeli Chaves<\/h3><p class=\"elementor-image-box-description\">Administrativo<\/p><\/div><\/div>\t\t\t\t<\/div>\n\t\t\t\t<\/div>\n\t\t\t\t\t<\/div>\n\t\t<\/div>\n\t\t\t\t\t<\/div>\n\t\t<\/section>\n\t\t\t\t<section class=\"elementor-section elementor-inner-section elementor-element elementor-element-893db8d elementor-section-boxed elementor-section-height-default elementor-section-height-default\" data-id=\"893db8d\" data-element_type=\"section\" data-e-type=\"section\">\n\t\t\t\t\t\t<div class=\"elementor-container elementor-column-gap-default\">\n\t\t\t\t\t<div class=\"elementor-column elementor-col-50 elementor-inner-column elementor-element elementor-element-001e1a2\" data-id=\"001e1a2\" data-element_type=\"column\" data-e-type=\"column\">\n\t\t\t<div class=\"elementor-widget-wrap elementor-element-populated\">\n\t\t\t\t\t\t<div class=\"elementor-element elementor-element-ab204fb elementor-position-left elementor-vertical-align-middle elementor-widget elementor-widget-image-box\" data-id=\"ab204fb\" data-element_type=\"widget\" data-e-type=\"widget\" data-widget_type=\"image-box.default\">\n\t\t\t\t<div class=\"elementor-widget-container\">\n\t\t\t\t\t<div class=\"elementor-image-box-wrapper\"><figure class=\"elementor-image-box-img\"><img loading=\"lazy\" decoding=\"async\" width=\"712\" height=\"712\" src=\"https:\/\/www2.unifap.br\/unienem\/files\/2024\/07\/Andria-Coord.png\" class=\"attachment-full size-full wp-image-2990\" alt=\"\" srcset=\"https:\/\/www2.unifap.br\/unienem\/files\/2024\/07\/Andria-Coord.png 712w, https:\/\/www2.unifap.br\/unienem\/files\/2024\/07\/Andria-Coord-300x300.png 300w, https:\/\/www2.unifap.br\/unienem\/files\/2024\/07\/Andria-Coord-150x150.png 150w, https:\/\/www2.unifap.br\/unienem\/files\/2024\/07\/Andria-Coord-600x600.png 600w\" sizes=\"(max-width: 712px) 100vw, 712px\" \/><\/figure><div class=\"elementor-image-box-content\"><h3 class=\"elementor-image-box-title\">Andria K\u00e9zia<\/h3><p class=\"elementor-image-box-description\">Administrativo<\/p><\/div><\/div>\t\t\t\t<\/div>\n\t\t\t\t<\/div>\n\t\t\t\t\t<\/div>\n\t\t<\/div>\n\t\t\t\t<div class=\"elementor-column elementor-col-50 elementor-inner-column elementor-element elementor-element-618b98e\" data-id=\"618b98e\" data-element_type=\"column\" data-e-type=\"column\">\n\t\t\t<div class=\"elementor-widget-wrap\">\n\t\t\t\t\t\t\t<\/div>\n\t\t<\/div>\n\t\t\t\t\t<\/div>\n\t\t<\/section>\n\t\t\t\t\t<\/div>\n\t\t<\/div>\n\t\t\t\t\t<\/div>\n\t\t<\/section>\n\t\t\t\t<section class=\"elementor-section elementor-top-section elementor-element elementor-element-95b0c83 elementor-section-boxed elementor-section-height-default elementor-section-height-default\" data-id=\"95b0c83\" data-element_type=\"section\" data-e-type=\"section\">\n\t\t\t\t\t\t<div class=\"elementor-container elementor-column-gap-default\">\n\t\t\t\t\t<div class=\"elementor-column elementor-col-100 elementor-top-column elementor-element elementor-element-c7ce3a3\" data-id=\"c7ce3a3\" data-element_type=\"column\" data-e-type=\"column\">\n\t\t\t<div class=\"elementor-widget-wrap elementor-element-populated\">\n\t\t\t\t\t\t<div class=\"elementor-element elementor-element-9cb3139 elementor-widget elementor-widget-spacer\" data-id=\"9cb3139\" data-element_type=\"widget\" data-e-type=\"widget\" data-widget_type=\"spacer.default\">\n\t\t\t\t<div class=\"elementor-widget-container\">\n\t\t\t\t\t\t\t<div class=\"elementor-spacer\">\n\t\t\t<div class=\"elementor-spacer-inner\"><\/div>\n\t\t<\/div>\n\t\t\t\t\t\t<\/div>\n\t\t\t\t<\/div>\n\t\t\t\t\t<\/div>\n\t\t<\/div>\n\t\t\t\t\t<\/div>\n\t\t<\/section>\n\t\t\t\t<section class=\"elementor-section elementor-top-section elementor-element elementor-element-6ac8f0b elementor-section-boxed elementor-section-height-default elementor-section-height-default\" data-id=\"6ac8f0b\" data-element_type=\"section\" data-e-type=\"section\">\n\t\t\t\t\t\t<div class=\"elementor-container elementor-column-gap-default\">\n\t\t\t\t\t<div class=\"elementor-column elementor-col-100 elementor-top-column elementor-element elementor-element-6547e92\" data-id=\"6547e92\" data-element_type=\"column\" data-e-type=\"column\">\n\t\t\t<div class=\"elementor-widget-wrap\">\n\t\t\t\t\t\t\t<\/div>\n\t\t<\/div>\n\t\t\t\t\t<\/div>\n\t\t<\/section>\n\t\t\t\t<\/div>\n\t\t","protected":false},"excerpt":{"rendered":"<p>Coordenador: Prof. Kelton Bel\u00e9m Hor\u00e1rio de Atendimento: 8h &#8211; 13h Localiza\u00e7\u00e3o: Centro de Viv\u00eancias &#8211; Campus Marco Zero &#8211; UNIFAP E-mail: unienem@unifap.br Kelton Bel\u00e9m Coordenador Sirliane Viana vice-coordenadora Diana Regina Coord. pedag\u00f3gica M\u00aa Albuquerque Coord. pedag\u00f3gica Clayane Moraes Administrativo Manoeli Chaves Administrativo Andria K\u00e9zia Administrativo<\/p>\n","protected":false},"author":855,"featured_media":0,"parent":0,"menu_order":0,"comment_status":"closed","ping_status":"closed","template":"","meta":{"inline_featured_image":false,"ngg_post_thumbnail":0,"footnotes":""},"class_list":["post-2591","page","type-page","status-publish","hentry","entry"],"_links":{"self":[{"href":"https:\/\/www2.unifap.br\/unienem\/wp-json\/wp\/v2\/pages\/2591","targetHints":{"allow":["GET"]}}],"collection":[{"href":"https:\/\/www2.unifap.br\/unienem\/wp-json\/wp\/v2\/pages"}],"about":[{"href":"https:\/\/www2.unifap.br\/unienem\/wp-json\/wp\/v2\/types\/page"}],"author":[{"embeddable":true,"href":"https:\/\/www2.unifap.br\/unienem\/wp-json\/wp\/v2\/users\/855"}],"replies":[{"embeddable":true,"href":"https:\/\/www2.unifap.br\/unienem\/wp-json\/wp\/v2\/comments?post=2591"}],"version-history":[{"count":16,"href":"https:\/\/www2.unifap.br\/unienem\/wp-json\/wp\/v2\/pages\/2591\/revisions"}],"predecessor-version":[{"id":3004,"href":"https:\/\/www2.unifap.br\/unienem\/wp-json\/wp\/v2\/pages\/2591\/revisions\/3004"}],"wp:attachment":[{"href":"https:\/\/www2.unifap.br\/unienem\/wp-json\/wp\/v2\/media?parent=2591"}],"curies":[{"name":"wp","href":"https:\/\/api.w.org\/{rel}","templated":true}]}}